{"id":20591,"date":"2022-01-06T08:33:59","date_gmt":"2022-01-06T07:33:59","guid":{"rendered":"https:\/\/www.schachklub-bad-homburg.de\/?page_id=20591"},"modified":"2022-01-09T10:44:39","modified_gmt":"2022-01-09T09:44:39","slug":"chess960-meisterschaft-2022-ausschreibung","status":"publish","type":"page","link":"https:\/\/www.schachklub-bad-homburg.de\/?page_id=20591","title":{"rendered":"960-Schnellschach-Meisterschaft 2022"},"content":{"rendered":"\n<p><a href=\"https:\/\/www.schachklub-bad-homburg.de\/?page_id=20591\">Ausschreibung<\/a> <a href=\"https:\/\/www.schachklub-bad-homburg.de\/?page_id=20600\">Teilnehmer (alphabetisch)<\/a> <a href=\"https:\/\/www.schachklub-bad-homburg.de\/?page_id=20604\">Teilnehmer (DWZ)<\/a> <a href=\"https:\/\/www.schachklub-bad-homburg.de\/?page_id=20607\">Tabelle<\/a> <a href=\"https:\/\/www.schachklub-bad-homburg.de\/?page_id=30642\">Historie<\/a><\/p>\n\n\n\n<h3>Ausschreibung<\/h3>\n<table>\n  <tbody>\n    <tr>\n      <th style=\"vertical-align:top;\">Kurzinfo<\/th>\n      \n      <td>Offenes 960-Schnell-Schachturnier. Es wird je Runde mit neuer Aufstellung gespielt. Je nach Beteiligung <b>Rundenturnier oder Schweizer System<\/b>.\n       <\/td>\n    <\/tr>\n    <tr>\n      <th style=\"vertical-align:top;\">Bedenkzeit<\/th>\n      \n      <td>Die Bedenkzeit betr\u00e4gt <b>10 Minuten zuz\u00fcglich 10 Sekunden je Zug (Fischer)<\/b>. Im Falle eines zurecht reklamierten regelwidrigen Zuges gibt es - im Gegensatz zu der unpraktikablen FIDE-Regel - keine Zeitgutschrift, sondern den vollen Punkt.\n\t<\/td>\n    <\/tr>\n    <tr>\n      <th style=\"vertical-align:top;\">Turniermodus<\/th>\n      \n      <td>Bei bis zu <b>8<\/b> Teilnehmern <b>Rundenturnier<\/b>, ab <b>9<\/b> Teilnehmern <b>6<\/b> Runden <b>Schweizer System<\/b> mit Zweitwertung Buchholz und Drittwertung Sonneborn-Berger. In jeder Runde wird mit <b>neu ausgeloster<\/b> Figurenstellung gespielt. Das Turnier wird an einem Abend ausgetragen.\n\t<\/td>\n    <\/tr>\n    <tr>\n      <th style=\"vertical-align:top;\">Spielbeginn, Meldeschluss<\/th>\n      \n      <td>Turnierbeginn ist am <b>18.02.2022<\/b> im Vereinshaus Gonzenheim <b>p\u00fcnktlich um 20:15 Uhr<\/b>, Meldeschluss ist um <b>20:00<\/b>.\n\t<\/td>\n    <\/tr>\n    <tr>\n      <th style=\"vertical-align:top;\">Teilnehmer<\/th>\n      \n      <td>Das Turnier ist offen f\u00fcr alle Schachspieler.\n<font color=\"red\">Die Einhaltung der auf der Homepage des Vereins und im Klubraum bekannt gegebenen Hygiene-Regeln ist Voraussetzung f\u00fcr die Teilnahme. Bei Verst\u00f6\u00dfen kann die Turnierleitung einen Ausschluss verh\u00e4ngen!<\/font>\n\t<\/td>\n    <\/tr>\n    <tr>\n      <th style=\"vertical-align:top;\">Preise<\/th>\n      \n      <td>Die ersten Drei erhalten bei der Mitgliederversammlung des Folgejahres eine <b>Urkunde<\/b>. \n      <\/td>\n    <\/tr>\n    <tr>\n      <th style=\"vertical-align:top;\">Startgelder<\/th>\n      \n      <td>Es wird kein Startgeld erhoben.\n\t<\/td>\n    <\/tr>\n    <tr>\n      <th style=\"vertical-align:top;\">Info-Dienst<\/th>\n\n      <td>\u00dcber dieses Turnier wird aktuell im Internet und per Aushang berichtet. Alle das Turnier betreffende Informationen werden ausschlie\u00dflich so ver\u00f6ffentlicht.\n\t<\/td>\n    <\/tr>\n    <tr>\n      <th style=\"vertical-align:top;\">Veranstalter<\/th>\n      \n      <td>Der <a href=\"https:\/\/www.schachklub-bad-homburg.de\/\">Schachklub Bad Homburg<\/a> ist der Veranstalter dieses Turniers.\n\t<\/td>\n    <\/tr>\n    <tr>\n      <th style=\"vertical-align:top;\">Fragen?<\/th>\n      \n      <td>Eine email an den <a href=\"mailto:Turnierleiter@schachklub-bad-homburg.de\">Organisator<\/a>  wird kurzfristig beantwortet.\n\t<\/td>\n    <\/tr>\n  <\/tbody>\n<\/table>\n","protected":false},"excerpt":{"rendered":"<p>Ausschreibung Teilnehmer (alphabetisch) Teilnehmer (DWZ) Tabelle Historie Ausschreibung Kurzinfo Offenes 960-Schnell-Schachturnier. Es wird je Runde mit neuer Aufstellung gespielt. Je nach Beteiligung Rundenturnier oder Schweizer System. Bedenkzeit Die Bedenkzeit betr\u00e4gt 10 Minuten zuz\u00fcglich 10 Sekunden je Zug (Fischer). Im Falle eines zurecht reklamierten regelwidrigen Zuges gibt es - im Gegensatz zu der unpraktikablen FIDE-Regel - <a href=\"https:\/\/www.schachklub-bad-homburg.de\/?page_id=20591\" class=\"more-link\">...weiterlesen<span class=\"screen-reader-text\"> \"960-Schnellschach-Meisterschaft 2022\"<\/span><\/a><\/p>\n","protected":false},"author":10,"featured_media":0,"parent":20607,"menu_order":0,"comment_status":"closed","ping_status":"closed","template":"","meta":{"footnotes":""},"class_list":["post-20591","page","type-page","status-publish","h-entry","hentry","h-as-page"],"_links":{"self":[{"href":"https:\/\/www.schachklub-bad-homburg.de\/index.php?rest_route=\/wp\/v2\/pages\/20591","targetHints":{"allow":["GET"]}}],"collection":[{"href":"https:\/\/www.schachklub-bad-homburg.de\/index.php?rest_route=\/wp\/v2\/pages"}],"about":[{"href":"https:\/\/www.schachklub-bad-homburg.de\/index.php?rest_route=\/wp\/v2\/types\/page"}],"author":[{"embeddable":true,"href":"https:\/\/www.schachklub-bad-homburg.de\/index.php?rest_route=\/wp\/v2\/users\/10"}],"replies":[{"embeddable":true,"href":"https:\/\/www.schachklub-bad-homburg.de\/index.php?rest_route=%2Fwp%2Fv2%2Fcomments&post=20591"}],"version-history":[{"count":7,"href":"https:\/\/www.schachklub-bad-homburg.de\/index.php?rest_route=\/wp\/v2\/pages\/20591\/revisions"}],"predecessor-version":[{"id":20610,"href":"https:\/\/www.schachklub-bad-homburg.de\/index.php?rest_route=\/wp\/v2\/pages\/20591\/revisions\/20610"}],"up":[{"embeddable":true,"href":"https:\/\/www.schachklub-bad-homburg.de\/index.php?rest_route=\/wp\/v2\/pages\/20607"}],"wp:attachment":[{"href":"https:\/\/www.schachklub-bad-homburg.de\/index.php?rest_route=%2Fwp%2Fv2%2Fmedia&parent=20591"}],"curies":[{"name":"wp","href":"https:\/\/api.w.org\/{rel}","templated":true}]}}