{"id":20062,"date":"2021-10-24T19:00:49","date_gmt":"2021-10-24T17:00:49","guid":{"rendered":"https:\/\/www.schachklub-bad-homburg.de\/?page_id=20062"},"modified":"2021-12-11T11:07:24","modified_gmt":"2021-12-11T10:07:24","slug":"jugend-meisterschaft-2021-tabelle","status":"publish","type":"page","link":"https:\/\/www.schachklub-bad-homburg.de\/?page_id=20062","title":{"rendered":"Jugend-Vereinsmeisterschaft 2021, Tabelle"},"content":{"rendered":"\r\n<p><a href=\"http:\/\/www.schachklub-bad-homburg.de?p=20038\">Ausschreibung<\/a> <a href=\"http:\/\/www.schachklub-bad-homburg.de?p=20062\">Tabelle<\/a> <a href=\"http:\/\/www.schachklub-bad-homburg.de?p=20216\">Paarungen<\/a> <a href=\"http:\/\/www.schachklub-bad-homburg.de?p=30642\">Historie<\/a><\/p>\r\n\r\n\r\n<h6>Fortschrittstabelle:&nbsp;Endstand nach Runde 6<\/h6>\r\n\r\n<table border=\"2\" cellpadding=\"2\" cellspacing=\"2\">\r\n<tbody>\r\n\r\n\r\n<tr bgcolor=\"#E0E0F8\">\r\n<th style=\"text-align: right;\">Nr.<\/th>\r\n<th style=\"text-align: left;\">Teilnehmer<\/th>\r\n<th style=\"text-align: right;\">TWZ<\/th>\r\n<th style=\"text-align: center;\">1<\/th>\r\n<th style=\"text-align: center;\">2<\/th>\r\n<th style=\"text-align: center;\">3<\/th>\r\n<th style=\"text-align: center;\">4<\/th>\r\n<th style=\"text-align: center;\">5<\/th>\r\n<th style=\"text-align: center;\">6<\/th>\r\n<th style=\"text-align: right;\">Keizer<\/th>\r\n<th style=\"text-align: right;\">Punkte<\/th>\r\n<th style=\"text-align: right;\">Buchh<\/th>\r\n<\/tr>\r\n\r\n<tr>\r\n<td style=\"padding-right: 1px; font-weight: bold; text-align: right;\">1.<\/td>\r\n<td style=\"font-weight: bold; text-align: left;\">Mandalka,Justus<\/td>\r\n<td style=\"padding-right: 1px; font-weight: bold; text-align: right;\">1536<\/td>\r\n<td style=\"text-align: center;\">5w1<\/td>\r\n<td style=\"text-align: center;\">2s1<\/td>\r\n<td style=\"text-align: center;\">3w1<\/td>\r\n<td style=\"text-align: center;\">4w1<\/td>\r\n<td style=\"text-align: center;\">10s1<\/td>\r\n<td style=\"text-align: center;\">6s1<\/td>\r\n<td style=\"padding-right: 12px; font-weight: bold; text-align: right;\">358.0<\/td>\r\n<td style=\"padding-right: 6px; text-align: right;\">6.0<\/td>\r\n<td style=\"padding-right: 6px; text-align: right;\">24.5<\/td>\r\n<\/tr>\r\n\r\n<tr>\r\n<td style=\"padding-right: 1px; font-weight: bold; text-align: right;\">2.<\/td>\r\n<td style=\"font-weight: bold; text-align: left;\">Pichl,Christoph<\/td>\r\n<td style=\"padding-right: 1px; font-weight: bold; text-align: right;\">1554<\/td>\r\n<td style=\"text-align: center;\">1<\/td>\r\n<td style=\"text-align: center;\">1w0<\/td>\r\n<td style=\"text-align: center;\">1<\/td>\r\n<td style=\"text-align: center;\">13s1<\/td>\r\n<td style=\"text-align: center;\">16w1<\/td>\r\n<td style=\"text-align: center;\">15s1<\/td>\r\n<td style=\"padding-right: 12px; font-weight: bold; text-align: right;\">204.0<\/td>\r\n<td style=\"padding-right: 6px; text-align: right;\">5.0<\/td>\r\n<td style=\"padding-right: 6px; text-align: right;\">20.0<\/td>\r\n<\/tr>\r\n\r\n<tr>\r\n<td style=\"padding-right: 1px; font-weight: bold; text-align: right;\">3.<\/td>\r\n<td style=\"font-weight: bold; text-align: left;\">Li,Xiao&nbsp;Teng<\/td>\r\n<td style=\"padding-right: 1px; font-weight: bold; text-align: right;\">1045<\/td>\r\n<td style=\"text-align: center;\">19w1<\/td>\r\n<td style=\"text-align: center;\">13s1<\/td>\r\n<td style=\"text-align: center;\">1s0<\/td>\r\n<td style=\"text-align: center;\">&nbsp;<\/td>\r\n<td style=\"text-align: center;\">1<\/td>\r\n<td style=\"text-align: center;\">9w1<\/td>\r\n<td style=\"padding-right: 12px; font-weight: bold; text-align: right;\">187.0<\/td>\r\n<td style=\"padding-right: 6px; text-align: right;\">4.0<\/td>\r\n<td style=\"padding-right: 6px; text-align: right;\">20.5<\/td>\r\n<\/tr>\r\n\r\n<tr>\r\n<td style=\"padding-right: 1px; font-weight: bold; text-align: right;\">4.<\/td>\r\n<td style=\"font-weight: bold; text-align: left;\">Wesselbaum,Malte<\/td>\r\n<td style=\"padding-right: 1px; font-weight: bold; text-align: right;\">1106<\/td>\r\n<td style=\"text-align: center;\">13w1<\/td>\r\n<td style=\"text-align: center;\">0<\/td>\r\n<td style=\"text-align: center;\">9w1<\/td>\r\n<td style=\"text-align: center;\">1s0<\/td>\r\n<td style=\"text-align: center;\">&nbsp;<\/td>\r\n<td style=\"text-align: center;\">&nbsp;<\/td>\r\n<td style=\"padding-right: 12px; font-weight: bold; text-align: right;\">181.3<\/td>\r\n<td style=\"padding-right: 6px; text-align: right;\">2.0<\/td>\r\n<td style=\"padding-right: 6px; text-align: right;\">22.5<\/td>\r\n<\/tr>\r\n\r\n<tr>\r\n<td style=\"padding-right: 1px; font-weight: bold; text-align: right;\">5.<\/td>\r\n<td style=\"font-weight: bold; text-align: left;\">Negru,Maximilian<\/td>\r\n<td style=\"padding-right: 1px; font-weight: bold; text-align: right;\">1325<\/td>\r\n<td style=\"text-align: center;\">1s0<\/td>\r\n<td style=\"text-align: center;\">6s1<\/td>\r\n<td style=\"text-align: center;\">16w1<\/td>\r\n<td style=\"text-align: center;\">&nbsp;<\/td>\r\n<td style=\"text-align: center;\">&nbsp;<\/td>\r\n<td style=\"text-align: center;\">1<\/td>\r\n<td style=\"padding-right: 12px; font-weight: bold; text-align: right;\">180.2<\/td>\r\n<td style=\"padding-right: 6px; text-align: right;\">3.0<\/td>\r\n<td style=\"padding-right: 6px; text-align: right;\">23.5<\/td>\r\n<\/tr>\r\n\r\n<tr>\r\n<td style=\"padding-right: 1px; font-weight: bold; text-align: right;\">6.<\/td>\r\n<td style=\"font-weight: bold; text-align: left;\">Miyake&nbsp;Siqueira,Pedro&nbsp;Henrique<\/td>\r\n<td style=\"padding-right: 1px; font-weight: bold; text-align: right;\">&nbsp;<\/td>\r\n<td style=\"text-align: center;\">18s1<\/td>\r\n<td style=\"text-align: center;\">5w0<\/td>\r\n<td style=\"text-align: center;\">20w1<\/td>\r\n<td style=\"text-align: center;\">16s1<\/td>\r\n<td style=\"text-align: center;\">9s1<\/td>\r\n<td style=\"text-align: center;\">1w0<\/td>\r\n<td style=\"padding-right: 12px; font-weight: bold; text-align: right;\">170.0<\/td>\r\n<td style=\"padding-right: 6px; text-align: right;\">4.0<\/td>\r\n<td style=\"padding-right: 6px; text-align: right;\">18.5<\/td>\r\n<\/tr>\r\n\r\n<tr>\r\n<td style=\"padding-right: 1px; font-weight: bold; text-align: right;\">7.<\/td>\r\n<td style=\"font-weight: bold; text-align: left;\">Hilbenz,Philipp<\/td>\r\n<td style=\"padding-right: 1px; font-weight: bold; text-align: right;\">1015<\/td>\r\n<td style=\"text-align: center;\">0<\/td>\r\n<td style=\"text-align: center;\">0<\/td>\r\n<td style=\"text-align: center;\">11w1<\/td>\r\n<td style=\"text-align: center;\">&nbsp;<\/td>\r\n<td style=\"text-align: center;\">13s0<\/td>\r\n<td style=\"text-align: center;\">+<\/td>\r\n<td style=\"padding-right: 12px; font-weight: bold; text-align: right;\">167.0<\/td>\r\n<td style=\"padding-right: 6px; text-align: right;\">2.0<\/td>\r\n<td style=\"padding-right: 6px; text-align: right;\">18.5<\/td>\r\n<\/tr>\r\n\r\n<tr>\r\n<td style=\"padding-right: 1px; font-weight: bold; text-align: right;\">8.<\/td>\r\n<td style=\"font-weight: bold; text-align: left;\">Scheller,Kristina<\/td>\r\n<td style=\"padding-right: 1px; font-weight: bold; text-align: right;\">&nbsp;<\/td>\r\n<td style=\"text-align: center;\">&nbsp;<\/td>\r\n<td style=\"text-align: center;\">1<\/td>\r\n<td style=\"text-align: center;\">0<\/td>\r\n<td style=\"text-align: center;\">0<\/td>\r\n<td style=\"text-align: center;\">&nbsp;<\/td>\r\n<td style=\"text-align: center;\">0<\/td>\r\n<td style=\"padding-right: 12px; font-weight: bold; text-align: right;\">149.3<\/td>\r\n<td style=\"padding-right: 6px; text-align: right;\">1.0<\/td>\r\n<td style=\"padding-right: 6px; text-align: right;\">19.5<\/td>\r\n<\/tr>\r\n\r\n<tr>\r\n<td style=\"padding-right: 1px; font-weight: bold; text-align: right;\">9.<\/td>\r\n<td style=\"font-weight: bold; text-align: left;\">Zhou,Yibo&nbsp;Joe<\/td>\r\n<td style=\"padding-right: 1px; font-weight: bold; text-align: right;\">768<\/td>\r\n<td style=\"text-align: center;\">11w1<\/td>\r\n<td style=\"text-align: center;\">18w1<\/td>\r\n<td style=\"text-align: center;\">4s0<\/td>\r\n<td style=\"text-align: center;\">12s1<\/td>\r\n<td style=\"text-align: center;\">6w0<\/td>\r\n<td style=\"text-align: center;\">3s0<\/td>\r\n<td style=\"padding-right: 12px; font-weight: bold; text-align: right;\">142.0<\/td>\r\n<td style=\"padding-right: 6px; text-align: right;\">3.0<\/td>\r\n<td style=\"padding-right: 6px; text-align: right;\">19.0<\/td>\r\n<\/tr>\r\n\r\n<tr>\r\n<td style=\"padding-right: 1px; font-weight: bold; text-align: right;\">10.<\/td>\r\n<td style=\"font-weight: bold; text-align: left;\">Sahin,Dogu<\/td>\r\n<td style=\"padding-right: 1px; font-weight: bold; text-align: right;\">&nbsp;<\/td>\r\n<td style=\"text-align: center;\">1<\/td>\r\n<td style=\"text-align: center;\">15s1<\/td>\r\n<td style=\"text-align: center;\">&nbsp;<\/td>\r\n<td style=\"text-align: center;\">1<\/td>\r\n<td style=\"text-align: center;\">1w0<\/td>\r\n<td style=\"text-align: center;\">&nbsp;<\/td>\r\n<td style=\"padding-right: 12px; font-weight: bold; text-align: right;\">141.7<\/td>\r\n<td style=\"padding-right: 6px; text-align: right;\">3.0<\/td>\r\n<td style=\"padding-right: 6px; text-align: right;\">23.5<\/td>\r\n<\/tr>\r\n\r\n<tr>\r\n<td style=\"padding-right: 1px; font-weight: bold; text-align: right;\">11.<\/td>\r\n<td style=\"font-weight: bold; text-align: left;\">Kukhtichev,Maksim<\/td>\r\n<td style=\"padding-right: 1px; font-weight: bold; text-align: right;\">&nbsp;<\/td>\r\n<td style=\"text-align: center;\">9s0<\/td>\r\n<td style=\"text-align: center;\">14w1<\/td>\r\n<td style=\"text-align: center;\">7s0<\/td>\r\n<td style=\"text-align: center;\">20w1<\/td>\r\n<td style=\"text-align: center;\">19w1<\/td>\r\n<td style=\"text-align: center;\">&nbsp;<\/td>\r\n<td style=\"padding-right: 12px; font-weight: bold; text-align: right;\">126.7<\/td>\r\n<td style=\"padding-right: 6px; text-align: right;\">3.0<\/td>\r\n<td style=\"padding-right: 6px; text-align: right;\">14.0<\/td>\r\n<\/tr>\r\n\r\n<tr>\r\n<td style=\"padding-right: 1px; font-weight: bold; text-align: right;\">12.<\/td>\r\n<td style=\"font-weight: bold; text-align: left;\">M\u00fcller,Luke<\/td>\r\n<td style=\"padding-right: 1px; font-weight: bold; text-align: right;\">&nbsp;<\/td>\r\n<td style=\"text-align: center;\">17w1<\/td>\r\n<td style=\"text-align: center;\">&nbsp;<\/td>\r\n<td style=\"text-align: center;\">0<\/td>\r\n<td style=\"text-align: center;\">9w0<\/td>\r\n<td style=\"text-align: center;\">0<\/td>\r\n<td style=\"text-align: center;\">&nbsp;<\/td>\r\n<td style=\"padding-right: 12px; font-weight: bold; text-align: right;\">122.7<\/td>\r\n<td style=\"padding-right: 6px; text-align: right;\">1.0<\/td>\r\n<td style=\"padding-right: 6px; text-align: right;\">18.5<\/td>\r\n<\/tr>\r\n\r\n<tr>\r\n<td style=\"padding-right: 1px; font-weight: bold; text-align: right;\">13.<\/td>\r\n<td style=\"font-weight: bold; text-align: left;\">Beier,Martin<\/td>\r\n<td style=\"padding-right: 1px; font-weight: bold; text-align: right;\">1026<\/td>\r\n<td style=\"text-align: center;\">4s0<\/td>\r\n<td style=\"text-align: center;\">3w0<\/td>\r\n<td style=\"text-align: center;\">19s1<\/td>\r\n<td style=\"text-align: center;\">2w0<\/td>\r\n<td style=\"text-align: center;\">7w1<\/td>\r\n<td style=\"text-align: center;\">1<\/td>\r\n<td style=\"padding-right: 12px; font-weight: bold; text-align: right;\">115.5<\/td>\r\n<td style=\"padding-right: 6px; text-align: right;\">3.0<\/td>\r\n<td style=\"padding-right: 6px; text-align: right;\">19.0<\/td>\r\n<\/tr>\r\n\r\n<tr>\r\n<td style=\"padding-right: 1px; font-weight: bold; text-align: right;\">14.<\/td>\r\n<td style=\"font-weight: bold; text-align: left;\">Belin,Anton<\/td>\r\n<td style=\"padding-right: 1px; font-weight: bold; text-align: right;\">911<\/td>\r\n<td style=\"text-align: center;\">0<\/td>\r\n<td style=\"text-align: center;\">11s0<\/td>\r\n<td style=\"text-align: center;\">&nbsp;<\/td>\r\n<td style=\"text-align: center;\">&nbsp;<\/td>\r\n<td style=\"text-align: center;\">0<\/td>\r\n<td style=\"text-align: center;\">18w1<\/td>\r\n<td style=\"padding-right: 12px; font-weight: bold; text-align: right;\">110.3<\/td>\r\n<td style=\"padding-right: 6px; text-align: right;\">1.0<\/td>\r\n<td style=\"padding-right: 6px; text-align: right;\">18.0<\/td>\r\n<\/tr>\r\n\r\n<tr>\r\n<td style=\"padding-right: 1px; font-weight: bold; text-align: right;\">15.<\/td>\r\n<td style=\"font-weight: bold; text-align: left;\">von&nbsp;Beckh,Frieda<\/td>\r\n<td style=\"padding-right: 1px; font-weight: bold; text-align: right;\">1698<\/td>\r\n<td style=\"text-align: center;\">&nbsp;<\/td>\r\n<td style=\"text-align: center;\">10w0<\/td>\r\n<td style=\"text-align: center;\">&nbsp;<\/td>\r\n<td style=\"text-align: center;\">1<\/td>\r\n<td style=\"text-align: center;\">17s1<\/td>\r\n<td style=\"text-align: center;\">2w0<\/td>\r\n<td style=\"padding-right: 12px; font-weight: bold; text-align: right;\">94.3<\/td>\r\n<td style=\"padding-right: 6px; text-align: right;\">2.0<\/td>\r\n<td style=\"padding-right: 6px; text-align: right;\">19.5<\/td>\r\n<\/tr>\r\n\r\n<tr>\r\n<td style=\"padding-right: 1px; font-weight: bold; text-align: right;\">16.<\/td>\r\n<td style=\"font-weight: bold; text-align: left;\">Peter,Eric<\/td>\r\n<td style=\"padding-right: 1px; font-weight: bold; text-align: right;\">875<\/td>\r\n<td style=\"text-align: center;\">1<\/td>\r\n<td style=\"text-align: center;\">17w1<\/td>\r\n<td style=\"text-align: center;\">5s0<\/td>\r\n<td style=\"text-align: center;\">6w0<\/td>\r\n<td style=\"text-align: center;\">2s0<\/td>\r\n<td style=\"text-align: center;\">&nbsp;<\/td>\r\n<td style=\"padding-right: 12px; font-weight: bold; text-align: right;\">71.8<\/td>\r\n<td style=\"padding-right: 6px; text-align: right;\">2.0<\/td>\r\n<td style=\"padding-right: 6px; text-align: right;\">20.0<\/td>\r\n<\/tr>\r\n\r\n<tr>\r\n<td style=\"padding-right: 1px; font-weight: bold; text-align: right;\">17.<\/td>\r\n<td style=\"font-weight: bold; text-align: left;\">D\u00e9al,J\u00e9r\u00e9my<\/td>\r\n<td style=\"padding-right: 1px; font-weight: bold; text-align: right;\">&nbsp;<\/td>\r\n<td style=\"text-align: center;\">12s0<\/td>\r\n<td style=\"text-align: center;\">16s0<\/td>\r\n<td style=\"text-align: center;\">18w1<\/td>\r\n<td style=\"text-align: center;\">&nbsp;<\/td>\r\n<td style=\"text-align: center;\">15w0<\/td>\r\n<td style=\"text-align: center;\">&nbsp;<\/td>\r\n<td style=\"padding-right: 12px; font-weight: bold; text-align: right;\">61.0<\/td>\r\n<td style=\"padding-right: 6px; text-align: right;\">1.0<\/td>\r\n<td style=\"padding-right: 6px; text-align: right;\">14.5<\/td>\r\n<\/tr>\r\n\r\n<tr>\r\n<td style=\"padding-right: 1px; font-weight: bold; text-align: right;\">18.<\/td>\r\n<td style=\"font-weight: bold; text-align: left;\">Els\u00e4sser,Tom<\/td>\r\n<td style=\"padding-right: 1px; font-weight: bold; text-align: right;\">&nbsp;<\/td>\r\n<td style=\"text-align: center;\">6w0<\/td>\r\n<td style=\"text-align: center;\">9s0<\/td>\r\n<td style=\"text-align: center;\">17s0<\/td>\r\n<td style=\"text-align: center;\">1<\/td>\r\n<td style=\"text-align: center;\">20s1<\/td>\r\n<td style=\"text-align: center;\">14s0<\/td>\r\n<td style=\"padding-right: 12px; font-weight: bold; text-align: right;\">50.5<\/td>\r\n<td style=\"padding-right: 6px; text-align: right;\">2.0<\/td>\r\n<td style=\"padding-right: 6px; text-align: right;\">14.0<\/td>\r\n<\/tr>\r\n\r\n<tr>\r\n<td style=\"padding-right: 1px; font-weight: bold; text-align: right;\">19.<\/td>\r\n<td style=\"font-weight: bold; text-align: left;\">Markarov,Artur<\/td>\r\n<td style=\"padding-right: 1px; font-weight: bold; text-align: right;\">&nbsp;<\/td>\r\n<td style=\"text-align: center;\">3s0<\/td>\r\n<td style=\"text-align: center;\">&nbsp;<\/td>\r\n<td style=\"text-align: center;\">13w0<\/td>\r\n<td style=\"text-align: center;\">1<\/td>\r\n<td style=\"text-align: center;\">11s0<\/td>\r\n<td style=\"text-align: center;\">&nbsp;<\/td>\r\n<td style=\"padding-right: 12px; font-weight: bold; text-align: right;\">38.5<\/td>\r\n<td style=\"padding-right: 6px; text-align: right;\">1.0<\/td>\r\n<td style=\"padding-right: 6px; text-align: right;\">18.5<\/td>\r\n<\/tr>\r\n\r\n<tr>\r\n<td style=\"padding-right: 1px; font-weight: bold; text-align: right;\">20.<\/td>\r\n<td style=\"font-weight: bold; text-align: left;\">Peter,Marco<\/td>\r\n<td style=\"padding-right: 1px; font-weight: bold; text-align: right;\">&nbsp;<\/td>\r\n<td style=\"text-align: center;\">&nbsp;<\/td>\r\n<td style=\"text-align: center;\">&nbsp;<\/td>\r\n<td style=\"text-align: center;\">6s0<\/td>\r\n<td style=\"text-align: center;\">11s0<\/td>\r\n<td style=\"text-align: center;\">18w0<\/td>\r\n<td style=\"text-align: center;\">0<\/td>\r\n<td style=\"padding-right: 12px; font-weight: bold; text-align: right;\">37.3<\/td>\r\n<td style=\"padding-right: 6px; text-align: right;\">0.0<\/td>\r\n<td style=\"padding-right: 6px; text-align: right;\">18.5<\/td>\r\n<\/tr>\r\n\r\n<\/tbody>\r\n<\/table>\r\n\r\n","protected":false},"excerpt":{"rendered":"<p>Ausschreibung Tabelle Paarungen Historie Fortschrittstabelle:&nbsp;Endstand nach Runde 6 Nr. Teilnehmer TWZ 1 2 3 4 5 6 Keizer Punkte Buchh 1. Mandalka,Justus 1536 5w1 2s1 3w1 4w1 10s1 6s1 358.0 6.0 24.5 2. Pichl,Christoph 1554 1 1w0 1 13s1 16w1 15s1 204.0 5.0 20.0 3. Li,Xiao&nbsp;Teng 1045 19w1 13s1 1s0 &nbsp; 1 9w1 187.0 4.0 <a href=\"https:\/\/www.schachklub-bad-homburg.de\/?page_id=20062\" class=\"more-link\">...weiterlesen<span class=\"screen-reader-text\"> \"Jugend-Vereinsmeisterschaft 2021, Tabelle\"<\/span><\/a><\/p>\n","protected":false},"author":10,"featured_media":0,"parent":20038,"menu_order":0,"comment_status":"closed","ping_status":"closed","template":"","meta":{"footnotes":""},"class_list":["post-20062","page","type-page","status-publish","h-entry","hentry","h-as-page"],"_links":{"self":[{"href":"https:\/\/www.schachklub-bad-homburg.de\/index.php?rest_route=\/wp\/v2\/pages\/20062","targetHints":{"allow":["GET"]}}],"collection":[{"href":"https:\/\/www.schachklub-bad-homburg.de\/index.php?rest_route=\/wp\/v2\/pages"}],"about":[{"href":"https:\/\/www.schachklub-bad-homburg.de\/index.php?rest_route=\/wp\/v2\/types\/page"}],"author":[{"embeddable":true,"href":"https:\/\/www.schachklub-bad-homburg.de\/index.php?rest_route=\/wp\/v2\/users\/10"}],"replies":[{"embeddable":true,"href":"https:\/\/www.schachklub-bad-homburg.de\/index.php?rest_route=%2Fwp%2Fv2%2Fcomments&post=20062"}],"version-history":[{"count":13,"href":"https:\/\/www.schachklub-bad-homburg.de\/index.php?rest_route=\/wp\/v2\/pages\/20062\/revisions"}],"predecessor-version":[{"id":20460,"href":"https:\/\/www.schachklub-bad-homburg.de\/index.php?rest_route=\/wp\/v2\/pages\/20062\/revisions\/20460"}],"up":[{"embeddable":true,"href":"https:\/\/www.schachklub-bad-homburg.de\/index.php?rest_route=\/wp\/v2\/pages\/20038"}],"wp:attachment":[{"href":"https:\/\/www.schachklub-bad-homburg.de\/index.php?rest_route=%2Fwp%2Fv2%2Fmedia&parent=20062"}],"curies":[{"name":"wp","href":"https:\/\/api.w.org\/{rel}","templated":true}]}}