{"id":18495,"date":"2020-12-29T21:39:09","date_gmt":"2020-12-29T20:39:09","guid":{"rendered":"https:\/\/www.schachklub-bad-homburg.de\/?page_id=18495"},"modified":"2021-11-21T10:18:26","modified_gmt":"2021-11-21T09:18:26","slug":"turnier-simultan-2021-ausschreibung","status":"publish","type":"page","link":"https:\/\/www.schachklub-bad-homburg.de\/?page_id=18495","title":{"rendered":"Turnier-Simultan 2021, Ausschreibung"},"content":{"rendered":"<p><a href=\"http:\/\/www.schachklub-bad-homburg.de?p=18495\">Ausschreibung<\/a> \u00a0\u00a0 <a href=\"http:\/\/www.schachklub-bad-homburg.de?p=18499\">Anmeldungen (alphabetisch)<\/a> \u00a0\u00a0 <a href=\"http:\/\/www.schachklub-bad-homburg.de?p=18502\">Anmeldungen (DWZ)<\/a> \u00a0\u00a0 <a href=\"http:\/\/www.schachklub-bad-homburg.de?p=18505\">Tabelle<\/a> \u00a0\u00a0<a href=\"http:\/\/www.schachklub-bad-homburg.de?p=30642\">Historie<\/a><\/p>\n<p><html><head><meta http-equiv=\"Content-Type\" content=\"text\/html; charset=windows-1252\">\n<link rel=\"stylesheet\" type=\"text\/css\" href=\"file:\/\/\/C:\/skhgstyle.css\">\n<\/head><br \/>\n<body leftmargin=\"30\"><\/p>\n<table>\n<tbody>\n<tr>\n<th style=\"vertical-align:top;\">Kurzinfo<\/th>\n<td>Turnier-Simultan f\u00fcr 10 Teilnehmer.\n        <\/td>\n<\/tr>\n<tr>\n<th style=\"vertical-align:top;\">Teilnehmer<\/th>\n<td>Das Turnier ist offen f\u00fcr alle Schachspieler; <b>Vereinsmitglieder<\/b> sind aber <b>vorrangig<\/b> teilnahmeberechtigt.<br \/>\n<br \/><font color=\"red\">Die Einhaltung der auf der Homepage des Vereins und im Klubraum bekannt gegebenen Hygiene-Regeln ist Voraussetzung f\u00fcr die Teilnahme. Bei Verst\u00f6\u00dfen kann die Turnierleitung einen Ausschluss verh\u00e4ngen!<\/font>\n        <\/td>\n<\/tr>\n<tr>\n<th style=\"vertical-align:top;\">Turniermodus<\/th>\n<td>Bis zu <b>10<\/b> Teilnehmer spielen <b>gleichzeitig<\/b> gegeneinander an jeweils einem Brett mit separater Uhr.<br \/>\n<br \/>F\u00fcr einen Sieg erh\u00e4lt man <b>3 Punkte<\/b>, f\u00fcr ein Unentschieden <b>1 Punkt<\/b> und f\u00fcr eine Niederlage keinen Punkt.<br \/>\n<br \/>Das Turnier wird an einem Abend ausgetragen. Genauere Instruktionen \u00fcber die Brettfolge, Verhaltensregeln etc. werden den Teilnehmern unmittelbar zu Beginn mitgeteilt.\n        <\/td>\n<\/tr>\n<tr>\n<th style=\"vertical-align:top;\">Bedenkzeit<\/th>\n<td>Die Bedenkzeit betr\u00e4gt <b>90 Minuten zuz\u00fcglich 30 Sekunden je Zug (Fischer)<\/b> an jedem Brett.<br \/>\n<br \/>Die Bedenkzeit eines Spielers kann dadurch an mehreren Brettern gleichzeitig laufen.\n        <\/td>\n<\/tr>\n<tr>\n<th style=\"vertical-align:top;\">Spielort<\/th>\n<td>Es wird am <b>12.11.2021 im Vereinshaus Gonzenheim<\/b> (<a href=\"https:\/\/schachklub-bad-homburg.de\/?page_id=3776\">Anfahrtskizze<\/a>) gespielt.<br \/>\n<br \/><b>Spielbeginn ist um 20:00 Uhr<\/b>.\n        <\/td>\n<\/tr>\n<tr>\n<th style=\"vertical-align:top;\">Meldeschluss<\/th>\n<td>Meldeschluss ist am <b>05.11.2021 um 22:00 Uhr<\/b>.<br \/>\n<br \/>Da nur maximal 10 Teilnehmer m\u00f6glich sind, gelten <b>bis zum 29.10.2021 die DWZ-F\u00fchrenden<\/b> der bis dahin Gemeldeten als spielberechtigt; danach gilt ggf. die Reihenfolge der Anmeldung.<br \/>\n<br \/>Haben meldende Spieler <b>keine DWZ<\/b>, wird diese durch den Turnierleiter <b>gesch\u00e4tzt. <\/b><br \/>\n<br \/>Wer durch die Beschr\u00e4nkung der Teilnehmer nicht zum Zuge kommt, hat f\u00fcr \u00e4hnliche Folgeveranstaltungen dann ein Vorrecht. <b>G\u00e4ste<\/b> k\u00f6nnen nur teilnehmen, wenn sonst Pl\u00e4tze ungenutzt bleiben w\u00fcrden (s. \"Teilnehmer\")\n        <\/td>\n<\/tr>\n<tr>\n<th style=\"vertical-align:top;\">Preise<\/th>\n<td>Die ersten 3 erhalten eine Urkunde bei der Jahreshauptversammlung des Folgejahres. Punktgleiche belegen gemeinsam die entsprechend geteilten Pl\u00e4tze.\n        <\/td>\n<\/tr>\n<tr>\n<th style=\"vertical-align:top;\">Start-, Reuegeld<\/th>\n<td>Es wird kein Startgeld und kein Reuegeld erhoben.\n        <\/td>\n<\/tr>\n<tr>\n<th style=\"vertical-align:top;\">Info-Dienst<\/th>\n<td>\u00dcber dieses Turnier wird aktuell im Internet und per Aushang berichtet. Alle das Turnier betreffende Informationen werden ausschlie\u00dflich so ver\u00f6ffentlicht.\n        <\/td>\n<\/tr>\n<tr>\n<th style=\"vertical-align:top;\">Veranstalter<\/th>\n<td>Der <a href=\"https:\/\/www.schachklub-bad-homburg.de\/\">Schachklub Bad Homburg<\/a> ist der Veranstalter dieses Turniers.\n        <\/td>\n<\/tr>\n<tr>\n<th style=\"vertical-align:top;\">Fragen?<\/th>\n<td>Eine E-Mail an den <a href=\"mailto:turnierleiter@schachklub-bad-homburg.de\">Organisator<\/a> wird kurzfristig beantwortet.\n        <\/td>\n<\/tr>\n<\/tbody>\n<\/table>\n<p><\/body><\/html><\/p>\n","protected":false},"excerpt":{"rendered":"<p>Ausschreibung \u00a0\u00a0 Anmeldungen (alphabetisch) \u00a0\u00a0 Anmeldungen (DWZ) \u00a0\u00a0 Tabelle \u00a0\u00a0Historie Kurzinfo Turnier-Simultan f\u00fcr 10 Teilnehmer. Teilnehmer Das Turnier ist offen f\u00fcr alle Schachspieler; Vereinsmitglieder sind aber vorrangig teilnahmeberechtigt. Die Einhaltung der auf der Homepage des Vereins und im Klubraum bekannt gegebenen Hygiene-Regeln ist Voraussetzung f\u00fcr die Teilnahme. Bei Verst\u00f6\u00dfen kann die Turnierleitung einen Ausschluss verh\u00e4ngen! <a href=\"https:\/\/www.schachklub-bad-homburg.de\/?page_id=18495\" class=\"more-link\">...weiterlesen<span class=\"screen-reader-text\"> \"Turnier-Simultan 2021, Ausschreibung\"<\/span><\/a><\/p>\n","protected":false},"author":10,"featured_media":0,"parent":18505,"menu_order":1,"comment_status":"closed","ping_status":"closed","template":"","meta":{"footnotes":""},"class_list":["post-18495","page","type-page","status-publish","h-entry","hentry","h-as-page"],"_links":{"self":[{"href":"https:\/\/www.schachklub-bad-homburg.de\/index.php?rest_route=\/wp\/v2\/pages\/18495","targetHints":{"allow":["GET"]}}],"collection":[{"href":"https:\/\/www.schachklub-bad-homburg.de\/index.php?rest_route=\/wp\/v2\/pages"}],"about":[{"href":"https:\/\/www.schachklub-bad-homburg.de\/index.php?rest_route=\/wp\/v2\/types\/page"}],"author":[{"embeddable":true,"href":"https:\/\/www.schachklub-bad-homburg.de\/index.php?rest_route=\/wp\/v2\/users\/10"}],"replies":[{"embeddable":true,"href":"https:\/\/www.schachklub-bad-homburg.de\/index.php?rest_route=%2Fwp%2Fv2%2Fcomments&post=18495"}],"version-history":[{"count":5,"href":"https:\/\/www.schachklub-bad-homburg.de\/index.php?rest_route=\/wp\/v2\/pages\/18495\/revisions"}],"predecessor-version":[{"id":20372,"href":"https:\/\/www.schachklub-bad-homburg.de\/index.php?rest_route=\/wp\/v2\/pages\/18495\/revisions\/20372"}],"up":[{"embeddable":true,"href":"https:\/\/www.schachklub-bad-homburg.de\/index.php?rest_route=\/wp\/v2\/pages\/18505"}],"wp:attachment":[{"href":"https:\/\/www.schachklub-bad-homburg.de\/index.php?rest_route=%2Fwp%2Fv2%2Fmedia&parent=18495"}],"curies":[{"name":"wp","href":"https:\/\/api.w.org\/{rel}","templated":true}]}}