{"id":18442,"date":"2020-12-29T18:59:05","date_gmt":"2020-12-29T17:59:05","guid":{"rendered":"https:\/\/www.schachklub-bad-homburg.de\/?page_id=18442"},"modified":"2022-01-09T10:42:08","modified_gmt":"2022-01-09T09:42:08","slug":"veranstaltungen-2021","status":"publish","type":"page","link":"https:\/\/www.schachklub-bad-homburg.de\/?page_id=18442","title":{"rendered":"Veranstaltungen 2021"},"content":{"rendered":"<p>Wie in jedem Jahr bietet der Schachklub Bad Homburg die M\u00f6glichkeit zur Teilnahme an vielf\u00e4ltigen Veranstaltungen an.<\/p>\n<p>Freies Spiel wie Wettkampfatmosph\u00e4re, f\u00fcr Anf\u00e4nger wie f\u00fcr erfahrene Turnierhasen, Blitzschach wie Turnierpartien, Interne wie externe Turniere, f\u00fcr jeden Schachinteressierten ist etwas dabei!<\/p>\n<h3>Mannschaftsk\u00e4mpfe<\/h3>\n<ul>\nDer Schachklub nimmt sowohl im Erwachsenen-Bereich als auch im Jugendbereich an Liga-Wettk\u00e4mpfen teil. Dabei ist von Kreisklasse bis Oberliga (= 3 Ebene bundesweit) alles dabei - jeder findet also Teams f\u00fcr seine Spielst\u00e4rke.<br \/>\nN\u00e4here Informationen und Tabellen:<\/p>\n<li><a href=\"https:\/\/www.schachklub-bad-homburg.de\/?page_id=8056\">Ligabetrieb Erwachsene<\/a><\/li>\n<li><a href=\"https:\/\/www.schachklub-bad-homburg.de\/?page_id=8058\">Ligabetrieb Jugend<\/a><\/li>\n<li><a href=\"https:\/\/www.schachklub-bad-homburg.de\/?p=18227\">OBMT<\/a>: Online-Blitz-Mannschafts-Turnier im Bezirk Frankfurt-<\/li>\n<li><a href=\"https:\/\/www.schachklub-bad-homburg.de\/?p=18701\">DSOL<\/a>: 2 Mannschaften bei der Deutschen Schach Online Liga 2021<\/li>\n<li><a href=\"http:\/\/www.schachklub-bad-homburg.de\/LigaOrakel.php\">Das LigaOrakel<\/a><\/li>\n<\/ul>\n<h3>Vereinsturniere<\/h3>\n<p>S\u00e4mtliche Turniere stehen i.a. auch G\u00e4sten offen. Anfragen bitte an den <a href=\"mailto:turnierleiter@schachklub-bad-homburg.de\">Turnierleiter<\/a>.<\/p>\n<ul>\n<li><a href=\"https:\/\/www.schachklub-bad-homburg.de?p=18445\">Vereinsmeisterschaft<\/a> (Schweizer System, 2 Gruppen)<\/li>\n<li><a href=\"https:\/\/www.schachklub-bad-homburg.de?p=18472\">Pokalturnier<\/a> (KO-System)<\/li>\n<li><a href=\"https:\/\/www.schachklub-bad-homburg.de?p=18495\">Turnier-Simultan<\/a> (10 Spieler gleichzeitig jeder gegen jeden - Turnierbedenkzeit)<\/li>\n<li><a href=\"https:\/\/www.schachklub-bad-homburg.de?p=18511\">Schnellschach-Meisterschaft<\/a> (Bronstein-Modus)<\/li>\n<li><a href=\"https:\/\/www.schachklub-bad-homburg.de?p=15795\">Blitzmeisterschaft<\/a> (monatlich mit Gesamtwertung)<\/li>\n<li><a href=\"https:\/\/www.schachklub-bad-homburg.de?p=18624\">Chess960-Meisterschaft<\/a> (Schnellschach)<\/li>\n<li><a href=\"https:\/\/www.schachklub-bad-homburg.de?p=20062\">Jugend-Meisterschaft<\/a> (Kinder und Jugendliche)<\/li>\n<li><a href=\"https:\/\/www.schachklub-bad-homburg.de?p=16484\">Senioren-Meisterschaft<\/a> (Rundenturnier oder Schweizer System)<\/li>\n<li><a href=\"https:\/\/www.schachklub-bad-homburg.de?p=28780\">Termin\u00fcbersicht<\/a><\/li>\n<li><a href=\"https:\/\/www.schachklub-bad-homburg.de?p=30642\">Siegerlisten<\/a> der vergangenen Jahre<\/li>\n<\/ul>\n<h3>Training<\/h3>\n<ul>\n<li><a href=\"http:\/\/www.schachklub-bad-homburg.de?p=10700\">Jugendarbeit<\/a><\/li>\n<li><a href=\"http:\/\/www.schachklub-bad-homburg.de?p=6439\">Training und Kurse f\u00fcr Erwachsene<\/a><\/li>\n<\/ul>\n<h3>Eigene Turniere<\/h3>\n<ul>\n<li><a href=\"https:\/\/www.schachklub-bad-homburg.de\/?page_id=18659\">Online-Turniere<\/a>: nur die mit Bad Homburger Orga-Beteiligung<\/li>\n<li><a href=\"http:\/\/www.rhein-main-open.de\" target=\"_top\" rel=\"noopener noreferrer\">Rhein-Main-Open<\/a>: Ein gro\u00dfes hessisches und j\u00e4hrliches Open um Fronleichnam in Bad Homburg<\/li>\n<li><a href=\"http:\/\/www.bad-homburg-open.de\/chronik\/2017b\/hgo_frameset.htm\" target=\"_top\" rel=\"noopener noreferrer\">Jugend-DWZ-Cup<\/a>: Jugendturnier in 10 gleichstarken 4er-Gruppen<\/li>\n<\/ul>\n<h3>Historische GM-Turniere<\/h3>\n<ul>\n<li><a href=\"http:\/\/www.schachklub-bad-homburg.de?p=3871\">Damen-GM-Turnier 2007<\/a>: Die Deutsche Damen-Nationalmannschaft im Vergleich mit internationalen G\u00e4sten<\/li>\n<li><a href=\"http:\/\/www.bad-homburg-open.de\/chronik\/2006\/hgo_frameset.htm\" target=\"_top\" rel=\"noopener noreferrer\">Offene Bad Homburger Stadtmeisterschaft 2006<\/a>: Schnellschachmeisterschaft mit internationaler Besetzung<\/li>\n<li><a href=\"NoneWP\/sen-ec\/index.htm\" target=\"_top\" rel=\"noopener noreferrer\">Europ\u00e4ische Seniorenmeisterschaft 2005<\/a><\/li>\n<li><a href=\"http:\/\/www.ebc.de\/gmturnier98\" target=\"_top\" rel=\"noopener noreferrer\">Internationales Gro\u00dfmeisterturnier<\/a> (zuletzt 1998)<\/li>\n<\/ul>\n<h3>Fremde Veranstaltungen<\/h3>\n<ul>\n<li><a href=\"http:\/\/hessische.schach-chroniken.net\/turnierangebot_50000.htm\" target=\"_blank\" rel=\"noopener noreferrer\">Turnierangebot im Hessischen Schachverband<\/a><\/li>\n<li><a href=\"http:\/\/bezirk-frankfurt.schach-chroniken.net\/turnierangebot_55000.htm\" target=\"_blank\" rel=\"noopener noreferrer\">Turnierangebot im Bezirk Frankfurt<\/a><\/li>\n<li><a href=\"http:\/\/fruehjahrsopen.sv1920hofheim.de\/2017\/startseite.php\" target=\"_blank\" rel=\"noopener noreferrer\">Fr\u00fchjahrsopen Hofheim<\/a><\/li>\n<li><a href=\"http:\/\/www.schach-chroniken.net\/hso\/hso_historie.htm\" target=\"_blank\" rel=\"noopener noreferrer\">Heusenstamm-Open<\/a><\/li>\n<li><a href=\"http:\/\/www.schlosspark-open.de\/?q=taxonomy\/term\/19\" target=\"_blank\" rel=\"noopener noreferrer\">Schlosspark-Open Wiesbaden<\/a><\/li>\n<li><a href=\"http:\/\/www.schachverein-fechenheim.de\" target=\"_blank\" rel=\"noopener noreferrer\">Siegfried-Weber-Gedenkturnier<\/a>: Schnellschach in Fechenheim<\/li>\n<li><a href=\"https:\/\/www.schachbund.de\/dem-aerzte.html\" target=\"_blank\" rel=\"noopener noreferrer\">Deutsche \u00c4rzte Meisterschaft<\/a>: Finden oft in Bad Homburg statt<\/li>\n<\/ul>\n","protected":false},"excerpt":{"rendered":"<p>Wie in jedem Jahr bietet der Schachklub Bad Homburg die M\u00f6glichkeit zur Teilnahme an vielf\u00e4ltigen Veranstaltungen an. Freies Spiel wie Wettkampfatmosph\u00e4re, f\u00fcr Anf\u00e4nger wie f\u00fcr erfahrene Turnierhasen, Blitzschach wie Turnierpartien, Interne wie externe Turniere, f\u00fcr jeden Schachinteressierten ist etwas dabei! Mannschaftsk\u00e4mpfe Der Schachklub nimmt sowohl im Erwachsenen-Bereich als auch im Jugendbereich an Liga-Wettk\u00e4mpfen teil. Dabei <a href=\"https:\/\/www.schachklub-bad-homburg.de\/?page_id=18442\" class=\"more-link\">...weiterlesen<span class=\"screen-reader-text\"> \"Veranstaltungen 2021\"<\/span><\/a><\/p>\n","protected":false},"author":10,"featured_media":0,"parent":0,"menu_order":69,"comment_status":"closed","ping_status":"closed","template":"","meta":{"footnotes":""},"class_list":["post-18442","page","type-page","status-publish","h-entry","hentry","h-as-page"],"_links":{"self":[{"href":"https:\/\/www.schachklub-bad-homburg.de\/index.php?rest_route=\/wp\/v2\/pages\/18442","targetHints":{"allow":["GET"]}}],"collection":[{"href":"https:\/\/www.schachklub-bad-homburg.de\/index.php?rest_route=\/wp\/v2\/pages"}],"about":[{"href":"https:\/\/www.schachklub-bad-homburg.de\/index.php?rest_route=\/wp\/v2\/types\/page"}],"author":[{"embeddable":true,"href":"https:\/\/www.schachklub-bad-homburg.de\/index.php?rest_route=\/wp\/v2\/users\/10"}],"replies":[{"embeddable":true,"href":"https:\/\/www.schachklub-bad-homburg.de\/index.php?rest_route=%2Fwp%2Fv2%2Fcomments&post=18442"}],"version-history":[{"count":13,"href":"https:\/\/www.schachklub-bad-homburg.de\/index.php?rest_route=\/wp\/v2\/pages\/18442\/revisions"}],"predecessor-version":[{"id":20729,"href":"https:\/\/www.schachklub-bad-homburg.de\/index.php?rest_route=\/wp\/v2\/pages\/18442\/revisions\/20729"}],"wp:attachment":[{"href":"https:\/\/www.schachklub-bad-homburg.de\/index.php?rest_route=%2Fwp%2Fv2%2Fmedia&parent=18442"}],"curies":[{"name":"wp","href":"https:\/\/api.w.org\/{rel}","templated":true}]}}