{"id":17874,"date":"2020-08-30T18:03:51","date_gmt":"2020-08-30T16:03:51","guid":{"rendered":"https:\/\/www.schachklub-bad-homburg.de\/?page_id=17874"},"modified":"2021-07-10T11:38:22","modified_gmt":"2021-07-10T09:38:22","slug":"vereinsmeisterschaft-2020-ausschreibung","status":"publish","type":"page","link":"https:\/\/www.schachklub-bad-homburg.de\/?page_id=17874","title":{"rendered":"Vereinsmeisterschaft 2020, Ausschreibung"},"content":{"rendered":"<p><a href=\"https:\/\/www.schachklub-bad-homburg.de?p=17874\">Ausschreibung<\/a>&nbsp;&nbsp;<a href=\"https:\/\/www.schachklub-bad-homburg.de?p=17879\">Teilnehmer (alphabetisch)<\/a>&nbsp;&nbsp;<a href=\"https:\/\/www.schachklub-bad-homburg.de?p=17882\">Teilnehmer (DWZ)<\/a>&nbsp;&nbsp;<a href=\"https:\/\/www.schachklub-bad-homburg.de?p=17884\">Paarungen<\/a>&nbsp;&nbsp;<a href=\"https:\/\/www.schachklub-bad-homburg.de?p=17886\">Tabellen<\/a>&nbsp;&nbsp;<a href=\"https:\/\/www.schachklub-bad-homburg.de?p=30642\">Historie<\/a><\/p>\n<p><b><br \/>\n<font color=red>Diese Turniere werden nach nur einer von f\u00fcnf Runden abgebrochen; es gibt dadurch keine Vereinsmeister in 2020. Eine Fortsetzung nach einer ca. neunmonatigen Unterbrechung ist nicht sinnvoll.<\/font><br \/>\n<\/b><\/p>\n<h3>Ausschreibung<\/h3>\n<table>\n<tbody>\n<tr>\n<th style=\"vertical-align:top;\">Kurzinfo<\/th>\n<td><b>Vereinsturniere in A- und B-Gruppe<\/b> mit attraktiven Preisen.<br \/>\nVollrundig oder nach Schweizer System je nach Beteiligung.\n       <\/td>\n<\/tr>\n<tr>\n<th style=\"vertical-align:top;\">Teilnehmer<\/th>\n<td><b>Ausschlie\u00dflich Vereinsmitglieder<\/b> sind teilnahmeberechtigt, in der <b>B-Gruppe <\/b> nur solche ohne DWZ oder mit einer <b>DWZ unter 1600<\/b> (Stand 01.09.2020).<br \/>\n<br \/><font color=\"red\">Die Einhaltung der auf der Homepage des Vereins und im Klubraum bekannt gegebenen Hygiene-Regeln ist Voraussetzung f\u00fcr die Teilnahme. Bei Verst\u00f6\u00dfen kann die Turnierleitung einen Ausschluss verh\u00e4ngen!<\/font>\n       <\/td>\n<\/tr>\n<tr>\n<th style=\"vertical-align:top;\">Turniermodus<\/th>\n<td><b>A-Gruppe:<\/b> Bei <b>bis zu 6<\/b> Teilnehmern Rundenturnier; bei <b>7 bis 15<\/b> Teilnehmern 5, bei <b>mehr als 15<\/b> Teilnehmern 6 Runden Schweizer System.<br \/>\n<b>B-Gruppe:<\/b>  Bei <b> weniger als 5 <\/b>Teilnehmern spielen diese im A-Turnier mit, ansonsten wie in der A-Gruppe.<br \/>\n<b>F\u00fcr beide Turniere<\/b> werden zun\u00e4chst 5 Runden im Terminkalender vorgesehen.\n       <\/td>\n<\/tr>\n<tr>\n<th style=\"vertical-align:top;\">Bedenkzeit<\/th>\n<td><b>A- und B-Gruppe:<\/b>Die Bedenkzeit betr\u00e4gt <b>90 Minuten zuz\u00fcglich 30 Sekunden (Fischer) je Zug<\/b> (Spielweise 12 auf unseren Digitaluhren).\n       <\/td>\n<\/tr>\n<tr>\n<th style=\"vertical-align:top;\">Spielort<\/th>\n<td>In der Regel wird im Vereinshaus Gonzenheim gespielt (<a href = \"https:\/\/schachklub-bad-homburg.de\/?page_id=3776\">Anfahrtskizze<\/a>).\n       <\/td>\n<\/tr>\n<tr>\n<th style=\"vertical-align:top;\">Meldeschluss<\/th>\n<td>Die Anmeldung ist im Schachklub oder per E-Mail<br \/>\n(<b><a href = \"mailto:turnierleiter@schachklub-bad-homburg.de\">turnierleiter@schachklub-bad-homburg.de<\/a><\/b>) m\u00f6glich.<br \/>\nMeldeschluss ist am <b>04. September 2020 (20:00 Uhr<\/b> im Schachklub, <b>16:00<\/b> bei Anmeldung per E-Mail).\n       <\/td>\n<\/tr>\n<tr>\n<th style=\"vertical-align:top;\">Spieltage<\/th>\n<td>Es ist sp\u00e4testens um <b>20:00 Uhr<\/b> mit den Runden zu beginnen.<br \/>\n1. Runde: <b>11.09.2020<\/b><br \/>\n2. Runde: <b>16.10.2020<\/b><br \/>\n3. Runde: <b>20.11.2020<\/b><br \/>\n4. Runde: <b>11.12.2020<\/b><br \/>\n5. Runde: <b>15.01.2021<\/b>\n      <\/td>\n<\/tr>\n<tr>\n<th style=\"vertical-align:top;\">Preise<\/th>\n<td><b>A-Gruppe:<\/b> Der Sieger erh\u00e4lt einen <b>Pokal<\/b>. Die ersten Drei erhalten eine Urkunde sowie ein Preisgeld in H\u00f6he von <b>100 &euro;<\/b> f\u00fcr den Sieger, <b>50 &euro;<\/b> f\u00fcr den Zweiten und <b>25 &euro;<\/b> f\u00fcr den Dritten.<br \/>\nDie Geldpreise werden bei Punktgleichheit nach dem <b>Hort-System<\/b> vergeben. F\u00fcr die Platzierung wird als Zweitwertung die Turnierleistung (DWZ) herangezogen.<br \/>\nF\u00fcr die drei st\u00e4rksten Verbesserer (massgeblich ist daf\u00fcr die Differenz zwischen alter DWZ und ihrer Turnierleistung) gibt es <b>weitere Geldpreise<\/b> in H\u00f6he von <b>40, 20 und 10 &euro;<\/b>.<br \/>\n<b>B-Gruppe:<\/b> Der Sieger erh\u00e4lt einen <b>Pokal<\/b>. Die ersten Drei erhalten eine Urkunde sowie ein Preisgeld in H\u00f6he von <b>40 &euro;<\/b> f\u00fcr den Sieger, <b>20 &euro;<\/b> f\u00fcr den Zweiten und <b>10 &euro;<\/b> f\u00fcr den Dritten.<br \/>\nVergabe der Geldpreise nach dem <b>Hort-System<\/b> und Zweitwertung erfolgen wie in der A-Gruppe.\n       <\/td>\n<\/tr>\n<tr>\n<th style=\"vertical-align:top;\">Sonstiges<\/th>\n<td>F\u00fcr die Turniere erfolgt <b>keine DWZ-Wertung<\/b>. Allerdings wird die DWZ-Auswertung des Turnierprogramms f\u00fcr Zweitwertung und Sonderpreise (s.o.) verwendet.<br \/>\n\u00dcber dieses Turnier wird <b>per Aushang<\/b> in den Vereinsr\u00e4umen sowie aktuell <b>im Internet<\/b> berichtet.<br \/>\nDer <a href = \"http:\/\/www.schachklub-bad-homburg.de\">Schachklub Bad Homburg<\/a> ist der Veranstalter dieses Turniers.<br \/>\nBei <b>Fragen<\/b> reicht eine <a href = \"mailto:turnierleiter@schachklub-bad-homburg.de\">Mail-Nachricht<\/a> an den Turnierleiter, die kurzfristig beantwortet wird!\n       <\/td>\n<\/tr>\n<\/tbody>\n<\/table>\n","protected":false},"excerpt":{"rendered":"<p>Ausschreibung&nbsp;&nbsp;Teilnehmer (alphabetisch)&nbsp;&nbsp;Teilnehmer (DWZ)&nbsp;&nbsp;Paarungen&nbsp;&nbsp;Tabellen&nbsp;&nbsp;Historie Diese Turniere werden nach nur einer von f\u00fcnf Runden abgebrochen; es gibt dadurch keine Vereinsmeister in 2020. Eine Fortsetzung nach einer ca. neunmonatigen Unterbrechung ist nicht sinnvoll. Ausschreibung Kurzinfo Vereinsturniere in A- und B-Gruppe mit attraktiven Preisen. Vollrundig oder nach Schweizer System je nach Beteiligung. Teilnehmer Ausschlie\u00dflich Vereinsmitglieder sind teilnahmeberechtigt, in der <a href=\"https:\/\/www.schachklub-bad-homburg.de\/?page_id=17874\" class=\"more-link\">...weiterlesen<span class=\"screen-reader-text\"> \"Vereinsmeisterschaft 2020, Ausschreibung\"<\/span><\/a><\/p>\n","protected":false},"author":10,"featured_media":0,"parent":17886,"menu_order":0,"comment_status":"closed","ping_status":"closed","template":"","meta":{"footnotes":""},"class_list":["post-17874","page","type-page","status-publish","h-entry","hentry","h-as-page"],"_links":{"self":[{"href":"https:\/\/www.schachklub-bad-homburg.de\/index.php?rest_route=\/wp\/v2\/pages\/17874","targetHints":{"allow":["GET"]}}],"collection":[{"href":"https:\/\/www.schachklub-bad-homburg.de\/index.php?rest_route=\/wp\/v2\/pages"}],"about":[{"href":"https:\/\/www.schachklub-bad-homburg.de\/index.php?rest_route=\/wp\/v2\/types\/page"}],"author":[{"embeddable":true,"href":"https:\/\/www.schachklub-bad-homburg.de\/index.php?rest_route=\/wp\/v2\/users\/10"}],"replies":[{"embeddable":true,"href":"https:\/\/www.schachklub-bad-homburg.de\/index.php?rest_route=%2Fwp%2Fv2%2Fcomments&post=17874"}],"version-history":[{"count":11,"href":"https:\/\/www.schachklub-bad-homburg.de\/index.php?rest_route=\/wp\/v2\/pages\/17874\/revisions"}],"predecessor-version":[{"id":19397,"href":"https:\/\/www.schachklub-bad-homburg.de\/index.php?rest_route=\/wp\/v2\/pages\/17874\/revisions\/19397"}],"up":[{"embeddable":true,"href":"https:\/\/www.schachklub-bad-homburg.de\/index.php?rest_route=\/wp\/v2\/pages\/17886"}],"wp:attachment":[{"href":"https:\/\/www.schachklub-bad-homburg.de\/index.php?rest_route=%2Fwp%2Fv2%2Fmedia&parent=17874"}],"curies":[{"name":"wp","href":"https:\/\/api.w.org\/{rel}","templated":true}]}}