{"id":16501,"date":"2020-02-26T07:17:57","date_gmt":"2020-02-26T06:17:57","guid":{"rendered":"https:\/\/www.schachklub-bad-homburg.de\/?page_id=16501"},"modified":"2020-08-30T17:51:53","modified_gmt":"2020-08-30T15:51:53","slug":"pokalmeisterschaft-2020-ausschreibung","status":"publish","type":"page","link":"https:\/\/www.schachklub-bad-homburg.de\/?page_id=16501","title":{"rendered":"Pokalmeisterschaft 2020, Entfall"},"content":{"rendered":"<p>Die Pokalmeisterschaft 2020 muss leider wegen der Pandemie komplett ausfallen. Der Stillstand in unserem Klubleben seit Mitte M\u00e4rz hat die Termine f\u00fcr das laufende Jahr so verknappt, dass eine Durchf\u00fchrung alle anderen Vereinsturniere in Frage gestellt h\u00e4tte.<br \/>\nBei den vielen gemeldeten Teilnehmern (34 !) bedanken wir uns ganz herzlich f\u00fcr ihr gezeigtes Interesse und hoffen, dass in 2021 wieder normale Bedingungen f\u00fcr unser gr\u00f6\u00dftes Einzelturnier herrschen.<\/p>\n","protected":false},"excerpt":{"rendered":"<p>Die Pokalmeisterschaft 2020 muss leider wegen der Pandemie komplett ausfallen. Der Stillstand in unserem Klubleben seit Mitte M\u00e4rz hat die Termine f\u00fcr das laufende Jahr so verknappt, dass eine Durchf\u00fchrung alle anderen Vereinsturniere in Frage gestellt h\u00e4tte. Bei den vielen gemeldeten Teilnehmern (34 !) bedanken wir uns ganz herzlich f\u00fcr ihr gezeigtes Interesse und hoffen, <a href=\"https:\/\/www.schachklub-bad-homburg.de\/?page_id=16501\" class=\"more-link\">...weiterlesen<span class=\"screen-reader-text\"> \"Pokalmeisterschaft 2020, Entfall\"<\/span><\/a><\/p>\n","protected":false},"author":2,"featured_media":0,"parent":16499,"menu_order":0,"comment_status":"closed","ping_status":"closed","template":"","meta":{"footnotes":""},"class_list":["post-16501","page","type-page","status-publish","h-entry","hentry","h-as-page"],"_links":{"self":[{"href":"https:\/\/www.schachklub-bad-homburg.de\/index.php?rest_route=\/wp\/v2\/pages\/16501","targetHints":{"allow":["GET"]}}],"collection":[{"href":"https:\/\/www.schachklub-bad-homburg.de\/index.php?rest_route=\/wp\/v2\/pages"}],"about":[{"href":"https:\/\/www.schachklub-bad-homburg.de\/index.php?rest_route=\/wp\/v2\/types\/page"}],"author":[{"embeddable":true,"href":"https:\/\/www.schachklub-bad-homburg.de\/index.php?rest_route=\/wp\/v2\/users\/2"}],"replies":[{"embeddable":true,"href":"https:\/\/www.schachklub-bad-homburg.de\/index.php?rest_route=%2Fwp%2Fv2%2Fcomments&post=16501"}],"version-history":[{"count":15,"href":"https:\/\/www.schachklub-bad-homburg.de\/index.php?rest_route=\/wp\/v2\/pages\/16501\/revisions"}],"predecessor-version":[{"id":17867,"href":"https:\/\/www.schachklub-bad-homburg.de\/index.php?rest_route=\/wp\/v2\/pages\/16501\/revisions\/17867"}],"up":[{"embeddable":true,"href":"https:\/\/www.schachklub-bad-homburg.de\/index.php?rest_route=\/wp\/v2\/pages\/16499"}],"wp:attachment":[{"href":"https:\/\/www.schachklub-bad-homburg.de\/index.php?rest_route=%2Fwp%2Fv2%2Fmedia&parent=16501"}],"curies":[{"name":"wp","href":"https:\/\/api.w.org\/{rel}","templated":true}]}}