{"id":16486,"date":"2020-02-26T07:12:06","date_gmt":"2020-02-26T06:12:06","guid":{"rendered":"https:\/\/www.schachklub-bad-homburg.de\/?page_id=16486"},"modified":"2020-03-11T19:24:25","modified_gmt":"2020-03-11T18:24:25","slug":"senioren-meisterschaft-2020-teilnehmer-dwz","status":"publish","type":"page","link":"https:\/\/www.schachklub-bad-homburg.de\/?page_id=16486","title":{"rendered":"Senioren-Meisterschaft 2020, Teilnehmer (DWZ)"},"content":{"rendered":"<p><a href=\"http:\/\/www.schachklub-bad-homburg.de?p=16484\">Ausschreibung<\/a>&nbsp;&nbsp;<a href=\"http:\/\/www.schachklub-bad-homburg.de?p=16488\">Teilnehmer (alphabetisch)<\/a>&nbsp;&nbsp;<a href=\"http:\/\/www.schachklub-bad-homburg.de?p=16486\">Teilnehmer (DWZ)<\/a>&nbsp;&nbsp;<a href=\"http:\/\/www.schachklub-bad-homburg.de?p=16490\">Paarungen und Ergebnisse<\/a>&nbsp;&nbsp;<a href=\"http:\/\/www.schachklub-bad-homburg.de?p=16482\">Tabelle<\/a>&nbsp;&nbsp;<a href=\"http:\/\/www.schachklub-bad-homburg.de?p=30642\">Historie<\/a><\/p>\n<table>\n<tr>\n<th style = \"text-align: center;\" width = \"30\">Nr.<\/th>\n<th style = \"text-align: left;\" width = \"200\">Name<\/th>\n<th style = \"text-align: center;\"  width = \"40\">DWZ<\/th>\n<\/tr>\n<tr>\n<td style = \"text-align: center;\">1<\/td>\n<td>Lenhart, Paul<\/td>\n<td style = \"text-align: center;\">1867<\/td>\n<\/tr>\n<tr>\n<td style = \"text-align: center;\">2<\/td>\n<td>Lebermann, Hellmuth<\/td>\n<td style = \"text-align: center;\">1852<\/td>\n<\/tr>\n<tr>\n<td style = \"text-align: center;\">3<\/td>\n<td>Reimer, Otto<\/td>\n<td style = \"text-align: center;\">1804<\/td>\n<\/tr>\n<tr>\n<td style = \"text-align: center;\">4<\/td>\n<td>Heil, Walter<\/td>\n<td style = \"text-align: center;\">1790<\/td>\n<\/tr>\n<tr>\n<td style = \"text-align: center;\">5<\/td>\n<td>Knittel, Michael<\/td>\n<td style = \"text-align: center;\">1523<\/td>\n<\/tr>\n<tr>\n<td style = \"text-align: center;\">6<\/td>\n<td>Benz, J\u00fcrgen<\/td>\n<td style = \"text-align: center;\">1497<\/td>\n<\/tr>\n<tr>\n<td style = \"text-align: center;\">7<\/td>\n<td>Petry, Joachim<\/td>\n<td style = \"text-align: center;\">1295<\/td>\n<\/tr>\n<tr>\n<td style = \"text-align: center;\">8<\/td>\n<td>W\u00fcrzberger, G\u00fcnter<\/td>\n<td style = \"text-align: center;\">1233<\/td>\n<\/tr>\n<tr>\n<td style = \"text-align: center;\">9<\/td>\n<td>Berg, Rainer<\/td>\n<td style = \"text-align: center;\">1232<\/td>\n<\/tr>\n<tr>\n<td style = \"text-align: center;\">10<\/td>\n<td>Thaler, Regina<\/td>\n<td style = \"text-align: center;\">1162<\/td>\n<\/tr>\n<\/table>\n","protected":false},"excerpt":{"rendered":"<p>Ausschreibung&nbsp;&nbsp;Teilnehmer (alphabetisch)&nbsp;&nbsp;Teilnehmer (DWZ)&nbsp;&nbsp;Paarungen und Ergebnisse&nbsp;&nbsp;Tabelle&nbsp;&nbsp;Historie Nr. Name DWZ 1 Lenhart, Paul 1867 2 Lebermann, Hellmuth 1852 3 Reimer, Otto 1804 4 Heil, Walter 1790 5 Knittel, Michael 1523 6 Benz, J\u00fcrgen 1497 7 Petry, Joachim 1295 8 W\u00fcrzberger, G\u00fcnter 1233 9 Berg, Rainer 1232 10 Thaler, Regina 1162<\/p>\n","protected":false},"author":2,"featured_media":0,"parent":16482,"menu_order":1,"comment_status":"closed","ping_status":"closed","template":"","meta":{"footnotes":""},"class_list":["post-16486","page","type-page","status-publish","h-entry","hentry","h-as-page"],"_links":{"self":[{"href":"https:\/\/www.schachklub-bad-homburg.de\/index.php?rest_route=\/wp\/v2\/pages\/16486","targetHints":{"allow":["GET"]}}],"collection":[{"href":"https:\/\/www.schachklub-bad-homburg.de\/index.php?rest_route=\/wp\/v2\/pages"}],"about":[{"href":"https:\/\/www.schachklub-bad-homburg.de\/index.php?rest_route=\/wp\/v2\/types\/page"}],"author":[{"embeddable":true,"href":"https:\/\/www.schachklub-bad-homburg.de\/index.php?rest_route=\/wp\/v2\/users\/2"}],"replies":[{"embeddable":true,"href":"https:\/\/www.schachklub-bad-homburg.de\/index.php?rest_route=%2Fwp%2Fv2%2Fcomments&post=16486"}],"version-history":[{"count":5,"href":"https:\/\/www.schachklub-bad-homburg.de\/index.php?rest_route=\/wp\/v2\/pages\/16486\/revisions"}],"predecessor-version":[{"id":16721,"href":"https:\/\/www.schachklub-bad-homburg.de\/index.php?rest_route=\/wp\/v2\/pages\/16486\/revisions\/16721"}],"up":[{"embeddable":true,"href":"https:\/\/www.schachklub-bad-homburg.de\/index.php?rest_route=\/wp\/v2\/pages\/16482"}],"wp:attachment":[{"href":"https:\/\/www.schachklub-bad-homburg.de\/index.php?rest_route=%2Fwp%2Fv2%2Fmedia&parent=16486"}],"curies":[{"name":"wp","href":"https:\/\/api.w.org\/{rel}","templated":true}]}}