{"id":16203,"date":"2020-01-26T10:55:31","date_gmt":"2020-01-26T09:55:31","guid":{"rendered":"https:\/\/www.schachklub-bad-homburg.de\/?page_id=16203"},"modified":"2020-03-08T19:40:22","modified_gmt":"2020-03-08T18:40:22","slug":"vorstandsmitglieder-2020","status":"publish","type":"page","link":"https:\/\/www.schachklub-bad-homburg.de\/?page_id=16203","title":{"rendered":"Vorstandsmitglieder (2020)"},"content":{"rendered":"<table>\n<tbody>\n<tr>\n<th valign=\"top\" width=\"180\"><b>1. Vorsitzender<\/b><\/th>\n<td valign=\"top\" bgcolor=\"#ffffff\" width=\"200\"><b>Walter Schmidt<\/b><br \/>\nRobert-Kempner-Ring 7<br \/>\n61440 Oberursel<br \/>\nTel. 06171 698697<br \/>\n<a href=\"mailto:vorsitzender@schachklub-bad-homburg.de\">vorsitzender@schachklub-bad-homburg.de<\/a><\/td>\n<td bgcolor=\"#ffffff\"><img decoding=\"async\" src=\"wp-content\/uploads\/2017\/01\/3535_Walter Schmidt.jpg\" \/><\/td>\n<\/tr>\n<tr>\n<th valign=\"top\" ><b>2. Vorsitzender<\/b><\/th>\n<td valign=\"top\" bgcolor=\"#ffffff\"><b>Helmut Heiming<\/b><br \/>\n<a href=\"mailto:vorsitzender2@schachklub-bad-homburg.de\">vorsitzender2@schachklub-bad-homburg.de<\/a><\/td>\n<td bgcolor=\"#ffffff\"><img decoding=\"async\" src=\"wp-content\/uploads\/2017\/01\/3529_Helmut Heiming.jpg\" \/><\/td>\n<\/tr>\n<tr>\n<th valign=\"top\" ><b>Schatzmeister <br \/>Mitgliederverwaltung<\/b><\/th>\n<td valign=\"top\" bgcolor=\"#ffffff\"><b>Wolfgang Gebauer<\/b><br \/>\n<a href=\"mailto:kassenwart@schachklub-bad-homburg.de\">kassenwart@schachklub-bad-homburg.de<\/a><\/td>\n<td bgcolor=\"#ffffff\"><img decoding=\"async\" src=\"wp-content\/uploads\/2020\/03\/FotoWG.jpg\" \/><\/td>\n<\/tr>\n<tr>\n<th valign=\"top\" ><b>Turnierleiter<\/b><\/th>\n<td valign=\"top\" bgcolor=\"#ffffff\"><b>Paul Lenhart<\/b><br \/>\n<a href=\"mailto:turnierleiter@schachklub-bad-homburg.de\">turnierleiter@schachklub-bad-homburg.de<\/a><\/td>\n<td bgcolor=\"#ffffff\"><img decoding=\"async\" src=\"wp-content\/uploads\/2017\/01\/3533_Paul Lenhart.jpg\" \/><\/td>\n<\/tr>\n<tr>\n<th valign=\"top\" ><b>Schriftf\u00fchrer<\/b><\/th>\n<td valign=\"top\" bgcolor=\"#ffffff\"><b>Helmut Heiming<\/b><br \/>\n<a href=\"mailto:schriftfuehrer@schachklub-bad-homburg.de\">schriftfuehrer@schachklub-bad-homburg.de<\/a><\/td>\n<td bgcolor=\"#ffffff\"><img decoding=\"async\" src=\"wp-content\/uploads\/2017\/01\/3529_Helmut Heiming.jpg\" \/><\/td>\n<\/tr>\n<tr>\n<th valign=\"top\" ><b>Jugendleiter<\/b><\/th>\n<td valign=\"top\" bgcolor=\"#ffffff\"><b>Jan Goetz<\/b><br \/>\nTel.: 069-772767<br \/>\n<a href=\"mailto:jugendleiter@schachklub-bad-homburg.de\">jugendleiter@schachklub-bad-homburg.de<\/a><\/td>\n<td bgcolor=\"#ffffff\"><img decoding=\"async\" src=\"wp-content\/uploads\/2017\/01\/3530_Jan Goetz.jpg\" \/><\/td>\n<\/tr>\n<tr>\n<th valign=\"top\" ><b>Pressereferent<\/b><\/th>\n<td valign=\"top\" bgcolor=\"#ffffff\"><b>Ansgar G\u00f6bel<\/b><br \/>\n<a href=\"mailto:webmaster@schachklub-bad-homburg.de\">webmaster@schachklub-bad-homburg.de<\/a><\/td>\n<td bgcolor=\"#ffffff\"><img decoding=\"async\" src=\"wp-content\/uploads\/2020\/03\/WWW.jpg\" \/><\/td>\n<\/tr>\n<tr>\n<th valign=\"top\" ><b>Materialwart<\/b><\/th>\n<td valign=\"top\" bgcolor=\"#ffffff\"><b>Ulrich Knuplesch<\/b><br \/>\n<a href=\"mailto:materialwart@schachklub-bad-homburg.de\">materialwart@schachklub-bad-homburg.de<\/a><\/td>\n<td bgcolor=\"#ffffff\"><img decoding=\"async\" src=\"wp-content\/uploads\/2018\/02\/Knuplesch-Vorstand.jpg\" \/><\/td>\n<\/tr>\n<tr>\n<th valign=\"top\" ><b>Referent f\u00fcr Seniorenschach<\/b><\/th>\n<td valign=\"top\" bgcolor=\"#ffffff\"><b>G\u00fcnter W\u00fcrzberger<\/b><br \/>\n<a href=\"mailto:seniorenwart@schachklub-bad-homburg.de\">seniorenwart@schachklub-bad-homburg.de<\/a><\/td>\n<td bgcolor=\"#ffffff\"><img decoding=\"async\" src=\"wp-content\/uploads\/2017\/01\/3527_Guenter Wuerzberger.jpg\" \/><\/td>\n<\/tr>\n<\/tbody>\n<\/table>\n","protected":false},"excerpt":{"rendered":"<p>1. Vorsitzender Walter Schmidt Robert-Kempner-Ring 7 61440 Oberursel Tel. 06171 698697 vorsitzender@schachklub-bad-homburg.de 2. Vorsitzender Helmut Heiming vorsitzender2@schachklub-bad-homburg.de Schatzmeister Mitgliederverwaltung Wolfgang Gebauer kassenwart@schachklub-bad-homburg.de Turnierleiter Paul Lenhart turnierleiter@schachklub-bad-homburg.de Schriftf\u00fchrer Helmut Heiming schriftfuehrer@schachklub-bad-homburg.de Jugendleiter Jan Goetz Tel.: 069-772767 jugendleiter@schachklub-bad-homburg.de Pressereferent Ansgar G\u00f6bel webmaster@schachklub-bad-homburg.de Materialwart Ulrich Knuplesch materialwart@schachklub-bad-homburg.de Referent f\u00fcr Seniorenschach G\u00fcnter W\u00fcrzberger seniorenwart@schachklub-bad-homburg.de<\/p>\n","protected":false},"author":2,"featured_media":0,"parent":15792,"menu_order":6,"comment_status":"closed","ping_status":"closed","template":"","meta":{"footnotes":""},"class_list":["post-16203","page","type-page","status-publish","h-entry","hentry","h-as-page"],"_links":{"self":[{"href":"https:\/\/www.schachklub-bad-homburg.de\/index.php?rest_route=\/wp\/v2\/pages\/16203","targetHints":{"allow":["GET"]}}],"collection":[{"href":"https:\/\/www.schachklub-bad-homburg.de\/index.php?rest_route=\/wp\/v2\/pages"}],"about":[{"href":"https:\/\/www.schachklub-bad-homburg.de\/index.php?rest_route=\/wp\/v2\/types\/page"}],"author":[{"embeddable":true,"href":"https:\/\/www.schachklub-bad-homburg.de\/index.php?rest_route=\/wp\/v2\/users\/2"}],"replies":[{"embeddable":true,"href":"https:\/\/www.schachklub-bad-homburg.de\/index.php?rest_route=%2Fwp%2Fv2%2Fcomments&post=16203"}],"version-history":[{"count":8,"href":"https:\/\/www.schachklub-bad-homburg.de\/index.php?rest_route=\/wp\/v2\/pages\/16203\/revisions"}],"predecessor-version":[{"id":16672,"href":"https:\/\/www.schachklub-bad-homburg.de\/index.php?rest_route=\/wp\/v2\/pages\/16203\/revisions\/16672"}],"up":[{"embeddable":true,"href":"https:\/\/www.schachklub-bad-homburg.de\/index.php?rest_route=\/wp\/v2\/pages\/15792"}],"wp:attachment":[{"href":"https:\/\/www.schachklub-bad-homburg.de\/index.php?rest_route=%2Fwp%2Fv2%2Fmedia&parent=16203"}],"curies":[{"name":"wp","href":"https:\/\/api.w.org\/{rel}","templated":true}]}}