{"id":15797,"date":"2019-12-23T18:36:35","date_gmt":"2019-12-23T17:36:35","guid":{"rendered":"https:\/\/www.schachklub-bad-homburg.de\/?page_id=15797"},"modified":"2021-07-31T07:58:39","modified_gmt":"2021-07-31T05:58:39","slug":"monatsblitz-2020-ausschreibung","status":"publish","type":"page","link":"https:\/\/www.schachklub-bad-homburg.de\/?page_id=15797","title":{"rendered":"Monatsblitz 2020-21, Ausschreibung"},"content":{"rendered":"<p><a href=\"https:\/\/www.schachklub-bad-homburg.de?p=15797\">Ausschreibung<\/a>&nbsp;&nbsp;<a href=\"https:\/\/www.schachklub-bad-homburg.de?p=15795\">Rangliste<\/a>&nbsp;&nbsp;<a href=\"https:\/\/www.schachklub-bad-homburg.de?p=30642\">Historie<\/a><br \/>\n<a href=\"https:\/\/www.schachklub-bad-homburg.de?p=15801\">Jan 20<\/a>&nbsp;&nbsp;<a href=\"https:\/\/www.schachklub-bad-homburg.de?p=15803\">Feb 20<\/a>&nbsp;&nbsp;<a href=\"https:\/\/www.schachklub-bad-homburg.de?p=15805\">M\u00e4r 20<\/a>&nbsp;&nbsp;<a href=\"https:\/\/www.schachklub-bad-homburg.de?p=15807\">Apr 20<\/a>&nbsp;&nbsp;<a href=\"https:\/\/www.schachklub-bad-homburg.de?p=15809\">Mai 20<\/a>&nbsp;&nbsp;<a href=\"https:\/\/www.schachklub-bad-homburg.de?p=15811\">Jun 20<\/a>&nbsp;&nbsp;<a href=\"https:\/\/www.schachklub-bad-homburg.de?p=15813\">Jul 20<\/a>&nbsp;&nbsp;<a href=\"https:\/\/www.schachklub-bad-homburg.de?p=15815\">Aug 20<\/a>&nbsp;&nbsp;<a href=\"https:\/\/www.schachklub-bad-homburg.de?p=15817\">Sep 20<\/a>&nbsp;&nbsp;<a href=\"https:\/\/www.schachklub-bad-homburg.de?p=15819\">Okt 20<\/a>&nbsp;&nbsp;<a href=\"https:\/\/www.schachklub-bad-homburg.de?p=15821\">Nov 20<\/a>&nbsp;&nbsp;<a href=\"https:\/\/www.schachklub-bad-homburg.de?p=15823\">Dez 20<\/a>&nbsp;&nbsp;<br \/><a href=\"https:\/\/www.schachklub-bad-homburg.de?p=18532\">Jan 21<\/a>&nbsp;&nbsp;<a href=\"https:\/\/www.schachklub-bad-homburg.de?p=18537\">Feb 21<\/a>&nbsp;&nbsp;<a href=\"https:\/\/www.schachklub-bad-homburg.de?p=18541\">M\u00e4r 21<\/a><\/a>&nbsp;&nbsp;<a href=\"https:\/\/www.schachklub-bad-homburg.de?p=18544\">Apr 21<\/a>&nbsp;&nbsp;<a href=\"https:\/\/www.schachklub-bad-homburg.de?p=18546\">Mai 21<\/a>&nbsp;&nbsp;<a href=\"https:\/\/www.schachklub-bad-homburg.de?p=18548\">Jun 21<\/a>&nbsp;&nbsp;<a href=\"https:\/\/www.schachklub-bad-homburg.de?p=18551\">Jul 21<\/a>&nbsp;&nbsp;<a href=\"https:\/\/www.schachklub-bad-homburg.de?p=18553\">Aug 21<\/a>&nbsp;&nbsp;<a href=\"https:\/\/www.schachklub-bad-homburg.de?p=18556\">Sep 21<\/a>&nbsp;&nbsp;<a href=\"https:\/\/www.schachklub-bad-homburg.de?p=18558\">Okt 21<\/a>&nbsp;&nbsp;<a href=\"https:\/\/www.schachklub-bad-homburg.de?p=18560\">Nov 21<\/a><\/a>&nbsp;&nbsp;<a href=\"https:\/\/www.schachklub-bad-homburg.de?p=18562\">Dez 21<\/a><\/p>\n<p>Aufgrund der Pandemie konnten in 2020 nur vier Runden durchgef\u00fchrt werden. Dies ist im Vergleich zu der urspr\u00fcnglichen Ausschreibung zu wenig, um eine Jahreswertung zu rechtfertigen. Deshalb werden diese Runden zusammen mit den in 2021 durchf\u00fchrbaren Monatsblitzturnieren f\u00fcr eine Blitzmeisterschaft 2020\/21 gewertet.<br \/>\nDie Ausschreibung wurde daf\u00fcr komplett angepasst. Die \u00c4nderungen gegen\u00fcber der zuletzt ver\u00f6ffentlichten Ausschreibung sind in rot gekennzeichnet.<\/p>\n<h1>Blitzmeisterschaft <font color=\"red\">2020-21<\/font><\/h1>\n<h3>Ausschreibung<\/h3>\n<table>\n<tbody>\n<tr>\n<th style=\"vertical-align:top;\">Kurzinfo<\/th>\n<td>Blitzturniere (weitgehend nach FIDE-Regeln) <b>vollrundig oder nach Schweizer System<\/b> am letzten Spielabend-Freitag im Monat.\n       <\/td>\n<\/tr>\n<tr>\n<th style=\"vertical-align:top;\">Bedenkzeit<\/th>\n<td><b>3 Minuten plus 2 Sekunden<\/b> pro Zug (Fischer-Modus) je Spieler und Partie. Im Falle eines zurecht reklamierten regelwidrigen Zuges gibt es - im Gegensatz zu der unpraktikablen FIDE-Regel - keine Zeitgutschrift, sondern es wird verfahren wie nach dem zweiten solchen Fall.\n\t<\/td>\n<\/tr>\n<tr>\n<th style=\"vertical-align:top;\">Spielort<\/th>\n<td>In der Regel wird im Vereinshaus Gonzenheim gespielt, eine <a href=\"https:\/\/www.schachklub-bad-homburg.de\/?page_id=3776\">Anfahrtskizze<\/a> ist unter den Kontaktdaten zu finden.\n\t<\/td>\n<\/tr>\n<tr>\n<th style=\"vertical-align:top;\">Spielbeginn, Meldeschluss<\/th>\n<td>Turnierbeginn ist jeweils <b>p\u00fcnktlich um 20:15 Uhr<\/b>, Meldeschluss ist unmittelbar davor. Wer zu sp\u00e4t kommt hat kein Recht auf Teilnahme!\n\t<\/td>\n<\/tr>\n<tr>\n<th style=\"vertical-align:top;\">Teilnehmer<\/th>\n<td>Das Turnier ist <font color=\"red\"> offen f\u00fcr alle Schachspieler<\/font>.<br \/>\nDie Einhaltung der auf der Homepage des Vereins und im Klubraum bekannt gegebenen Hygiene-Regeln ist Voraussetzung f\u00fcr die Teilnahme. Bei Verst\u00f6\u00dfen kann die Turnierleitung einen Ausschluss verh\u00e4ngen!\n\t<\/td>\n<\/tr>\n<tr>\n<th style=\"vertical-align:top;\">Spieltage<\/th>\n<td>Es wird monatlich <font color=\"red\"> von Januar 2020 bis Dezember 2021 - soweit trotz Einschr\u00e4nkungen aufgrund der Pandemie m\u00f6glich -<\/font> in der Regel jeweils am letzten Freitag des Monats gespielt, jedoch gibt es Ausnahmen durch Feiertage etc. \u00dcber aktuelle Verlegungen informiert der <a href=\"https:\/\/www.schachklub-bad-homburg.de\/?page_id=28780\">Veranstaltungskalender<\/a>.\n\t<\/td>\n<\/tr>\n<tr>\n<th style=\"vertical-align:top;\">Preise<\/th>\n<td>Der <b>Sieger der Jahreswertung <font color=\"red\"> 2020-21 <\/font><\/b> erh\u00e4lt einen Pokal, die ersten 3 je eine Urkunde sowie ein Preisgeld in H\u00f6he von 60 \u20ac f\u00fcr den Sieger, 40 \u20ac f\u00fcr den Zweiten und 20 \u20ac f\u00fcr den Dritten.<br \/>F\u00fcr die <b>zwei gr\u00f6\u00dften Favoritenschrecke<\/b> <font color=\"red\">der Jahreswertung <\/font>gibt es 20 bzw. 10 \u20ac.<br \/>Der <b>Monatsbeste<\/b> des (knappen) unteren Drittels der Start-Rangliste (nach DWZ) erh\u00e4lt sofort nach dem Turnierende einen kleinen Sachpreis.\n      <\/td>\n<\/tr>\n<tr>\n<th style=\"vertical-align:top;\">Rangliste f\u00fcr die Jahreswertung<\/th>\n<td>Alle Turniere werden f\u00fcr die Ermittlung<font color=\"red\"> der Jahreswertung <\/font>herangezogen. F\u00fcr den <b>1.Platz eines Monatsturniers gibt es 13 Punkte<\/b>, f\u00fcr den 2.Platz 12 Punkte usw.; ab dem 13. Platz gibt es je 1 Punkt.<br \/>Belegen mehrere Spieler den gleichen Platz, erhalten sie die gleiche (hohe) Punktzahl. <font color=\"red\">Ein (knappes) Drittel der durchgef\u00fchrten Turniere in 2020-21 ergibt die Anzahl der zu ber\u00fccksichtigenden Streichwertungen. Die besten Wertungen <\/font>je Teilnehmer werden zusammengez\u00e4hlt, die Summe bestimmt dann die Rangfolge. Bei Gleichstand um den 1., 2. oder 3. Platz erfolgt zun\u00e4chst ein Stichkampfturnier \u00fcber soviele Runden, dass jeder Spieler mindestens 6 Partien spielt; danach ggf. einrundige Stichkampfturniere bis zur Entscheidung. Die anf\u00e4nglichen Farben werden dabei gelost, danach nach M\u00f6glichkeit immer gewechselt.<br \/>\n<br \/>Die Summe der je Turnier <b>gegen besser platzierte Gegner<\/b> erzielten Punkte (ohne Streichwertungen) bestimmt die Rangliste der <b>Favoritenschrecke<\/b>.<br \/><b>Achtung: <\/b>Bei dem <b>Dezember-Turnier<\/b> erhalten alle Teilnehmer <b>zwei Wertungspunkte und einen Favoritenschreckpunkt zus\u00e4tzlich<\/b> f\u00fcr die Dezember-Wertung!\n      <\/td>\n<\/tr>\n<tr>\n<th style=\"vertical-align:top;\">Spielmodus<\/th>\n<td>Treten <b>mehr als 20 Spieler<\/b> zu einem Termin an, so werden <b>15 Runden nach Schweizer System<\/b> (ohne Feinwertung) gespielt. Bei <b>weniger als 7 Teilnehmern wird doppelrundig<\/b> gespielt.\n\t<\/td>\n<\/tr>\n<tr>\n<th style=\"vertical-align:top;\">Startgelder<\/th>\n<td>Es wird kein Startgeld erhoben.\n\t<\/td>\n<\/tr>\n<tr>\n<th style=\"vertical-align:top;\">Info-Dienst<\/th>\n<td>\u00dcber dieses Turnier und den Fortschritt der einzelnen Teilnehmer wird aktuell im Internet und per Aushang berichtet. Alle das Turnier betreffende Informationen werden ausschlie\u00dflich so ver\u00f6ffentlicht.\n\t<\/td>\n<\/tr>\n<tr>\n<th style=\"vertical-align:top;\">Veranstalter<\/th>\n<td>Der <a href=\"https:\/\/www.schachklub-bad-homburg.de\/\">Schachklub Bad Homburg<\/a> ist der Veranstalter dieses Turniers.\n\t<\/td>\n<\/tr>\n<tr>\n<th style=\"vertical-align:top;\">Fragen?<\/th>\n<td>Eine email an den <a href=\"mailto:Turnierleiter@schachklub-bad-homburg.de\">Organisator<\/a>  wird kurzfristig beantwortet.\n\t<\/td>\n<\/tr>\n<\/tbody>\n<\/table>\n","protected":false},"excerpt":{"rendered":"<p>Ausschreibung&nbsp;&nbsp;Rangliste&nbsp;&nbsp;Historie Jan 20&nbsp;&nbsp;Feb 20&nbsp;&nbsp;M\u00e4r 20&nbsp;&nbsp;Apr 20&nbsp;&nbsp;Mai 20&nbsp;&nbsp;Jun 20&nbsp;&nbsp;Jul 20&nbsp;&nbsp;Aug 20&nbsp;&nbsp;Sep 20&nbsp;&nbsp;Okt 20&nbsp;&nbsp;Nov 20&nbsp;&nbsp;Dez 20&nbsp;&nbsp;Jan 21&nbsp;&nbsp;Feb 21&nbsp;&nbsp;M\u00e4r 21&nbsp;&nbsp;Apr 21&nbsp;&nbsp;Mai 21&nbsp;&nbsp;Jun 21&nbsp;&nbsp;Jul 21&nbsp;&nbsp;Aug 21&nbsp;&nbsp;Sep 21&nbsp;&nbsp;Okt 21&nbsp;&nbsp;Nov 21&nbsp;&nbsp;Dez 21 Aufgrund der Pandemie konnten in 2020 nur vier Runden durchgef\u00fchrt werden. Dies ist im Vergleich zu der urspr\u00fcnglichen Ausschreibung zu wenig, um eine Jahreswertung zu rechtfertigen. Deshalb werden diese <a href=\"https:\/\/www.schachklub-bad-homburg.de\/?page_id=15797\" class=\"more-link\">...weiterlesen<span class=\"screen-reader-text\"> \"Monatsblitz 2020-21, Ausschreibung\"<\/span><\/a><\/p>\n","protected":false},"author":2,"featured_media":0,"parent":15795,"menu_order":0,"comment_status":"closed","ping_status":"closed","template":"","meta":{"footnotes":""},"class_list":["post-15797","page","type-page","status-publish","h-entry","hentry","h-as-page"],"_links":{"self":[{"href":"https:\/\/www.schachklub-bad-homburg.de\/index.php?rest_route=\/wp\/v2\/pages\/15797","targetHints":{"allow":["GET"]}}],"collection":[{"href":"https:\/\/www.schachklub-bad-homburg.de\/index.php?rest_route=\/wp\/v2\/pages"}],"about":[{"href":"https:\/\/www.schachklub-bad-homburg.de\/index.php?rest_route=\/wp\/v2\/types\/page"}],"author":[{"embeddable":true,"href":"https:\/\/www.schachklub-bad-homburg.de\/index.php?rest_route=\/wp\/v2\/users\/2"}],"replies":[{"embeddable":true,"href":"https:\/\/www.schachklub-bad-homburg.de\/index.php?rest_route=%2Fwp%2Fv2%2Fcomments&post=15797"}],"version-history":[{"count":17,"href":"https:\/\/www.schachklub-bad-homburg.de\/index.php?rest_route=\/wp\/v2\/pages\/15797\/revisions"}],"predecessor-version":[{"id":19482,"href":"https:\/\/www.schachklub-bad-homburg.de\/index.php?rest_route=\/wp\/v2\/pages\/15797\/revisions\/19482"}],"up":[{"embeddable":true,"href":"https:\/\/www.schachklub-bad-homburg.de\/index.php?rest_route=\/wp\/v2\/pages\/15795"}],"wp:attachment":[{"href":"https:\/\/www.schachklub-bad-homburg.de\/index.php?rest_route=%2Fwp%2Fv2%2Fmedia&parent=15797"}],"curies":[{"name":"wp","href":"https:\/\/api.w.org\/{rel}","templated":true}]}}