{"id":15162,"date":"2019-10-17T18:58:01","date_gmt":"2019-10-17T16:58:01","guid":{"rendered":"https:\/\/www.schachklub-bad-homburg.de\/?page_id=15162"},"modified":"2019-10-17T19:12:54","modified_gmt":"2019-10-17T17:12:54","slug":"jugend-meisterschaft-2018-ausschreibung","status":"publish","type":"page","link":"https:\/\/www.schachklub-bad-homburg.de\/?page_id=15162","title":{"rendered":"Jugend-Meisterschaft 2019, Ausschreibung"},"content":{"rendered":"<p><a href=\"http:\/\/www.schachklub-bad-homburg.de?p=15162\">Ausschreibung<\/a> \u00a0\u00a0 <a href=\"http:\/\/www.schachklub-bad-homburg.de?p=15164\">Teilnehmer<\/a> \u00a0\u00a0 <a href=\"http:\/\/www.schachklub-bad-homburg.de?p=15160\">Tabelle<\/a> \u00a0\u00a0 <a href=\"http:\/\/www.schachklub-bad-homburg.de?p=15166\">Paarungen<\/a> \u00a0\u00a0 <a href=\"http:\/\/www.schachklub-bad-homburg.de?p=30642\">Historie<\/a><\/p>\n<table border=\"1\" width=\"650\" bgcolor=\"#ffffff\">\n<tbody>\n<tr>\n<th align=\"top\" width=\"120\"><b> Kurzinfo<\/b><\/th>\n<td align=\"top\">Jugend-Meisterschaft\u00a0des Schachklub Bad Homburg im Modus des Keizer-Systems und mit Notationspflicht.<\/td>\n<\/tr>\n<tr>\n<th align=\"top\" width=\"120\"><b> Teilnehmer<\/b><\/th>\n<td align=\"top\">Ausschlie\u00dflich jugendliche Vereinsmitglieder\u00a0(Jahrgang 2001 und j\u00fcnger) sind teilnahmeberechtigt.<\/td>\n<\/tr>\n<tr>\n<th align=\"top\" width=\"120\"><b> Turniermodus<\/b><\/th>\n<td align=\"top\">7 Runden Keizer-System.<br \/>\nEs gelten grunds\u00e4tzlich die FIDE-Regeln nach den Grunds\u00e4tzen der HSJ zur Regelauslegung bei Turnieren der U10. Abweichend davon verliert nur bei TeilnehmerInnen der Altersklassen U8 &amp; U10 erst der dritte vom Gegner selbst reklamierte regelwidrige Zug (ohne vorherige Zeitgutschriften), bei allen anderen TeilnehmerInnen gilt die FIDE-Regel 7.5.5 bei vom Gegner selbst reklamierten regelwidrigen Z\u00fcgen.<br \/>\nEs besteht Notationspflicht (Ausnahmen kann der Turnierleiter festlegen).<br \/>\nRichtlinie III.4 der FIDE-Regeln kommt nicht zur Anwendung.<\/td>\n<\/tr>\n<tr>\n<th align=\"top\" width=\"120\"><b> Bedenkzeit <\/b><\/th>\n<td align=\"top\">25 Minuten\u00a0pro SpielerIn und Partie.<\/td>\n<\/tr>\n<tr>\n<th align=\"top\" width=\"120\"><b> Spielort<\/b><\/th>\n<td align=\"top\">In der Regel wird\u00a0w\u00e4hrend des Jugendtrainings\u00a0(Freitags, ab ca. 18:15 Uhr) in der Albin-G\u00f6hring-Halle in Bad Homburg gespielt.<\/td>\n<\/tr>\n<tr>\n<th align=\"top\" width=\"120\"><b> Meldeschluss <\/b><\/th>\n<td align=\"top\">Die Anmeldung ist im Schachklub oder per E-Mail (<a href=\"mailto:jugendleiter@schachklub-bad-homburg.de\">jugendleiter@schachklub-bad-homburg.de<\/a>) m\u00f6glich. Meldeschluss ist der\u00a025. Oktober 2019, 18:00 Uhr. Die Auslosung der ersten Runde erfolgt unmittelbar danach.<\/td>\n<\/tr>\n<tr>\n<th align=\"top\" width=\"120\"><b> Spieltage <\/b><\/th>\n<td align=\"top\">25.10.2019<br \/>\n01.11.2019<br \/>\n08.11.2019<br \/>\n15.11.2019<br \/>\n29.11.2019<br \/>\n06.12.2019<br \/>\n13.12.2019<\/td>\n<\/tr>\n<tr>\n<th align=\"top\" width=\"120\"><b>Wertung<\/b><\/th>\n<td align=\"top\">1. Wertung: Keizer-Punkte<br \/>\n2. Wertung bei Punktgleichheit: erzielte Punkte (1 Punkt f\u00fcr Sieg &amp; 0,5 Punkte f\u00fcr Remis)<br \/>\nIn die Endwertung gehen nur SpielerInnen ein, die mindestens 4 der 7 Runden gespielt haben.<\/td>\n<\/tr>\n<tr>\n<th align=\"top\" width=\"120\"><b> Hauptpreise <\/b><\/th>\n<td align=\"top\">Die 3 Erstplatzierten erhalten Pokale.<\/td>\n<\/tr>\n<tr>\n<th align=\"top\" width=\"120\"><b> Altersklassenpreise<\/b><\/th>\n<td align=\"top\">Es werden die Altersklassen U8, U10, U12, U14, U16 und U18 eingerichtet, wenn mindestens 3 Spieler einer Altersklasse teilnehmen.<br \/>\nBei 3 Spielern \u2192 1 Ratingpreis<br \/>\nBei 4-5 Spielern \u2192 2 Ratingpreise<br \/>\nAb 6 Spielern \u2192 3 Ratingpreise<br \/>\nPokalgewinner sind von den Ratingpreisen ausgenommen.<\/td>\n<\/tr>\n<tr>\n<th align=\"top\" width=\"120\"><b> Info-Dienst <\/b><\/th>\n<td align=\"top\">\u00dcber dieses Turnier und den Fortschritt der einzelnen Teilnehmer wird per Aushang in den Vereinsr\u00e4umen sowie aktuell im Internet berichtet.<\/td>\n<\/tr>\n<tr>\n<th align=\"top\" width=\"120\"><b> Veranstalter <\/b><\/th>\n<td align=\"top\">Der <a href=\"http:\/\/www.schachklub-bad-homburg.de\" target=\"_top\" rel=\"noopener noreferrer\">Schachklub Bad Homburg<\/a> ist der Veranstalter dieses Turniers.<\/td>\n<\/tr>\n<tr>\n<th align=\"top\" width=\"120\"><b> Noch Fragen? <\/b><\/th>\n<td align=\"top\">Dann reicht eine <a href=\"mailto:jugendleiter@schachklub-bad-homburg.de\">Mail-Nachricht<\/a> an den Jugendleiter Jan Goetz, die kurzfristig beantwortet wird!<\/p>\n<p>Erl\u00e4uterungen zum Keizer-System finden sich im Internet, z.B. hier auf deutsch (<a href=\"http:\/\/keizer.schlapp.name\/\">http:\/\/keizer.schlapp.name\/<\/a>) oder noch etwas detaillierter hier auf englisch (<a href=\"https:\/\/www.jbfsoftware.com\/wordpress\/sevilla-keizer\/\">https:\/\/www.jbfsoftware.com\/wordpress\/sevilla-keizer\/<\/a>).<\/td>\n<\/tr>\n<\/tbody>\n<\/table>\n","protected":false},"excerpt":{"rendered":"<p>Ausschreibung \u00a0\u00a0 Teilnehmer \u00a0\u00a0 Tabelle \u00a0\u00a0 Paarungen \u00a0\u00a0 Historie Kurzinfo Jugend-Meisterschaft\u00a0des Schachklub Bad Homburg im Modus des Keizer-Systems und mit Notationspflicht. Teilnehmer Ausschlie\u00dflich jugendliche Vereinsmitglieder\u00a0(Jahrgang 2001 und j\u00fcnger) sind teilnahmeberechtigt. Turniermodus 7 Runden Keizer-System. Es gelten grunds\u00e4tzlich die FIDE-Regeln nach den Grunds\u00e4tzen der HSJ zur Regelauslegung bei Turnieren der U10. Abweichend davon verliert nur bei <a href=\"https:\/\/www.schachklub-bad-homburg.de\/?page_id=15162\" class=\"more-link\">...weiterlesen<span class=\"screen-reader-text\"> \"Jugend-Meisterschaft 2019, Ausschreibung\"<\/span><\/a><\/p>\n","protected":false},"author":2,"featured_media":0,"parent":15160,"menu_order":1,"comment_status":"closed","ping_status":"closed","template":"","meta":{"footnotes":""},"class_list":["post-15162","page","type-page","status-publish","h-entry","hentry","h-as-page"],"_links":{"self":[{"href":"https:\/\/www.schachklub-bad-homburg.de\/index.php?rest_route=\/wp\/v2\/pages\/15162","targetHints":{"allow":["GET"]}}],"collection":[{"href":"https:\/\/www.schachklub-bad-homburg.de\/index.php?rest_route=\/wp\/v2\/pages"}],"about":[{"href":"https:\/\/www.schachklub-bad-homburg.de\/index.php?rest_route=\/wp\/v2\/types\/page"}],"author":[{"embeddable":true,"href":"https:\/\/www.schachklub-bad-homburg.de\/index.php?rest_route=\/wp\/v2\/users\/2"}],"replies":[{"embeddable":true,"href":"https:\/\/www.schachklub-bad-homburg.de\/index.php?rest_route=%2Fwp%2Fv2%2Fcomments&post=15162"}],"version-history":[{"count":3,"href":"https:\/\/www.schachklub-bad-homburg.de\/index.php?rest_route=\/wp\/v2\/pages\/15162\/revisions"}],"predecessor-version":[{"id":15169,"href":"https:\/\/www.schachklub-bad-homburg.de\/index.php?rest_route=\/wp\/v2\/pages\/15162\/revisions\/15169"}],"up":[{"embeddable":true,"href":"https:\/\/www.schachklub-bad-homburg.de\/index.php?rest_route=\/wp\/v2\/pages\/15160"}],"wp:attachment":[{"href":"https:\/\/www.schachklub-bad-homburg.de\/index.php?rest_route=%2Fwp%2Fv2%2Fmedia&parent=15162"}],"curies":[{"name":"wp","href":"https:\/\/api.w.org\/{rel}","templated":true}]}}