{"id":13706,"date":"2019-02-27T18:36:25","date_gmt":"2019-02-27T17:36:25","guid":{"rendered":"https:\/\/www.schachklub-bad-homburg.de\/?page_id=13706"},"modified":"2019-02-27T18:42:27","modified_gmt":"2019-02-27T17:42:27","slug":"senioren-meisterschaft-2019-ausschreibung","status":"publish","type":"page","link":"https:\/\/www.schachklub-bad-homburg.de\/?page_id=13706","title":{"rendered":"Senioren-Meisterschaft 2019, Ausschreibung"},"content":{"rendered":"<p><a href=\"https:\/\/www.schachklub-bad-homburg.de?p=13706\">Ausschreibung<\/a>&nbsp;&nbsp;<a href=\"https:\/\/www.schachklub-bad-homburg.de?p=13708\">Teilnehmer (alphabetisch)<\/a>&nbsp;&nbsp;<a href=\"https:\/\/www.schachklub-bad-homburg.de?p=13710\">Teilnehmer (DWZ)<\/a>&nbsp;&nbsp;<a href=\"https:\/\/www.schachklub-bad-homburg.de?p=13712\">Paarungen\/Ergebnisse<\/a>&nbsp;&nbsp;<a href=\"https:\/\/www.schachklub-bad-homburg.de?p=13704\">Tabelle<\/a>&nbsp;&nbsp;<a href=\"https:\/\/www.schachklub-bad-homburg.de?p=30642\">Historie<\/a><\/p>\n<table>\n<tbody>\n<tr>\n<th style=\"vertical-align:top;\">Kurzinfo<\/th>\n<td><b>Vereinsturnier<\/b> im gemischten KO-\/Schweizer-System mit einer Bedenkzeit von 1,5 Stunden plus 30 Sekunden je Zug f\u00fcr die ganze Partie.\n       <\/td>\n<\/tr>\n<tr>\n<th style=\"vertical-align:top;\">Bedenkzeit<\/th>\n<td>Die Bedenkzeit betr\u00e4gt <b>90 Minuten zuz\u00fcglich 30 Sekunden (Fischer) je Zug<\/b> (Spielweise 12 auf unseren Digitaluhren).\n\t<\/td>\n<\/tr>\n<tr>\n<th style=\"vertical-align:top;\">Turniermodus<\/th>\n<td>Bei <b>bis zu 6<\/b> Teilnehmern Rundenturnier (Zweitwertung Sonneborn-Berger), sonst als <b>KO-Turnier mit angeschlossenem Schweizer System<\/b> (Zweitwertung Buchholz, Drittwertung Sonneborn-Berger).<br \/>\nBei Remis im KO-Turnier-Teil folgt zwingend (!) unmittelbar ein Stichkampf mit 10 Minuten zuz\u00fcglich 10 Sekunden (Fischer) je Zug, danach ggf. weitere mit 3 Minuten zuz\u00fcglich 2 Sekunden mit stets wechselnden Farben. Die erste Siegpartie bringt die Entscheidung.<br \/>\n<br \/>F\u00fcr die Durchf\u00fchrung des Turniers werden zun\u00e4chst 4 Runden im Kalender vorgesehen.\n\t<\/td>\n<\/tr>\n<tr>\n<th style=\"vertical-align:top;\">Spielort, Meldeschluss<\/th>\n<td>In der Regel wird in der Albin-G\u00f6hring-Halle in Bad Homburg Ober-Eschbach gespielt (<a href = \"https:\/\/schachklub-bad-homburg.de\/?page_id=3776\">Anfahrtskizze<\/a>).<br \/>\nDie Anmeldung ist im Schachklub in der ausgeh\u00e4ngten Liste oder per E-Mail (<b><a href =\"mailto:seniorenwart@schachklub-bad-homburg.de\">seniorenwart@schachklub-bad-homburg.de<\/a><\/b>) m\u00f6glich.<br \/>\nMeldeschluss ist am <b>08. M\u00e4rz 2019<\/b>.\n<\/td>\n<\/tr>\n<tr>\n<th style=\"vertical-align:top;\">Spieltage<\/th>\n<td>Es ist in der Regel um 20.00 Uhr mit den Runden zu beginnen.<br \/>\n1. Runde: <b>15.03.2019<\/b><br \/>\n2. Runde: <b>05.04.2019<\/b><br \/>\n3. Runde: <b>17.05.2019<\/b><br \/>\n4. Runde: <b>12.07.2019<\/b>\n<\/td>\n<\/tr>\n<tr>\n<th style=\"vertical-align:top;\">Teilnehmer<\/th>\n<td>Das Turnier ist <b>offen<\/b> f\u00fcr alle Schachspielerinnen vom Jahrgang 1964 und fr\u00fcher bzw. f\u00fcr alle Schachspieler vom Jahrgang 1959 und fr\u00fcher.\n\t<\/td>\n<\/tr>\n<tr>\n<th style=\"vertical-align:top;\">Preise<\/th>\n<td>Der Sieger erh\u00e4lt einen <b>Pokal<\/b>. Der Zweit- und Drittplatzierte erhalten je eine gravierte Medaille.\n      <\/td>\n<\/tr>\n<tr>\n<th style=\"vertical-align:top;\">DWZ-Wertung<\/th>\n<td>F\u00fcr das Turnier erfolgt <b>keine<\/b> DWZ-Wertung.\n\t<\/td>\n<\/tr>\n<tr>\n<th style=\"vertical-align:top;\">Startgelder<\/th>\n<td>Es wird kein Startgeld erhoben.\n\t<\/td>\n<\/tr>\n<tr>\n<th style=\"vertical-align:top;\">Info-Dienst<\/th>\n<td>\u00dcber dieses Turnier wird aktuell im Internet und per Aushang berichtet. Alle das Turnier betreffende Informationen werden ausschlie\u00dflich so ver\u00f6ffentlicht.\n\t<\/td>\n<\/tr>\n<tr>\n<th style=\"vertical-align:top;\">Veranstalter<\/th>\n<td>Der <a href=\"https:\/\/www.schachklub-bad-homburg.de\/\">Schachklub Bad Homburg<\/a> ist der Veranstalter dieses Turniers.\n\t<\/td>\n<\/tr>\n<tr>\n<th style=\"vertical-align:top;\">Fragen?<\/th>\n<td>Eine E-Mail an den <a href=\"mailto:Turnierleiter@schachklub-bad-homburg.de\">Organisator<\/a>  wird kurzfristig beantwortet.\n\t<\/td>\n<\/tr>\n<\/tbody>\n<\/table>\n","protected":false},"excerpt":{"rendered":"<p>Ausschreibung&nbsp;&nbsp;Teilnehmer (alphabetisch)&nbsp;&nbsp;Teilnehmer (DWZ)&nbsp;&nbsp;Paarungen\/Ergebnisse&nbsp;&nbsp;Tabelle&nbsp;&nbsp;Historie Kurzinfo Vereinsturnier im gemischten KO-\/Schweizer-System mit einer Bedenkzeit von 1,5 Stunden plus 30 Sekunden je Zug f\u00fcr die ganze Partie. Bedenkzeit Die Bedenkzeit betr\u00e4gt 90 Minuten zuz\u00fcglich 30 Sekunden (Fischer) je Zug (Spielweise 12 auf unseren Digitaluhren). Turniermodus Bei bis zu 6 Teilnehmern Rundenturnier (Zweitwertung Sonneborn-Berger), sonst als KO-Turnier mit angeschlossenem Schweizer <a href=\"https:\/\/www.schachklub-bad-homburg.de\/?page_id=13706\" class=\"more-link\">...weiterlesen<span class=\"screen-reader-text\"> \"Senioren-Meisterschaft 2019, Ausschreibung\"<\/span><\/a><\/p>\n","protected":false},"author":2,"featured_media":0,"parent":13704,"menu_order":0,"comment_status":"closed","ping_status":"closed","template":"","meta":{"footnotes":""},"class_list":["post-13706","page","type-page","status-publish","h-entry","hentry","h-as-page"],"_links":{"self":[{"href":"https:\/\/www.schachklub-bad-homburg.de\/index.php?rest_route=\/wp\/v2\/pages\/13706","targetHints":{"allow":["GET"]}}],"collection":[{"href":"https:\/\/www.schachklub-bad-homburg.de\/index.php?rest_route=\/wp\/v2\/pages"}],"about":[{"href":"https:\/\/www.schachklub-bad-homburg.de\/index.php?rest_route=\/wp\/v2\/types\/page"}],"author":[{"embeddable":true,"href":"https:\/\/www.schachklub-bad-homburg.de\/index.php?rest_route=\/wp\/v2\/users\/2"}],"replies":[{"embeddable":true,"href":"https:\/\/www.schachklub-bad-homburg.de\/index.php?rest_route=%2Fwp%2Fv2%2Fcomments&post=13706"}],"version-history":[{"count":3,"href":"https:\/\/www.schachklub-bad-homburg.de\/index.php?rest_route=\/wp\/v2\/pages\/13706\/revisions"}],"predecessor-version":[{"id":13722,"href":"https:\/\/www.schachklub-bad-homburg.de\/index.php?rest_route=\/wp\/v2\/pages\/13706\/revisions\/13722"}],"up":[{"embeddable":true,"href":"https:\/\/www.schachklub-bad-homburg.de\/index.php?rest_route=\/wp\/v2\/pages\/13704"}],"wp:attachment":[{"href":"https:\/\/www.schachklub-bad-homburg.de\/index.php?rest_route=%2Fwp%2Fv2%2Fmedia&parent=13706"}],"curies":[{"name":"wp","href":"https:\/\/api.w.org\/{rel}","templated":true}]}}