{"id":13145,"date":"2018-12-22T10:51:52","date_gmt":"2018-12-22T09:51:52","guid":{"rendered":"https:\/\/www.schachklub-bad-homburg.de\/?page_id=13145"},"modified":"2019-10-17T19:17:38","modified_gmt":"2019-10-17T17:17:38","slug":"alle-veranstaltung-2019","status":"publish","type":"page","link":"https:\/\/www.schachklub-bad-homburg.de\/?page_id=13145","title":{"rendered":"Veranstaltungen 2019"},"content":{"rendered":"<p>Wie in jedem Jahr bietet der Schachklub Bad Homburg die M\u00f6glichkeit zur Teilnahme an vielf\u00e4ltigen Veranstaltungen an.<\/p>\n<p>Freies Spiel wie Wettkampfatmosph\u00e4re, f\u00fcr Anf\u00e4nger wie f\u00fcr erfahrene Turnierhasen, Blitzschach wie Turnierpartien, Interne wie externe Turniere, f\u00fcr jeden Schachinteressierten ist etwas dabei!<\/p>\n<h3>Mannschaftsk\u00e4mpfe<\/h3>\n<ul>\n<li><a href=\"https:\/\/hessen.portal64.de\/ergebnisse\/show\/2019\/1143\/\" target=\"_blank\" rel=\"noopener noreferrer\">1. Mannschaft<\/a>: Hessenliga<\/li>\n<li><a href=\"https:\/\/hessen.portal64.de\/ergebnisse\/show\/2019\/1099\/\" target=\"_blank\" rel=\"noopener noreferrer\">2. Mannschaft<\/a>: Bezirksoberliga<\/li>\n<li><a href=\"https:\/\/hessen.portal64.de\/ergebnisse\/show\/2019\/1097\/\" target=\"_blank\" rel=\"noopener noreferrer\">3. Mannschaft<\/a>: Bezirksliga<\/li>\n<li><a href=\"https:\/\/hessen.portal64.de\/ergebnisse\/show\/2019\/1091\/\" target=\"_blank\" rel=\"noopener noreferrer\">4. Mannschaft<\/a>: Kreisliga<\/li>\n<li><a href=\"https:\/\/hessen.portal64.de\/ergebnisse\/show\/2019\/1091\/\" target=\"_blank\" rel=\"noopener noreferrer\">5. Mannschaft<\/a>: Kreisliga<\/li>\n<li><a href=\"https:\/\/hessen.portal64.de\/ergebnisse\/show\/2019\/1241\/\" target=\"_blank\" rel=\"noopener noreferrer\">Kinder:<\/a> Jugendliga<\/li>\n<li><a href=\"wp-content\/uploads\/2016\/11\/494_Ligasystem.pdf\" target=\"_blank\" rel=\"noopener noreferrer\">Das Deutsche Ligasystem aus Sicht des Bezirk 5<\/a><\/li>\n<li><a href=\"http:\/\/www.schachklub-bad-homburg.de\/LigaOrakel.php\" target=\"_blank\" rel=\"noopener noreferrer\">Das LigaOrakel<\/a><\/li>\n<\/ul>\n<h3>Vereinsturniere<\/h3>\n<p>S\u00e4mtliche Turniere stehen i.a. auch G\u00e4sten offen. Anfragen bitte an den <a href=\"mailto:turnierleiter@schachklub-bad-homburg.de\">Turnierleiter<\/a>.<\/p>\n<ul>\n<li><a href=\"https:\/\/www.schachklub-bad-homburg.de?p=14626\">Vereinsmeisterschaft<\/a> (Schweizer System, 2 Gruppen)<\/li>\n<li><a href=\"https:\/\/www.schachklub-bad-homburg.de?p=13732\">Pokalturnier<\/a> (KO-System)<\/li>\n<li><a href=\"https:\/\/www.schachklub-bad-homburg.de?p=14869\">Turnier-Simultan<\/a> (10 Spieler gleichzeitig jeder gegen jeden - Turnierbedenkzeit)<\/li>\n<li><a href=\"https:\/\/www.schachklub-bad-homburg.de?p=13984\">Schnellschach-Meisterschaft<\/a> (Bronstein-Modus)<\/li>\n<li><a href=\"https:\/\/www.schachklub-bad-homburg.de?p=13156\">Blitzmeisterschaft<\/a> (monatlich mit Gesamtwertung)<\/li>\n<li><a href=\"https:\/\/www.schachklub-bad-homburg.de?p=13641\">Chess960-Meisterschaft<\/a> (Schnellschach)<\/li>\n<li><a href=\"https:\/\/www.schachklub-bad-homburg.de\/p=15162\">Jugend-Meisterschaft<\/a> (Kinder und Jugendliche)<\/li>\n<li><a href=\"https:\/\/www.schachklub-bad-homburg.de?p=13712\">Senioren-Meisterschaft<\/a> (Rundenturnier oder Schweizer System)<\/li>\n<li><a href=\"https:\/\/www.schachklub-bad-homburg.de?p=6490\">Kampf der Generationen<\/a>: Jugendliche gegen Senioren im Wettstreit<\/li>\n<li><a href=\"https:\/\/www.schachklub-bad-homburg.de?p=28780\">Termin\u00fcbersicht<\/a><\/li>\n<li><a href=\"https:\/\/www.schachklub-bad-homburg.de?p=30642\">Siegerlisten<\/a> der vergangenen Jahre<\/li>\n<\/ul>\n<h3>Training<\/h3>\n<ul>\n<li><a href=\"http:\/\/www.schachklub-bad-homburg.de?p=10700\">Jugendarbeit<\/a><\/li>\n<li><a href=\"http:\/\/www.schachklub-bad-homburg.de?p=6439\">Training und Kurse f\u00fcr Erwachsene<\/a><\/li>\n<\/ul>\n<h3>Eigene Turniere<\/h3>\n<ul>\n<li><a href=\"http:\/\/www.rhein-main-open.de\" target=\"_top\" rel=\"noopener noreferrer\">Rhein-Main-Open<\/a>: Ein gro\u00dfes hessisches und j\u00e4hrliches Open um Fronleichnam in Bad Homburg<\/li>\n<li><a href=\"http:\/\/www.schachbund.de\/dem-aerzte-2017.html\" target=\"_blank\" rel=\"noopener noreferrer\">Deutsche \u00c4rzte-Meisterschaft 2017<\/a><\/li>\n<li><a href=\"http:\/\/www.bad-homburg-open.de\/chronik\/2017b\/hgo_frameset.htm\" target=\"_top\" rel=\"noopener noreferrer\">Jugend-DWZ-Cup<\/a>: Jugendturnier in 10 gleichstarken 4er-Gruppen<\/li>\n<li><a href=\"http:\/\/www.schachklub-bad-homburg.de?p=3871\">Damen-GM-Turnier 2007<\/a>: Die Deutsche Damen-Nationalmanschaft im Vergleich mit internationalen G\u00e4sten<\/li>\n<li><a href=\"http:\/\/www.bad-homburg-open.de\/chronik\/2006\/hgo_frameset.htm\" target=\"_top\" rel=\"noopener noreferrer\">Offene Bad Homburger Stadtmeisterschaft 2006<\/a>: Schnellschachmeisterschaft mit internationaler Besetzung<\/li>\n<li><a href=\"NoneWP\/sen-ec\/index.htm\" target=\"_top\" rel=\"noopener noreferrer\">Europ\u00e4ische Seniorenmeisterschaft 2005<\/a><\/li>\n<li><a href=\"http:\/\/www.ebc.de\/gmturnier98\" target=\"_top\" rel=\"noopener noreferrer\">Internationales Gro\u00dfmeisterturnier<\/a> (zuletzt 1998)<\/li>\n<\/ul>\n<h3>Fremde Veranstaltungen<\/h3>\n<ul>\n<li><a href=\"http:\/\/hessische.schach-chroniken.net\/turnierangebot_50000.htm\" target=\"_blank\" rel=\"noopener noreferrer\">Turnierangebot im Hessischen Schachverband<\/a><\/li>\n<li><a href=\"http:\/\/bezirk-frankfurt.schach-chroniken.net\/turnierangebot_55000.htm\" target=\"_blank\" rel=\"noopener noreferrer\">Turnierangebot im Bezirk Frankfurt<\/a><\/li>\n<li><a href=\"http:\/\/fruehjahrsopen.sv1920hofheim.de\/2017\/startseite.php\" target=\"_blank\" rel=\"noopener noreferrer\">Fr\u00fchjahrsopen Hofheim<\/a><\/li>\n<li><a href=\"http:\/\/www.schach-chroniken.net\/hso\/hso_historie.htm\" target=\"_blank\" rel=\"noopener noreferrer\">Heusenstamm-Open<\/a><\/li>\n<li><a href=\"http:\/\/www.schlosspark-open.de\/?q=taxonomy\/term\/19\" target=\"_blank\" rel=\"noopener noreferrer\">Schlosspark-Open Wiesbaden<\/a><\/li>\n<li><a href=\"http:\/\/www.schachverein-fechenheim.de\" target=\"_blank\" rel=\"noopener noreferrer\">Siegfried-Weber-Gedenkturnier<\/a>: Schnellschach in Fechenheim<\/li>\n<\/ul>\n","protected":false},"excerpt":{"rendered":"<p>Wie in jedem Jahr bietet der Schachklub Bad Homburg die M\u00f6glichkeit zur Teilnahme an vielf\u00e4ltigen Veranstaltungen an. Freies Spiel wie Wettkampfatmosph\u00e4re, f\u00fcr Anf\u00e4nger wie f\u00fcr erfahrene Turnierhasen, Blitzschach wie Turnierpartien, Interne wie externe Turniere, f\u00fcr jeden Schachinteressierten ist etwas dabei! Mannschaftsk\u00e4mpfe 1. Mannschaft: Hessenliga 2. Mannschaft: Bezirksoberliga 3. Mannschaft: Bezirksliga 4. Mannschaft: Kreisliga 5. Mannschaft: <a href=\"https:\/\/www.schachklub-bad-homburg.de\/?page_id=13145\" class=\"more-link\">...weiterlesen<span class=\"screen-reader-text\"> \"Veranstaltungen 2019\"<\/span><\/a><\/p>\n","protected":false},"author":2,"featured_media":0,"parent":0,"menu_order":67,"comment_status":"closed","ping_status":"closed","template":"","meta":{"footnotes":""},"class_list":["post-13145","page","type-page","status-publish","h-entry","hentry","h-as-page"],"_links":{"self":[{"href":"https:\/\/www.schachklub-bad-homburg.de\/index.php?rest_route=\/wp\/v2\/pages\/13145","targetHints":{"allow":["GET"]}}],"collection":[{"href":"https:\/\/www.schachklub-bad-homburg.de\/index.php?rest_route=\/wp\/v2\/pages"}],"about":[{"href":"https:\/\/www.schachklub-bad-homburg.de\/index.php?rest_route=\/wp\/v2\/types\/page"}],"author":[{"embeddable":true,"href":"https:\/\/www.schachklub-bad-homburg.de\/index.php?rest_route=\/wp\/v2\/users\/2"}],"replies":[{"embeddable":true,"href":"https:\/\/www.schachklub-bad-homburg.de\/index.php?rest_route=%2Fwp%2Fv2%2Fcomments&post=13145"}],"version-history":[{"count":17,"href":"https:\/\/www.schachklub-bad-homburg.de\/index.php?rest_route=\/wp\/v2\/pages\/13145\/revisions"}],"predecessor-version":[{"id":15177,"href":"https:\/\/www.schachklub-bad-homburg.de\/index.php?rest_route=\/wp\/v2\/pages\/13145\/revisions\/15177"}],"wp:attachment":[{"href":"https:\/\/www.schachklub-bad-homburg.de\/index.php?rest_route=%2Fwp%2Fv2%2Fmedia&parent=13145"}],"curies":[{"name":"wp","href":"https:\/\/api.w.org\/{rel}","templated":true}]}}