{"id":12487,"date":"2018-09-22T07:18:32","date_gmt":"2018-09-22T05:18:32","guid":{"rendered":"https:\/\/www.schachklub-bad-homburg.de\/?page_id=12487"},"modified":"2018-09-22T07:22:40","modified_gmt":"2018-09-22T05:22:40","slug":"turnier-simultan-2017-ausschreibung","status":"publish","type":"page","link":"https:\/\/www.schachklub-bad-homburg.de\/?page_id=12487","title":{"rendered":"Turnier-Simultan 2018, Ausschreibung"},"content":{"rendered":"<p><a href=\"http:\/\/www.schachklub-bad-homburg.de?p=12487\">Ausschreibung<\/a> \u00a0\u00a0 <a href=\"http:\/\/www.schachklub-bad-homburg.de?p=12490\">Anmeldungen (alphabetisch)<\/a> \u00a0\u00a0 <a href=\"http:\/\/www.schachklub-bad-homburg.de?p=12492\">Anmeldungen (DWZ)<\/a> \u00a0\u00a0 <a href=\"http:\/\/www.schachklub-bad-homburg.de?p=12485\">Tabelle<\/a> \u00a0\u00a0 <a href=\"http:\/\/www.schachklub-bad-homburg.de?p=30642\">Historie<\/a><\/p>\n<h3>Ausschreibung<\/h3>\n<table>\n<tbody>\n<tr>\n<th style=\"vertical-align: top;\">Kurzinfo<\/th>\n<td>Turnier-Simultan f\u00fcr 10 Teilnehmer.<\/td>\n<\/tr>\n<tr>\n<th style=\"vertical-align: top;\">Teilnehmer<\/th>\n<td><b>Ausschlie\u00dflich Vereinsmitglieder<\/b> sind teilnahmeberechtigt.<\/td>\n<\/tr>\n<tr>\n<th style=\"vertical-align: top;\">Turniermodus<\/th>\n<td>Bis zu <b>10<\/b> Teilnehmer spielen <b>gleichzeitig<\/b> gegeneinander an jeweils einem Brett mit separater Uhr.<\/p>\n<p>F\u00fcr einen Sieg erh\u00e4lt man <b>3 Punkte<\/b>, f\u00fcr ein Unentschieden <b>1 Punkt<\/b> und f\u00fcr eine Niederlage keinen Punkt.<\/p>\n<p>Das Turnier wird an einem Abend ausgetragen. Genauere Instruktionen \u00fcber die Brettfolge, Verhaltensregeln etc. werden den Teilnehmern unmittelbar zu Beginn mitgeteilt.<\/td>\n<\/tr>\n<tr>\n<th style=\"vertical-align: top;\">Bedenkzeit<\/th>\n<td>Die Bedenkzeit betr\u00e4gt <b>90 Minuten zuz\u00fcglich 30 Sekunden je Zug (Fischer)<\/b> an jedem Brett.<\/p>\n<p>Die Bedenkzeit eines Spielers kann dadurch an mehreren Brettern gleichzeitig laufen.<\/td>\n<\/tr>\n<tr>\n<th style=\"vertical-align: top;\">Spielort<\/th>\n<td>Es wird am <b>09.11.2018 im Vereinshaus Gonzenheim<\/b> in Bad Homburg gespielt.<\/td>\n<\/tr>\n<tr>\n<th style=\"vertical-align: top;\">Meldeschluss<\/th>\n<td>Meldeschluss ist am <b>02.11.2018 um 22:00 Uhr<\/b>.<\/p>\n<p>Da nur maximal 10 Teilnehmer m\u00f6glich sind, gelten <b>bis zum 26.10.2018 die DWZ-F\u00fchrenden<\/b> der bis dahin Gemeldeten als spielberechtigt; danach gilt ggf. die Reihenfolge der Anmeldung.<\/p>\n<p>Haben meldende Spieler <b>keine DWZ<\/b>, wird diese durch den Turnierleiter <b>gesch\u00e4tzt. <\/b><\/p>\n<p>Wer durch die Beschr\u00e4nkung der Teilnehmer nicht zum Zuge kommt, hat f\u00fcr \u00e4hnliche Folgeveranstaltungen dann ein Vorrecht.<\/p>\n<p><b>Spielbeginn ist am 09.11.2018 um 20:00 Uhr<\/b>.<\/td>\n<\/tr>\n<tr>\n<th style=\"vertical-align: top;\">Preise<\/th>\n<td>Die ersten 3 erhalten eine Urkunde direkt im Anschlu\u00df an das Turnier. Punktgleiche belegen gemeinsam die entsprechend geteilten Pl\u00e4tze.<\/td>\n<\/tr>\n<tr>\n<th style=\"vertical-align: top;\">Start-, Reuegeld<\/th>\n<td>Es wird kein Startgeld und kein Reuegeld erhoben.<\/td>\n<\/tr>\n<tr>\n<th style=\"vertical-align: top;\">Info-Dienst<\/th>\n<td>\u00dcber dieses Turnier wird aktuell im Internet und per Aushang berichtet. Alle das Turnier betreffende Informationen werden ausschlie\u00dflich so ver\u00f6ffentlicht.<\/td>\n<\/tr>\n<tr>\n<th style=\"vertical-align: top;\">Veranstalter<\/th>\n<td>Der <a href=\"https:\/\/www.schachklub-bad-homburg.de\">Schachklub Bad Homburg<\/a> ist der Veranstalter dieses Turniers.<\/td>\n<\/tr>\n<tr>\n<th style=\"vertical-align: top;\">Fragen?<\/th>\n<td>Eine E-Mail an den <a href=\"mailto:turnierleiter@schachklub-bad-homburg.de\">Organisator<\/a> wird kurzfristig beantwortet.<\/td>\n<\/tr>\n<\/tbody>\n<\/table>\n","protected":false},"excerpt":{"rendered":"<p>Ausschreibung \u00a0\u00a0 Anmeldungen (alphabetisch) \u00a0\u00a0 Anmeldungen (DWZ) \u00a0\u00a0 Tabelle \u00a0\u00a0 Historie Ausschreibung Kurzinfo Turnier-Simultan f\u00fcr 10 Teilnehmer. Teilnehmer Ausschlie\u00dflich Vereinsmitglieder sind teilnahmeberechtigt. Turniermodus Bis zu 10 Teilnehmer spielen gleichzeitig gegeneinander an jeweils einem Brett mit separater Uhr. F\u00fcr einen Sieg erh\u00e4lt man 3 Punkte, f\u00fcr ein Unentschieden 1 Punkt und f\u00fcr eine Niederlage keinen Punkt. <a href=\"https:\/\/www.schachklub-bad-homburg.de\/?page_id=12487\" class=\"more-link\">...weiterlesen<span class=\"screen-reader-text\"> \"Turnier-Simultan 2018, Ausschreibung\"<\/span><\/a><\/p>\n","protected":false},"author":2,"featured_media":0,"parent":12485,"menu_order":0,"comment_status":"closed","ping_status":"closed","template":"","meta":{"footnotes":""},"class_list":["post-12487","page","type-page","status-publish","h-entry","hentry","h-as-page"],"_links":{"self":[{"href":"https:\/\/www.schachklub-bad-homburg.de\/index.php?rest_route=\/wp\/v2\/pages\/12487","targetHints":{"allow":["GET"]}}],"collection":[{"href":"https:\/\/www.schachklub-bad-homburg.de\/index.php?rest_route=\/wp\/v2\/pages"}],"about":[{"href":"https:\/\/www.schachklub-bad-homburg.de\/index.php?rest_route=\/wp\/v2\/types\/page"}],"author":[{"embeddable":true,"href":"https:\/\/www.schachklub-bad-homburg.de\/index.php?rest_route=\/wp\/v2\/users\/2"}],"replies":[{"embeddable":true,"href":"https:\/\/www.schachklub-bad-homburg.de\/index.php?rest_route=%2Fwp%2Fv2%2Fcomments&post=12487"}],"version-history":[{"count":3,"href":"https:\/\/www.schachklub-bad-homburg.de\/index.php?rest_route=\/wp\/v2\/pages\/12487\/revisions"}],"predecessor-version":[{"id":12497,"href":"https:\/\/www.schachklub-bad-homburg.de\/index.php?rest_route=\/wp\/v2\/pages\/12487\/revisions\/12497"}],"up":[{"embeddable":true,"href":"https:\/\/www.schachklub-bad-homburg.de\/index.php?rest_route=\/wp\/v2\/pages\/12485"}],"wp:attachment":[{"href":"https:\/\/www.schachklub-bad-homburg.de\/index.php?rest_route=%2Fwp%2Fv2%2Fmedia&parent=12487"}],"curies":[{"name":"wp","href":"https:\/\/api.w.org\/{rel}","templated":true}]}}