{"id":12192,"date":"2018-07-23T07:57:43","date_gmt":"2018-07-23T05:57:43","guid":{"rendered":"https:\/\/www.schachklub-bad-homburg.de\/?page_id=12192"},"modified":"2018-07-23T08:07:00","modified_gmt":"2018-07-23T06:07:00","slug":"jugendmeisterschaft-2018-ausschreibung","status":"publish","type":"page","link":"https:\/\/www.schachklub-bad-homburg.de\/?page_id=12192","title":{"rendered":"Jugendmeisterschaft 2018, Ausschreibung"},"content":{"rendered":"<p><a href=\"http:\/\/www.schachklub-bad-homburg.de?p=12192\">Ausschreibung<\/a> \u00a0 <a href=\"http:\/\/www.schachklub-bad-homburg.de?p=12194\">Teilnehmer<\/a> \u00a0 <a href=\"http:\/\/www.schachklub-bad-homburg.de?p=12190\">Tabelle<\/a> \u00a0 <a href=\"http:\/\/www.schachklub-bad-homburg.de?p=12196\">Paarungen<\/a> \u00a0 <a href=\"http:\/\/www.schachklub-bad-homburg.de?p=30642\">Historie<\/a><\/p>\n<table border=\"1\" width=\"550\" bgcolor=\"#ffffff\">\n<tbody>\n<tr>\n<th align=\"top\" width=\"120\"><b> Kurzinfo<\/b><\/th>\n<td align=\"top\"><b>Jugend-Meisterschaft<\/b> des Schachklub Bad Homburg im gemischen Pokal\/Schweizer-System-Modus mit verk\u00fcrzter Bedenkzeit.<\/td>\n<\/tr>\n<tr>\n<th align=\"top\" width=\"120\"><b> Teilnehmer<\/b><\/th>\n<td align=\"top\"><b>Ausschlie\u00dflich jugendliche Vereinsmitglieder<\/b> sind teilnahmeberechtigt.<\/td>\n<\/tr>\n<tr>\n<th align=\"top\" width=\"120\"><b> Turniermodus<\/b><\/th>\n<td align=\"top\"><b>D\u00e4hne-Pokal-System:<\/b><br \/>\nDer Turniersieger wird \u00fcber den Pokalmodus ermittelt. Verlierer einer Pokalrunde steigen mit ihrer bis dahin im Pokalturnier erzielten Punktzahl (ohne die Tiebreak-Punkte) in ein Schweizer-System-Turnier ein.<\/td>\n<\/tr>\n<tr>\n<th align=\"top\" width=\"120\"><b> Bedenkzeit <\/b><\/th>\n<td align=\"top\"><b>25 Minuten<\/b> pro Spieler und Partie; falls es im Pokalmodus zu einem Stechen kommt, wird dieses mit vertauschten Farben und 10 Minuten pro Spieler und Partie ausgetragen.<\/td>\n<\/tr>\n<tr>\n<th align=\"top\" width=\"120\"><b> Spielort<\/b><\/th>\n<td align=\"top\">In der Regel wird <b>w\u00e4hrend des Jugendtrainings<\/b> (freitags, ab 17:30 Uhr) im Vereinshaus Gonzenheim in Bad Homburg gespielt (<a href=\"http:\/\/www.schachklub-bad-homburg.de?p=3776\">Anfahrtskizze<\/a>). Da die n\u00e4chste Runde des Turniers immer erst dann ausgelost werden kann, wenn alle Partien der laufenden Runde gespielt worden sind, ist es notwendig, dass die Teilnehmer <b>h\u00e4ufig am Jugendtraining teilnehmen<\/b> und gegebenfalls Partien auch mal privat nachholen, um einen reibungslosen Ablauf zu gew\u00e4hrleisten.<\/td>\n<\/tr>\n<tr>\n<th align=\"top\" width=\"120\"><b> Meldeschluss <\/b><\/th>\n<td align=\"top\">Die Anmeldung ist im Schachklub oder per E-Mail (<b><a href=\"mailto:jugendleiter@schachklub-bad-homburg.de\">jugendleiter@schachklub-bad-homburg.de<\/a><\/b>) m\u00f6glich. Meldeschluss ist der <b>17. August 2018, 17:30 Uhr<\/b>. Die Auslosung der ersten Runde erfolgt unmittelbar danach.<\/td>\n<\/tr>\n<tr>\n<th align=\"top\" width=\"120\"><b> Spieltage <\/b><\/th>\n<td align=\"top\">F\u00fcr das Turnier ist kein fester Spielplan vorgesehen, sondern die n\u00e4chste Runde wird immer ausgelost, sobald die laufende beendet ist. Um einen reibungslosen Ablauf wird gebeten.<\/td>\n<\/tr>\n<tr>\n<th align=\"top\" width=\"120\"><b> Hauptpreise <\/b><\/th>\n<td align=\"top\">Der Sieger erh\u00e4lt einen <b>Pokal<\/b>, die weiteren Pl\u00e4tze erhalten <b>Medaillen<\/b>.<\/td>\n<\/tr>\n<tr>\n<th align=\"top\" width=\"120\"><b> Altersgruppen <\/b><\/th>\n<td align=\"top\">Es werden Altersklasse U8, U10, U12, U14, U16 und U18 eingerichtet, wenn mehr als 3 Spieler einer Altersklasse teilnehmen.<br \/>\nBei 3 Spielern \u2192 1 Ratingpreis<br \/>\nBei 4-5 Spielern \u2192 2 Ratingpreise<br \/>\nAb 6 Spielern \u2192 3 Ratingpreise<\/td>\n<\/tr>\n<tr>\n<th align=\"top\" width=\"120\"><b> Info-Dienst <\/b><\/th>\n<td align=\"top\">\u00dcber dieses Turnier und den Fortschritt der einzelnen Teilnehmer wird per Aushang in den Vereinsr\u00e4umen sowie aktuell im Internet berichtet. Alle das Turnier betreffenden Informationen werden per E-Mail verteilt oder \u00fcber diese Seiten des Vereines ver\u00f6ffentlicht.<\/td>\n<\/tr>\n<tr>\n<th align=\"top\" width=\"120\"><b> Veranstalter <\/b><\/th>\n<td align=\"top\">Der <a href=\"http:\/\/www.schachklub-bad-homburg.de\" target=\"_top\">Schachklub Bad Homburg<\/a> ist der Veranstalter dieses Turniers.<\/td>\n<\/tr>\n<tr>\n<th align=\"top\" width=\"120\"><b> Noch Fragen? <\/b><\/th>\n<td align=\"top\">Dann reicht eine <a href=\"mailto:jugendleiter@schachklub-bad-homburg.de\">Mail-Nachricht<\/a> an den Jugendleiter Jan Goetz, die kurzfristig beantwortet wird!<\/td>\n<\/tr>\n<\/tbody>\n<\/table>\n","protected":false},"excerpt":{"rendered":"<p>Ausschreibung \u00a0 Teilnehmer \u00a0 Tabelle \u00a0 Paarungen \u00a0 Historie Kurzinfo Jugend-Meisterschaft des Schachklub Bad Homburg im gemischen Pokal\/Schweizer-System-Modus mit verk\u00fcrzter Bedenkzeit. Teilnehmer Ausschlie\u00dflich jugendliche Vereinsmitglieder sind teilnahmeberechtigt. Turniermodus D\u00e4hne-Pokal-System: Der Turniersieger wird \u00fcber den Pokalmodus ermittelt. Verlierer einer Pokalrunde steigen mit ihrer bis dahin im Pokalturnier erzielten Punktzahl (ohne die Tiebreak-Punkte) in ein Schweizer-System-Turnier ein. <a href=\"https:\/\/www.schachklub-bad-homburg.de\/?page_id=12192\" class=\"more-link\">...weiterlesen<span class=\"screen-reader-text\"> \"Jugendmeisterschaft 2018, Ausschreibung\"<\/span><\/a><\/p>\n","protected":false},"author":2,"featured_media":0,"parent":12190,"menu_order":0,"comment_status":"closed","ping_status":"closed","template":"","meta":{"footnotes":""},"class_list":["post-12192","page","type-page","status-publish","h-entry","hentry","h-as-page"],"_links":{"self":[{"href":"https:\/\/www.schachklub-bad-homburg.de\/index.php?rest_route=\/wp\/v2\/pages\/12192","targetHints":{"allow":["GET"]}}],"collection":[{"href":"https:\/\/www.schachklub-bad-homburg.de\/index.php?rest_route=\/wp\/v2\/pages"}],"about":[{"href":"https:\/\/www.schachklub-bad-homburg.de\/index.php?rest_route=\/wp\/v2\/types\/page"}],"author":[{"embeddable":true,"href":"https:\/\/www.schachklub-bad-homburg.de\/index.php?rest_route=\/wp\/v2\/users\/2"}],"replies":[{"embeddable":true,"href":"https:\/\/www.schachklub-bad-homburg.de\/index.php?rest_route=%2Fwp%2Fv2%2Fcomments&post=12192"}],"version-history":[{"count":4,"href":"https:\/\/www.schachklub-bad-homburg.de\/index.php?rest_route=\/wp\/v2\/pages\/12192\/revisions"}],"predecessor-version":[{"id":12206,"href":"https:\/\/www.schachklub-bad-homburg.de\/index.php?rest_route=\/wp\/v2\/pages\/12192\/revisions\/12206"}],"up":[{"embeddable":true,"href":"https:\/\/www.schachklub-bad-homburg.de\/index.php?rest_route=\/wp\/v2\/pages\/12190"}],"wp:attachment":[{"href":"https:\/\/www.schachklub-bad-homburg.de\/index.php?rest_route=%2Fwp%2Fv2%2Fmedia&parent=12192"}],"curies":[{"name":"wp","href":"https:\/\/api.w.org\/{rel}","templated":true}]}}