{"id":12055,"date":"2018-06-26T17:33:45","date_gmt":"2018-06-26T15:33:45","guid":{"rendered":"https:\/\/www.schachklub-bad-homburg.de\/?page_id=12055"},"modified":"2019-01-13T14:03:56","modified_gmt":"2019-01-13T13:03:56","slug":"vereinsmeisterschaft-2018-ausschreibung","status":"publish","type":"page","link":"https:\/\/www.schachklub-bad-homburg.de\/?page_id=12055","title":{"rendered":"Vereinsmeisterschaft 2018, Ausschreibung"},"content":{"rendered":"<p><a href=\"http:\/\/www.schachklub-bad-homburg.de?p=12055\">Ausschreibung<\/a> \u00a0\u00a0 <a href=\"http:\/\/www.schachklub-bad-homburg.de?p=12057\">Teilnehmer (alphabetisch)<\/a> \u00a0\u00a0 <a href=\"http:\/\/www.schachklub-bad-homburg.de?p=12059\">Teilnehmer (DWZ)<\/a> \u00a0\u00a0 <a href=\"http:\/\/www.schachklub-bad-homburg.de?p=12061\">Runden und Ergebnisse<\/a> \u00a0\u00a0 <a href=\"http:\/\/www.schachklub-bad-homburg.de?p=12053\">Tabellen<\/a> \u00a0\u00a0 <a href=\"http:\/\/www.schachklub-bad-homburg.de?p=30642\">Historie<\/a><\/p>\n<table>\n<tbody>\n<tr>\n<th style=\"vertical-align: top;\">Kurzinfo<\/th>\n<td><b>Vereinsturniere in A- und B-Gruppe<\/b> mit attraktiven Preisen.<br \/>\nVollrundig oder nach Schweizer System je nach Beteiligung.<\/td>\n<\/tr>\n<tr>\n<th style=\"vertical-align: top;\">Teilnehmer<\/th>\n<td><b>Ausschlie\u00dflich Vereinsmitglieder<\/b> sind teilnahmeberechtigt, in der <b>B-Gruppe <\/b> nur solche ohne DWZ oder mit einer <b>DWZ unter 1600<\/b> (Stand 01.08.2018).<\/td>\n<\/tr>\n<tr>\n<th style=\"vertical-align: top;\">Turniermodus<\/th>\n<td><b>A-Gruppe:<\/b> Bei <b>bis zu 8<\/b> Teilnehmern Rundenturnier; bei <b>9 bis 13<\/b> Teilnehmern 5, bei <b>mehr als 13<\/b> Teilnehmern 7 Runden Schweizer System.<br \/>\n<b>B-Gruppe:<\/b> Bei <b> weniger als 5 <\/b>Teilnehmern spielen diese im A-Turnier mit, ansonsten wie in der A-Gruppe.<br \/>\n<b>F\u00fcr beide Turniere<\/b> werden zun\u00e4chst 5 Runden im Terminkalender vorgesehen.<\/td>\n<\/tr>\n<tr>\n<th style=\"vertical-align: top;\">Bedenkzeit<\/th>\n<td><b>A-Gruppe:<\/b> Pro Spieler 1,5 Stunden plus 30 Sek. je Zug (Fischer) f\u00fcr die ganze Partie.<br \/>\n<b>B-Gruppe:<\/b> Pro Spieler 1 Stunde plus 30 Sek. je Zug (Fischer) f\u00fcr die ganze Partie.<\/td>\n<\/tr>\n<tr>\n<th style=\"vertical-align: top;\">Spielort<\/th>\n<td>In der Regel wird im Vereinshaus Gonzenheim in Bad Homburg gespielt (<a href=\"https:\/\/www.schachklub-bad-homburg.de\/?page_id=3776\">Anfahrtskizze<\/a>).<\/td>\n<\/tr>\n<tr>\n<th style=\"vertical-align: top;\">Meldeschluss<\/th>\n<td>Die Anmeldung ist im Schachklub oder per E-Mail<br \/>\n(<b><a href=\"mailto:turnierleiter@schachklub-bad-homburg.de\">turnierleiter@schachklub-bad-homburg.de<\/a><\/b>) m\u00f6glich.<br \/>\nMeldeschluss ist am <b>10. August 2018 (20:00 Uhr<\/b> im Schachklub, <b>16:00<\/b> bei Anmeldung per E-Mail).<\/td>\n<\/tr>\n<tr>\n<th style=\"vertical-align: top;\">Spieltage<\/th>\n<td>Es ist sp\u00e4testens um <b>20:00 Uhr<\/b> mit den Runden zu beginnen.<br \/>\n1. Runde: <b>17.08.2018<\/b><br \/>\n2. Runde: <b>14.09.2018<\/b><br \/>\n3. Runde: <b>19.10.2018<\/b><br \/>\n4. Runde: <b>16.11.2018<\/b><br \/>\n5. Runde: <b>07.12.2018<\/b> (nur B-Gruppe)<br \/>\n6. Runde: <b>18.01.2019<\/b><br \/>\n7. Runde: <b>01.02.2019<\/b> (nur B-Gruppe)\n<\/td>\n<\/tr>\n<tr>\n<th style=\"vertical-align: top;\">Preise<\/th>\n<td><b>A-Gruppe:<\/b> Der Sieger erh\u00e4lt einen <b>Pokal<\/b>. Die ersten Drei erhalten eine Urkunde sowie ein Preisgeld in H\u00f6he von <b>100 \u20ac<\/b> f\u00fcr den Sieger, <b>50 \u20ac<\/b> f\u00fcr den Zweiten und <b>25 \u20ac<\/b> f\u00fcr den Dritten.<br \/>\nDie Geldpreise werden bei Punktgleichheit nach dem <b>Hort-System<\/b> vergeben. F\u00fcr die Platzierung wird als Zweitwertung die Turnierleistung (DWZ) herangezogen.<br \/>\nF\u00fcr die drei st\u00e4rksten Verbesserer (massgeblich ist daf\u00fcr die Differenz zwischen alter DWZ und ihrer Turnierleistung) gibt es <b>weitere Geldpreise<\/b> in H\u00f6he von <b>40, 20 und 10 \u20ac<\/b>.<br \/>\n<b>B-Gruppe:<\/b> Der Sieger erh\u00e4lt einen <b>Pokal<\/b>. Die ersten Drei erhalten eine Urkunde sowie ein Preisgeld in H\u00f6he von <b>40 \u20ac<\/b> f\u00fcr den Sieger, <b>20 \u20ac<\/b> f\u00fcr den Zweiten und <b>10 \u20ac<\/b> f\u00fcr den Dritten.<br \/>\nF\u00fcr die Platzierung wird als Zweitwertung Buchholz (bei Schweizer System) bzw. Sonneborn-Berger (bei Rundenturnier) herangezogen.<\/td>\n<\/tr>\n<tr>\n<th style=\"vertical-align: top;\">Sonstiges<\/th>\n<td>F\u00fcr die Turniere erfolgt <b>keine DWZ-Wertung<\/b>. Allerdings wird die DWZ-Auswertung des Turnierprogramms f\u00fcr Zweitwertung und Sonderpreise (s.o.) verwendet.<br \/>\n\u00dcber dieses Turnier wird <b>per Aushang<\/b> in den Vereinsr\u00e4umen sowie aktuell <b>im Internet<\/b> berichtet.<br \/>\nDer <a href=\"http:\/\/www.schachklub-bad-homburg.de\">Schachklub Bad Homburg<\/a> ist der Veranstalter dieses Turniers.<br \/>\nBei <b>Fragen<\/b> reicht eine <a href=\"mailto:turnierleiter@schachklub-bad-homburg.de\">Mail-Nachricht<\/a> an den Turnierleiter, die kurzfristig beantwortet wird!<\/td>\n<\/tr>\n<\/tbody>\n<\/table>\n","protected":false},"excerpt":{"rendered":"<p>Ausschreibung \u00a0\u00a0 Teilnehmer (alphabetisch) \u00a0\u00a0 Teilnehmer (DWZ) \u00a0\u00a0 Runden und Ergebnisse \u00a0\u00a0 Tabellen \u00a0\u00a0 Historie Kurzinfo Vereinsturniere in A- und B-Gruppe mit attraktiven Preisen. Vollrundig oder nach Schweizer System je nach Beteiligung. Teilnehmer Ausschlie\u00dflich Vereinsmitglieder sind teilnahmeberechtigt, in der B-Gruppe nur solche ohne DWZ oder mit einer DWZ unter 1600 (Stand 01.08.2018). Turniermodus A-Gruppe: Bei <a href=\"https:\/\/www.schachklub-bad-homburg.de\/?page_id=12055\" class=\"more-link\">...weiterlesen<span class=\"screen-reader-text\"> \"Vereinsmeisterschaft 2018, Ausschreibung\"<\/span><\/a><\/p>\n","protected":false},"author":2,"featured_media":0,"parent":12053,"menu_order":0,"comment_status":"closed","ping_status":"closed","template":"","meta":{"footnotes":""},"class_list":["post-12055","page","type-page","status-publish","h-entry","hentry","h-as-page"],"_links":{"self":[{"href":"https:\/\/www.schachklub-bad-homburg.de\/index.php?rest_route=\/wp\/v2\/pages\/12055","targetHints":{"allow":["GET"]}}],"collection":[{"href":"https:\/\/www.schachklub-bad-homburg.de\/index.php?rest_route=\/wp\/v2\/pages"}],"about":[{"href":"https:\/\/www.schachklub-bad-homburg.de\/index.php?rest_route=\/wp\/v2\/types\/page"}],"author":[{"embeddable":true,"href":"https:\/\/www.schachklub-bad-homburg.de\/index.php?rest_route=\/wp\/v2\/users\/2"}],"replies":[{"embeddable":true,"href":"https:\/\/www.schachklub-bad-homburg.de\/index.php?rest_route=%2Fwp%2Fv2%2Fcomments&post=12055"}],"version-history":[{"count":6,"href":"https:\/\/www.schachklub-bad-homburg.de\/index.php?rest_route=\/wp\/v2\/pages\/12055\/revisions"}],"predecessor-version":[{"id":13330,"href":"https:\/\/www.schachklub-bad-homburg.de\/index.php?rest_route=\/wp\/v2\/pages\/12055\/revisions\/13330"}],"up":[{"embeddable":true,"href":"https:\/\/www.schachklub-bad-homburg.de\/index.php?rest_route=\/wp\/v2\/pages\/12053"}],"wp:attachment":[{"href":"https:\/\/www.schachklub-bad-homburg.de\/index.php?rest_route=%2Fwp%2Fv2%2Fmedia&parent=12055"}],"curies":[{"name":"wp","href":"https:\/\/api.w.org\/{rel}","templated":true}]}}