{"id":12008,"date":"2018-06-18T19:34:45","date_gmt":"2018-06-18T17:34:45","guid":{"rendered":"https:\/\/www.schachklub-bad-homburg.de\/?page_id=12008"},"modified":"2020-05-31T08:16:03","modified_gmt":"2020-05-31T06:16:03","slug":"datenschutzerklaerung","status":"publish","type":"page","link":"https:\/\/www.schachklub-bad-homburg.de\/?page_id=12008","title":{"rendered":"Datenschutzerkl\u00e4rung"},"content":{"rendered":"<h3>Wer wir sind<\/h3>\n<p>Dies ist die Webpr\u00e4senz des Schachklub Bad Homburg 1927 e.V.<\/p>\n<p>Die folgende Erkl\u00e4rung bezieht sich auf die Inhalte der Domain <a href=\"https:\/\/www.schachklub-bad-homburg.de\">https:\/\/www.schachklub-bad-homburg.de<\/a>.<\/p>\n<p><span style=\"display: inline !important; float: none; background-color: transparent; color: #222222; cursor: text; font-family: 'Open Sans',Verdana,Geneva,'DejaVu Sans',sans-serif; font-size: 16px; font-style: normal; font-variant: normal; font-weight: 400; letter-spacing: normal; orphans: 2; text-align: left; text-decoration: none; text-indent: 0px; text-transform: none; -webkit-text-stroke-width: 0px; white-space: normal; word-spacing: 0px;\">Unter\u00a0<\/span><a href=\"https:\/\/www.schachklub-bad-homburg.de\/wp-content\/uploads\/2018\/05\/SK-Bad-Homburg-e.V.-Datenschutzordnung.pdf\">Datenschutzerkl\u00e4rung im Verein<\/a><span style=\"display: inline !important; float: none; background-color: transparent; color: #222222; cursor: text; font-family: 'Open Sans',Verdana,Geneva,'DejaVu Sans',sans-serif; font-size: 16px; font-style: normal; font-variant: normal; font-weight: 400; letter-spacing: normal; orphans: 2; text-align: left; text-decoration: none; text-indent: 0px; text-transform: none; -webkit-text-stroke-width: 0px; white-space: normal; word-spacing: 0px;\"> ist die allgemeine Datenschutzerkl\u00e4rung des Schachklubs Bad Homburg 1927 e.V. zu finden.\u00a0<\/span><\/p>\n<h3>Welche personenbezogenen Daten wir sammeln und warum wir sie sammeln<\/h3>\n<h4>Kommentare und\u00a0Kontaktformulare<\/h4>\n<p>Es sind keine Kommentare oder Kontaktformulare freigeschaltet. Wenn Sie Kontakt aufnehmen m\u00f6chten, benutzen Sie bitte die eMail-Funktionsadressen unter\u00a0<a href=\"https:\/\/www.schachklub-bad-homburg.de\/?page_id=10696\">der Vorstandsmitglieder<\/a><\/p>\n<h4>Medien<\/h4>\n<p>Registrierte Benutzer, die Fotos auf diese Website l\u00e4dst, sollten vermeiden, Fotos mit einem EXIF-GPS-Standort hochzuladen. Besucher dieser Website k\u00f6nnten Fotos, die auf dieser Website gespeichert sind, herunterladen und deren Standort-Informationen extrahieren.<\/p>\n<h4>Cookies der Webseite<\/h4>\n<p>F\u00fcr registrierte Benutzer, insbesondere Beitragsautoren, die sich anmelden, werden wir einige Cookies einrichten, um Anmeldeinformationen und Anzeigeoptionen zu speichern. Anmelde-Cookies verfallen nach zwei Tagen und Cookies f\u00fcr die Anzeigeoptionen nach einem Jahr. Falls bei der Anmeldung \u201eAngemeldet bleiben\u201c ausgew\u00e4hlt wird, wird die Anmeldung zwei Wochen lang aufrechterhalten. Mit der Abmeldung aus dem Benutzer-Konto werden die Anmelde-Cookies gel\u00f6scht.<\/p>\n<p>Wenn man Artikel bearbeitet oder ver\u00f6ffentlicht, wird ein zus\u00e4tzlicher Cookie im Browser gespeichert. Dieser Cookie enth\u00e4lt keine personenbezogenen Daten und verweist nur auf die Beitrags-ID des Artikels, der gerade bearbeitet wird. Der Cookie verf\u00e4llt nach einem Tag.<\/p>\n<p>WordPress erzeugt f\u00fcr die Dauer der Browser-Sitzung einen automatischen Test-Coockie, der testet, ob Coockies zugelassen sind. <\/p>\n<p><a href = \"https:\/\/de.wordpress.org\/about\/privacy\/cookies\/\">Weitere Informationen \u00fcber WordPress-Coockies<\/a><\/p>\n<p>&nbsp;<\/p>\n<h4>Eingebettete Inhalte von anderen Websites<\/h4>\n<p>Beitr\u00e4ge auf dieser Website k\u00f6nnen eingebettete Inhalte beinhalten (z.\u00a0B. Videos, Bilder, Beitr\u00e4ge etc.). Eingebettete Inhalte von anderen Websites verhalten sich exakt so, als ob der Besucher die andere Website besucht h\u00e4tte.<\/p>\n<p>Diese Websites k\u00f6nnen Daten \u00fcber die Benutzer sammeln, Cookies benutzen, zus\u00e4tzliche Tracking-Dienste von Dritten einbetten und die Interaktion mit diesem eingebetteten Inhalt aufzeichnen, inklusive der Interaktion mit dem eingebetteten Inhalt, falls man dort ein Konto hat und auf dieser Website angemeldet ist.<\/p>\n<h4>Statistische Analysedienste<\/h4>\n<p>F\u00fcr statistische Zwecke (Anzahl der Seitenaufrufe etc.) nutzen wir das Plugin <a href=\"https:\/\/de.wordpress.org\/plugins\/wp-slimstat\/\">SlimStat<\/a>, das - ebenfalls unter Verwendung von Cookies - anonymisiert die aufgerufenen Seiten registriert. Dies kann auch die IP-Adressen der Benutzer umfassen, die jedoch nicht an andere Dienste weitergegeben werden.<\/p>\n<h3>Rechte der Benutzer an den Daten<\/h3>\n<p>Jeder kann die L\u00f6schung aller personenbezogenen Daten, die wir von ihm gespeichert haben, anfordern. Dies gilt insbesondere f\u00fcr Fotos, auf denen jemand namentlich zuordenbar ist.<\/p>\n<p>Dies umfasst nicht die Daten, die wir aufgrund administrativer, rechtlicher oder sicherheitsrelevanter Notwendigkeiten aufbewahren m\u00fcssen.<\/p>\n<p>&nbsp;<\/p>\n","protected":false},"excerpt":{"rendered":"<p>Wer wir sind Dies ist die Webpr\u00e4senz des Schachklub Bad Homburg 1927 e.V. Die folgende Erkl\u00e4rung bezieht sich auf die Inhalte der Domain https:\/\/www.schachklub-bad-homburg.de. Unter\u00a0Datenschutzerkl\u00e4rung im Verein ist die allgemeine Datenschutzerkl\u00e4rung des Schachklubs Bad Homburg 1927 e.V. zu finden.\u00a0 Welche personenbezogenen Daten wir sammeln und warum wir sie sammeln Kommentare und\u00a0Kontaktformulare Es sind keine Kommentare <a href=\"https:\/\/www.schachklub-bad-homburg.de\/?page_id=12008\" class=\"more-link\">...weiterlesen<span class=\"screen-reader-text\"> \"Datenschutzerkl\u00e4rung\"<\/span><\/a><\/p>\n","protected":false},"author":2,"featured_media":0,"parent":0,"menu_order":0,"comment_status":"closed","ping_status":"closed","template":"","meta":{"footnotes":""},"class_list":["post-12008","page","type-page","status-publish","h-entry","hentry","h-as-page"],"_links":{"self":[{"href":"https:\/\/www.schachklub-bad-homburg.de\/index.php?rest_route=\/wp\/v2\/pages\/12008","targetHints":{"allow":["GET"]}}],"collection":[{"href":"https:\/\/www.schachklub-bad-homburg.de\/index.php?rest_route=\/wp\/v2\/pages"}],"about":[{"href":"https:\/\/www.schachklub-bad-homburg.de\/index.php?rest_route=\/wp\/v2\/types\/page"}],"author":[{"embeddable":true,"href":"https:\/\/www.schachklub-bad-homburg.de\/index.php?rest_route=\/wp\/v2\/users\/2"}],"replies":[{"embeddable":true,"href":"https:\/\/www.schachklub-bad-homburg.de\/index.php?rest_route=%2Fwp%2Fv2%2Fcomments&post=12008"}],"version-history":[{"count":9,"href":"https:\/\/www.schachklub-bad-homburg.de\/index.php?rest_route=\/wp\/v2\/pages\/12008\/revisions"}],"predecessor-version":[{"id":17572,"href":"https:\/\/www.schachklub-bad-homburg.de\/index.php?rest_route=\/wp\/v2\/pages\/12008\/revisions\/17572"}],"wp:attachment":[{"href":"https:\/\/www.schachklub-bad-homburg.de\/index.php?rest_route=%2Fwp%2Fv2%2Fmedia&parent=12008"}],"curies":[{"name":"wp","href":"https:\/\/api.w.org\/{rel}","templated":true}]}}