{"id":11100,"date":"2018-02-08T19:44:57","date_gmt":"2018-02-08T18:44:57","guid":{"rendered":"https:\/\/www.schachklub-bad-homburg.de\/?page_id=11100"},"modified":"2019-01-13T14:04:18","modified_gmt":"2019-01-13T13:04:18","slug":"pokalmeisterschaft-2018-ausschreibung","status":"publish","type":"page","link":"https:\/\/www.schachklub-bad-homburg.de\/?page_id=11100","title":{"rendered":"Pokalmeisterschaft 2018, Ausschreibung"},"content":{"rendered":"<p><a href=\"https:\/\/www.schachklub-bad-homburg.de?p=11100\">Ausschreibung<\/a> \u00a0\u00a0 <a href=\"https:\/\/www.schachklub-bad-homburg.de?p=11102\">Teilnehmer (alphabetisch)<\/a> \u00a0\u00a0 <a href=\"https:\/\/www.schachklub-bad-homburg.de?p=11104\">Teilnehmer (DWZ)<\/a> \u00a0\u00a0 <a href=\"https:\/\/www.schachklub-bad-homburg.de?p=11106\">Paarungen\/Ergebnisse<\/a> \u00a0\u00a0 <a href=\"https:\/\/www.schachklub-bad-homburg.de?p=11082\">KO-Baum<\/a> \u00a0\u00a0 <a href=\"https:\/\/www.schachklub-bad-homburg.de?p=30642\">Historie<\/a><\/p>\n<table>\n<tbody>\n<tr>\n<th style=\"vertical-align: top;\">Kurzinfo<\/th>\n<td>Vereinsturnier nach <b>KO-System<\/b> mit Preisen und einer Bedenkzeit von 1,5 Stunden plus 30 Sekunden je Zug f\u00fcr die ganze Partie.<\/td>\n<\/tr>\n<tr>\n<th style=\"vertical-align: top;\">Bedenkzeit<\/th>\n<td>Die Bedenkzeit betr\u00e4gt <b>90 Minuten zuz\u00fcglich 30 Sekunden (Fischer) je Zug<\/b> (Spielweise 12 auf unseren Digitaluhren).<\/td>\n<\/tr>\n<tr>\n<th style=\"vertical-align: top;\">Turniermodus<\/th>\n<td>F\u00fcr die Durchf\u00fchrung des Turniers sind 5 Termine im Kalender reserviert. Bei mehr als 32 Teilnehmern wird die Vorrunde zusammen mit den schon m\u00f6glichen Partien der 1. Runde gespielt.<br \/>\nDie Paarungen werden mindestens <b>eine Woche vor jeder Runde<\/b> ausgelost.<br \/>\nBei Remis folgt <b>zwingend (!) unmittelbar<\/b> ein Stichkampf mit einer 15-Minuten-Partie, danach ggf. 5-Minuten-Partien mit stets wechselnden Farben. Die erste Siegpartie bringt die Entscheidung.<br \/>\n<b>Hinweis:<\/b> wenn das Ergebnis nicht <b>sp\u00e4testens 4 Wochen<\/b> nach dem ersten m\u00f6glichen Freitagstermin vorliegt, wird der Turnierleiter in der Regel eine <b>Entscheidung \u00fcber die Partiewertung<\/b> treffen.<\/td>\n<\/tr>\n<tr>\n<th style=\"vertical-align: top;\">Spielort, Meldeschluss<\/th>\n<td>In der Regel wird im Vereinshaus Gonzenheim in Bad Homburg gespielt (<a href=\"https:\/\/www.schachklub-bad-homburg.de\/?page_id=3776\">Anfahrtskizze<\/a>).<br \/>\nDie Anmeldung ist im Schachklub in der ausgeh\u00e4ngten Liste oder per E-Mail (<b><a href=\"mailto:turnierleiter@schachklub-bad-homburg.de\">turnierleiter@schachklub-bad-homburg.de<\/a><\/b>) m\u00f6glich.<br \/>\nMeldeschluss ist am <b>09. M\u00e4rz 2018<\/b> um <b>20:00 Uhr (per E-Mail um 16:00 Uhr)<\/b>. Die Auslosung erfolgt direkt danach.<\/td>\n<\/tr>\n<tr>\n<th style=\"vertical-align: top;\">Spieltage<\/th>\n<td>Es ist in der Regel um 20.00 Uhr mit den Runden zu beginnen.<br \/>\n1. Runde und ggf. Vorrunde: <b>16.03.2018<\/b><br \/>\n2. Runde: <b>18.05.2018<\/b><br \/>\n3. Runde: <b>22.06.2018<\/b><br \/>\n4. Runde: <b>20.07.2018<\/b><br \/>\n5. Runde: <b>12.10.2018<\/b><\/td>\n<\/tr>\n<tr>\n<th style=\"vertical-align: top;\">Teilnehmer<\/th>\n<td><b>Ausschlie\u00dflich Vereinsmitglieder des SK Bad Homburg<\/b> sind teilnahmeberechtigt.<\/td>\n<\/tr>\n<tr>\n<th style=\"vertical-align: top;\">Preise<\/th>\n<td>Der Sieger erh\u00e4lt einen <b>Pokal<\/b>. Sieger und Zweiter erhalten eine Urkunde sowie ein Preisgeld in H\u00f6he von <b>80 bzw. 40 Euro<\/b>.<\/td>\n<\/tr>\n<tr>\n<th style=\"vertical-align: top;\">DWZ-Wertung<\/th>\n<td>F\u00fcr das Turnier erfolgt <b>keine<\/b> DWZ-Wertung.<\/td>\n<\/tr>\n<tr>\n<th style=\"vertical-align: top;\">Startgelder<\/th>\n<td>Es wird kein Startgeld erhoben.<\/td>\n<\/tr>\n<tr>\n<th style=\"vertical-align: top;\">Info-Dienst<\/th>\n<td>\u00dcber dieses Turnier wird aktuell im Internet und per Aushang berichtet. Alle das Turnier betreffende Informationen werden ausschlie\u00dflich so ver\u00f6ffentlicht.<\/td>\n<\/tr>\n<tr>\n<th style=\"vertical-align: top;\">Veranstalter<\/th>\n<td>Der <a href=\"https:\/\/www.schachklub-bad-homburg.de\/\">Schachklub Bad Homburg<\/a> ist der Veranstalter dieses Turniers.<\/td>\n<\/tr>\n<tr>\n<th style=\"vertical-align: top;\">Fragen?<\/th>\n<td>Eine E-Mail an den <a href=\"mailto:Turnierleiter@schachklub-bad-homburg.de\">Organisator<\/a> wird kurzfristig beantwortet.<\/td>\n<\/tr>\n<\/tbody>\n<\/table>\n","protected":false},"excerpt":{"rendered":"<p>Ausschreibung \u00a0\u00a0 Teilnehmer (alphabetisch) \u00a0\u00a0 Teilnehmer (DWZ) \u00a0\u00a0 Paarungen\/Ergebnisse \u00a0\u00a0 KO-Baum \u00a0\u00a0 Historie Kurzinfo Vereinsturnier nach KO-System mit Preisen und einer Bedenkzeit von 1,5 Stunden plus 30 Sekunden je Zug f\u00fcr die ganze Partie. Bedenkzeit Die Bedenkzeit betr\u00e4gt 90 Minuten zuz\u00fcglich 30 Sekunden (Fischer) je Zug (Spielweise 12 auf unseren Digitaluhren). Turniermodus F\u00fcr die Durchf\u00fchrung <a href=\"https:\/\/www.schachklub-bad-homburg.de\/?page_id=11100\" class=\"more-link\">...weiterlesen<span class=\"screen-reader-text\"> \"Pokalmeisterschaft 2018, Ausschreibung\"<\/span><\/a><\/p>\n","protected":false},"author":2,"featured_media":0,"parent":11082,"menu_order":0,"comment_status":"closed","ping_status":"closed","template":"","meta":{"footnotes":""},"class_list":["post-11100","page","type-page","status-publish","h-entry","hentry","h-as-page"],"_links":{"self":[{"href":"https:\/\/www.schachklub-bad-homburg.de\/index.php?rest_route=\/wp\/v2\/pages\/11100","targetHints":{"allow":["GET"]}}],"collection":[{"href":"https:\/\/www.schachklub-bad-homburg.de\/index.php?rest_route=\/wp\/v2\/pages"}],"about":[{"href":"https:\/\/www.schachklub-bad-homburg.de\/index.php?rest_route=\/wp\/v2\/types\/page"}],"author":[{"embeddable":true,"href":"https:\/\/www.schachklub-bad-homburg.de\/index.php?rest_route=\/wp\/v2\/users\/2"}],"replies":[{"embeddable":true,"href":"https:\/\/www.schachklub-bad-homburg.de\/index.php?rest_route=%2Fwp%2Fv2%2Fcomments&post=11100"}],"version-history":[{"count":4,"href":"https:\/\/www.schachklub-bad-homburg.de\/index.php?rest_route=\/wp\/v2\/pages\/11100\/revisions"}],"predecessor-version":[{"id":13331,"href":"https:\/\/www.schachklub-bad-homburg.de\/index.php?rest_route=\/wp\/v2\/pages\/11100\/revisions\/13331"}],"up":[{"embeddable":true,"href":"https:\/\/www.schachklub-bad-homburg.de\/index.php?rest_route=\/wp\/v2\/pages\/11082"}],"wp:attachment":[{"href":"https:\/\/www.schachklub-bad-homburg.de\/index.php?rest_route=%2Fwp%2Fv2%2Fmedia&parent=11100"}],"curies":[{"name":"wp","href":"https:\/\/api.w.org\/{rel}","templated":true}]}}