{"id":11098,"date":"2018-02-08T19:43:35","date_gmt":"2018-02-08T18:43:35","guid":{"rendered":"https:\/\/www.schachklub-bad-homburg.de\/?page_id=11098"},"modified":"2018-03-06T14:52:59","modified_gmt":"2018-03-06T13:52:59","slug":"senioren-meisterschaft-2018-teilnehmerliste-2","status":"publish","type":"page","link":"https:\/\/www.schachklub-bad-homburg.de\/?page_id=11098","title":{"rendered":"Senioren-Meisterschaft 2018, Teilnehmerliste"},"content":{"rendered":"<p><a href=\"https:\/\/www.schachklub-bad-homburg.de?p=11094\">Ausschreibung<\/a> \u00a0\u00a0 <a href=\"https:\/\/www.schachklub-bad-homburg.de?p=11096\">Teilnehmer (alphabetisch)<\/a> \u00a0\u00a0 <a href=\"https:\/\/www.schachklub-bad-homburg.de?p=11098\">Teilnehmer (DWZ)<\/a> \u00a0\u00a0 <a href=\"https:\/\/www.schachklub-bad-homburg.de?p=11123\">Paarungen\/Ergebnisse<\/a> \u00a0\u00a0 <a href=\"https:\/\/www.schachklub-bad-homburg.de?p=11084\">Tabelle<\/a> \u00a0\u00a0 <a href=\"https:\/\/www.schachklub-bad-homburg.de?p=30642\">Historie<\/a><\/p>\n<table>\n<tbody>\n<tr>\n<th style = \"text-align: center;\" width = \"30\">Nr.<\/th>\n<th style = \"text-align: left;\" width = \"200\">Name<\/th>\n<th style = \"text-align: center;\"  width = \"40\">DWZ<\/th>\n<\/tr>\n<tr>\n<td style = \"text-align: center;\">1<\/td>\n<td>Lenhart, Paul<\/td>\n<td style = \"text-align: center;\">1836<\/td>\n<\/tr>\n<tr>\n<td style = \"text-align: center;\">2<\/td>\n<td>Reimer, Otto<\/td>\n<td style = \"text-align: center;\">1807<\/td>\n<\/tr>\n<tr>\n<td style = \"text-align: center;\">3<\/td>\n<td>Lebermann, Hellmuth<\/td>\n<td style = \"text-align: center;\">1803<\/td>\n<\/tr>\n<tr>\n<td style = \"text-align: center;\">4<\/td>\n<td>Hettler, Wolfgang<\/td>\n<td style = \"text-align: center;\">1790<\/td>\n<\/tr>\n<tr>\n<td style = \"text-align: center;\">5<\/td>\n<td>Wulf, G\u00fcnter<\/td>\n<td style = \"text-align: center;\">1608<\/td>\n<\/tr>\n<tr>\n<td style = \"text-align: center;\">6<\/td>\n<td>Knuplesch, Ulrich<\/td>\n<td style = \"text-align: center;\">1446<\/td>\n<\/tr>\n<tr>\n<td style = \"text-align: center;\">7<\/td>\n<td>Berg, Rainer<\/td>\n<td style = \"text-align: center;\">1313<\/td>\n<\/tr>\n<tr>\n<td style = \"text-align: center;\">8<\/td>\n<td>W\u00fcrzberger, G\u00fcnter<\/td>\n<td style = \"text-align: center;\">1235<\/td>\n<\/tr>\n<tr>\n<td style = \"text-align: center;\">9<\/td>\n<td>Thaler, Regina<\/td>\n<td style = \"text-align: center;\">1053<\/td>\n<\/tr>\n<tr>\n<td style = \"text-align: center;\">10<\/td>\n<td>Schaack, Frank<\/td>\n<td style = \"text-align: center;\">863<\/td>\n<\/tr>\n<\/tbody>\n<\/table>\n","protected":false},"excerpt":{"rendered":"<p>Ausschreibung \u00a0\u00a0 Teilnehmer (alphabetisch) \u00a0\u00a0 Teilnehmer (DWZ) \u00a0\u00a0 Paarungen\/Ergebnisse \u00a0\u00a0 Tabelle \u00a0\u00a0 Historie Nr. Name DWZ 1 Lenhart, Paul 1836 2 Reimer, Otto 1807 3 Lebermann, Hellmuth 1803 4 Hettler, Wolfgang 1790 5 Wulf, G\u00fcnter 1608 6 Knuplesch, Ulrich 1446 7 Berg, Rainer 1313 8 W\u00fcrzberger, G\u00fcnter 1235 9 Thaler, Regina 1053 10 Schaack, Frank <a href=\"https:\/\/www.schachklub-bad-homburg.de\/?page_id=11098\" class=\"more-link\">...weiterlesen<span class=\"screen-reader-text\"> \"Senioren-Meisterschaft 2018, Teilnehmerliste\"<\/span><\/a><\/p>\n","protected":false},"author":2,"featured_media":0,"parent":11084,"menu_order":3,"comment_status":"closed","ping_status":"closed","template":"","meta":{"footnotes":""},"class_list":["post-11098","page","type-page","status-publish","h-entry","hentry","h-as-page"],"_links":{"self":[{"href":"https:\/\/www.schachklub-bad-homburg.de\/index.php?rest_route=\/wp\/v2\/pages\/11098","targetHints":{"allow":["GET"]}}],"collection":[{"href":"https:\/\/www.schachklub-bad-homburg.de\/index.php?rest_route=\/wp\/v2\/pages"}],"about":[{"href":"https:\/\/www.schachklub-bad-homburg.de\/index.php?rest_route=\/wp\/v2\/types\/page"}],"author":[{"embeddable":true,"href":"https:\/\/www.schachklub-bad-homburg.de\/index.php?rest_route=\/wp\/v2\/users\/2"}],"replies":[{"embeddable":true,"href":"https:\/\/www.schachklub-bad-homburg.de\/index.php?rest_route=%2Fwp%2Fv2%2Fcomments&post=11098"}],"version-history":[{"count":8,"href":"https:\/\/www.schachklub-bad-homburg.de\/index.php?rest_route=\/wp\/v2\/pages\/11098\/revisions"}],"predecessor-version":[{"id":11411,"href":"https:\/\/www.schachklub-bad-homburg.de\/index.php?rest_route=\/wp\/v2\/pages\/11098\/revisions\/11411"}],"up":[{"embeddable":true,"href":"https:\/\/www.schachklub-bad-homburg.de\/index.php?rest_route=\/wp\/v2\/pages\/11084"}],"wp:attachment":[{"href":"https:\/\/www.schachklub-bad-homburg.de\/index.php?rest_route=%2Fwp%2Fv2%2Fmedia&parent=11098"}],"curies":[{"name":"wp","href":"https:\/\/api.w.org\/{rel}","templated":true}]}}