{"id":10404,"date":"2017-11-27T19:53:43","date_gmt":"2017-11-27T18:53:43","guid":{"rendered":"https:\/\/www.schachklub-bad-homburg.de\/?page_id=10404"},"modified":"2024-07-31T10:21:44","modified_gmt":"2024-07-31T08:21:44","slug":"monatsblitz-2018-ausschreibung","status":"publish","type":"page","link":"https:\/\/www.schachklub-bad-homburg.de\/?page_id=10404","title":{"rendered":"Monatsblitz 2018, Ausschreibung"},"content":{"rendered":"<p><a href=\"http:\/\/www.schachklub-bad-homburg.de?p=10404\">Ausschreibung<\/a> \u00a0 <a href=\"http:\/\/www.schachklub-bad-homburg.de?p=10402\">Rangliste<\/a> \u00a0 <a href=\"http:\/\/www.schachklub-bad-homburg.de?p=30642\">Historie<\/a><br \/>\n<a href=\"http:\/\/www.schachklub-bad-homburg.de?p=10406\">Jan<\/a> \u00a0 <a href=\"http:\/\/www.schachklub-bad-homburg.de?p=10408\">Feb<\/a> \u00a0 <a href=\"http:\/\/www.schachklub-bad-homburg.de?p=10410\">M\u00e4r<\/a> \u00a0 <a href=\"http:\/\/www.schachklub-bad-homburg.de?p=10412\">Apr<\/a> \u00a0 <a href=\"http:\/\/www.schachklub-bad-homburg.de?p=10414\">Mai<\/a>\u00a0 <a href=\"http:\/\/www.schachklub-bad-homburg.de?p=10416\">Jun<\/a>\u00a0 <a href=\"http:\/\/www.schachklub-bad-homburg.de?p=10418\">Jul<\/a>\u00a0 <a href=\"http:\/\/www.schachklub-bad-homburg.de?p=10420\">Aug<\/a>\u00a0 <a href=\"http:\/\/www.schachklub-bad-homburg.de?p=10422\">Sep<\/a>\u00a0 <a href=\"http:\/\/www.schachklub-bad-homburg.de?p=10424\">Okt<\/a>\u00a0 <a href=\"http:\/\/www.schachklub-bad-homburg.de?p=10429\">Nov<\/a>\u00a0 <a href=\"http:\/\/www.schachklub-bad-homburg.de?p=10431\">Dez<\/a><\/p>\n<table>\n<tbody>\n<tr>\n<th style=\"vertical-align: top;\">Kurzinfo<\/th>\n<td>Vollrundige Blitzturniere (weitgehend nach FIDE-Regeln) am letzten Spielabend-Freitag im Monat.<\/td>\n<\/tr>\n<tr>\n<th style=\"vertical-align: top;\">Bedenkzeit<\/th>\n<td>3 Minuten plus 2 Sekunden pro Zug (Fischer-Modus) je Spieler und Partie. Im Falle eines zurecht reklamierten regelwidrigen Zuges gibt es - im Gegensatz zu der unpraktikablen FIDE-Regel - keine Zeitgutschrift, sondern den vollen Punkt.<\/td>\n<\/tr>\n<tr>\n<th style=\"vertical-align: top;\">Spielort<\/th>\n<td>In der Regel wird im Vereinshaus Gonzenheim in Bad Homburg gespielt, eine <a href=\"https:\/\/www.schachklub-bad-homburg.de\/?page_id=3776\">Anfahrtskizze<\/a> ist unter den Kontaktdaten zu finden.<\/td>\n<\/tr>\n<tr>\n<th style=\"vertical-align: top;\">Spielbeginn, Meldeschluss<\/th>\n<td>Turnierbeginn ist jeweils p\u00fcnktlich um 20:15 Uhr, Meldeschluss ist unmittelbar davor. Wer zu sp\u00e4t kommt hat kein Recht auf Teilnahme!<\/td>\n<\/tr>\n<tr>\n<th style=\"vertical-align: top;\">Teilnehmer<\/th>\n<td>Das Turnier ist offen f\u00fcr alle Schachspieler.<\/td>\n<\/tr>\n<tr>\n<th style=\"vertical-align: top;\">Spieltage<\/th>\n<td>Es wird von Januar bis Dezember in der Regel jeweils am letzten Freitag des Monats gespielt, jedoch gibt es Ausnahmen durch Feiertage etc. \u00dcber aktuelle Verlegungen informiert der <a href=\"https:\/\/www.schachklub-bad-homburg.de\/?page_id=28780\">Veranstaltungskalender<\/a>.<\/td>\n<\/tr>\n<tr>\n<th style=\"vertical-align: top;\">Preise in der Jahreswertung<\/th>\n<td>Der Sieger der Jahreswertung (Januar-Dezember) erh\u00e4lt einen Pokal, die ersten 3 je eine Urkunde sowie ein Preisgeld in H\u00f6he von 60 \u20ac f\u00fcr den Sieger, 40 \u20ac f\u00fcr den Zweiten und 20 \u20ac f\u00fcr den Dritten.<\/p>\n<p>F\u00fcr die zwei gr\u00f6\u00dften Favoritenschrecke gibt es 20 bzw. 10 \u20ac.<\/td>\n<\/tr>\n<tr>\n<th style=\"vertical-align: top;\">Rangliste f\u00fcr die Jahreswertung<\/th>\n<td>Alle Turniere werden f\u00fcr die Ermittlung des Jahressiegers herangezogen. F\u00fcr den 1.Platz eines Monatsturniers gibt es 13 Punkte, f\u00fcr den 2.Platz 12 Punkte usw.; ab dem 13. Platz gibt es je 1 Punkt.<\/p>\n<p>Belegen mehrere Spieler den gleichen Platz, erhalten sie die gleiche (hohe) Punktzahl. Die besten 8 Wertungen je Teilnehmer werden zusammengez\u00e4hlt, die Summe bestimmt dann die Rangfolge. Bei Gleichstand um den 1., 2. oder 3. Platz erfolgt zun\u00e4chst ein Stichkampfturnier \u00fcber soviele Runden, dass jeder Spieler mindestens 6 Partien spielt; danach ggf. einrundige Stichkampfturniere bis zur Entscheidung. Die anf\u00e4nglichen Farben werden dabei gelost, danach nach M\u00f6glichkeit immer gewechselt.<\/p>\n<p>Die Summe der je Turnier gegen besser platzierte Gegner erzielten Punkte (ohne Streichwertungen) bestimmt die Rangliste der Favoritenschrecke.<\/p>\n<p><b>Achtung: <\/b>Bei dem <b>Dezember-Turnier<\/b> erhalten alle Teilnehmer <b>zwei Wertungspunkte und einen Favoritenschreckpunkt zus\u00e4tzlich<\/b> f\u00fcr die Dezember-Wertung!<\/td>\n<\/tr>\n<tr>\n<th style=\"vertical-align: top;\">Spielmodus<\/th>\n<td>Treten mehr als 24 Spieler zu einem Termin an, so werden Gruppen nach DWZ (ersatzweise nach Einsch\u00e4tzung) gebildet. Die St\u00e4rksten spielen dann in Gruppe A; in allen anderen Gruppen erhalten die Teilnehmer einen Wertungspunkt. Bei weniger als 7 Teilnehmern wird doppelrundig gespielt.<\/td>\n<\/tr>\n<tr>\n<th style=\"vertical-align: top;\">Startgelder<\/th>\n<td>Es wird kein Startgeld erhoben.<\/td>\n<\/tr>\n<tr>\n<th style=\"vertical-align: top;\">Info-Dienst<\/th>\n<td>\u00dcber dieses Turnier und den Fortschritt der einzelnen Teilnehmer wird aktuell im Internet und per Aushang berichtet. Alle das Turnier betreffende Informationen werden ausschlie\u00dflich so ver\u00f6ffentlicht.<\/td>\n<\/tr>\n<tr>\n<th style=\"vertical-align: top;\">Veranstalter<\/th>\n<td>Der <a href=\"https:\/\/www.schachklub-bad-homburg.de\/\">Schachklub Bad Homburg<\/a> ist der Veranstalter dieses Turniers.<\/td>\n<\/tr>\n<tr>\n<th style=\"vertical-align: top;\">Fragen?<\/th>\n<td>Eine email an den <a href=\"mailto:Turnierleiter@schachklub-bad-homburg.de\">Organisator<\/a> wird kurzfristig beantwortet.<\/td>\n<\/tr>\n<\/tbody>\n<\/table>\n","protected":false},"excerpt":{"rendered":"<p>Ausschreibung \u00a0 Rangliste \u00a0 Historie Jan \u00a0 Feb \u00a0 M\u00e4r \u00a0 Apr \u00a0 Mai\u00a0 Jun\u00a0 Jul\u00a0 Aug\u00a0 Sep\u00a0 Okt\u00a0 Nov\u00a0 Dez Kurzinfo Vollrundige Blitzturniere (weitgehend nach FIDE-Regeln) am letzten Spielabend-Freitag im Monat. Bedenkzeit 3 Minuten plus 2 Sekunden pro Zug (Fischer-Modus) je Spieler und Partie. Im Falle eines zurecht reklamierten regelwidrigen Zuges gibt es - <a href=\"https:\/\/www.schachklub-bad-homburg.de\/?page_id=10404\" class=\"more-link\">...weiterlesen<span class=\"screen-reader-text\"> \"Monatsblitz 2018, Ausschreibung\"<\/span><\/a><\/p>\n","protected":false},"author":2,"featured_media":0,"parent":10402,"menu_order":1,"comment_status":"closed","ping_status":"closed","template":"","meta":{"footnotes":""},"class_list":["post-10404","page","type-page","status-publish","h-entry","hentry","h-as-page"],"_links":{"self":[{"href":"https:\/\/www.schachklub-bad-homburg.de\/index.php?rest_route=\/wp\/v2\/pages\/10404","targetHints":{"allow":["GET"]}}],"collection":[{"href":"https:\/\/www.schachklub-bad-homburg.de\/index.php?rest_route=\/wp\/v2\/pages"}],"about":[{"href":"https:\/\/www.schachklub-bad-homburg.de\/index.php?rest_route=\/wp\/v2\/types\/page"}],"author":[{"embeddable":true,"href":"https:\/\/www.schachklub-bad-homburg.de\/index.php?rest_route=\/wp\/v2\/users\/2"}],"replies":[{"embeddable":true,"href":"https:\/\/www.schachklub-bad-homburg.de\/index.php?rest_route=%2Fwp%2Fv2%2Fcomments&post=10404"}],"version-history":[{"count":8,"href":"https:\/\/www.schachklub-bad-homburg.de\/index.php?rest_route=\/wp\/v2\/pages\/10404\/revisions"}],"predecessor-version":[{"id":29034,"href":"https:\/\/www.schachklub-bad-homburg.de\/index.php?rest_route=\/wp\/v2\/pages\/10404\/revisions\/29034"}],"up":[{"embeddable":true,"href":"https:\/\/www.schachklub-bad-homburg.de\/index.php?rest_route=\/wp\/v2\/pages\/10402"}],"wp:attachment":[{"href":"https:\/\/www.schachklub-bad-homburg.de\/index.php?rest_route=%2Fwp%2Fv2%2Fmedia&parent=10404"}],"curies":[{"name":"wp","href":"https:\/\/api.w.org\/{rel}","templated":true}]}}