{"id":10040,"date":"2017-10-17T10:22:17","date_gmt":"2017-10-17T08:22:17","guid":{"rendered":"https:\/\/www.schachklub-bad-homburg.de\/?page_id=10040"},"modified":"2019-01-13T14:05:20","modified_gmt":"2019-01-13T13:05:20","slug":"turnier-simultan-2017-ausschreibung","status":"publish","type":"page","link":"https:\/\/www.schachklub-bad-homburg.de\/?page_id=10040","title":{"rendered":"Turnier-Simultan 2017, Ausschreibung"},"content":{"rendered":"<p><a href=\"http:\/\/www.schachklub-bad-homburg.de?p=10040\">Ausschreibung<\/a> \u00a0 <a href=\"http:\/\/www.schachklub-bad-homburg.de?p=10045\">Anmeldungen (alphabetisch)<\/a> \u00a0 <a href=\"http:\/\/www.schachklub-bad-homburg.de?p=10047\">Anmeldungen (DWZ)<\/a> \u00a0 <a href=\"http:\/\/www.schachklub-bad-homburg.de?p=10038\">Tabelle<\/a> \u00a0 <a href=\"http:\/\/www.schachklub-bad-homburg.de?p=30642\">Historie<\/a><\/p>\n<table>\n<tbody>\n<tr>\n<th align=\"top\" width=\"120\"><b><br \/>\nKurzinfo<\/b><\/th>\n<td align=\"top\"><b>Turnier-Simultan f\u00fcr 10 Teilnehmer<\/b>.<\/td>\n<\/tr>\n<tr>\n<th align=\"top\" width=\"120\"><b><br \/>\nTeilnehmer<\/b><\/th>\n<td align=\"top\"><b>Ausschlie\u00dflich Vereinsmitglieder<\/b> sind teilnahmeberechtigt.<\/td>\n<\/tr>\n<tr>\n<th align=\"top\" width=\"120\"><b><br \/>\nTurniermodus<\/b><\/th>\n<td align=\"top\">Bis zu <b>10<\/b> Teilnehmer spielen <b>gleichzeitig<\/b> gegeneinander<br \/>\nan jeweils einem Brett mit separater Uhr. F\u00fcr einen Sieg erh\u00e4lt<br \/>\nman <b>3 Punkte<\/b>, f\u00fcr ein Unentschieden <b>1 Punkt<\/b> und f\u00fcr eine<br \/>\nNiederlage keinen Punkt.<\/p>\n<p>Das Turnier wird an einem Abend ausgetragen. Genauere Instruktionen \u00fcber die Brettfolge, Verhaltensregeln etc. werden den Teilnehmern unmittelbar zu Beginn mitgeteilt.<\/td>\n<\/tr>\n<tr>\n<th align=\"top\" width=\"120\"><b><br \/>\nBedenkzeit <\/b><\/th>\n<td align=\"top\">Die Bedenkzeit betr\u00e4gt <b>90 Minuten zuz\u00fcglich 30 Sekunden je Zug (Fischer)<\/b> an jedem Brett. Die Bedenkzeit eines Spielers kann dadurch an mehreren Brettern gleichzeitig laufen.<\/td>\n<\/tr>\n<tr>\n<th align=\"top\" width=\"120\"><b><br \/>\nSpielort<\/b><\/th>\n<td align=\"top\">Es wird am 10.11.2017 im Vereinshaus Gonzenheim in Bad Homburg gespielt (<a href=\"https:\/\/www.schachklub-bad-homburg.de\/?page_id=3776\">Anfahrtskizze<\/a>).<\/td>\n<\/tr>\n<tr>\n<th align=\"top\" width=\"120\"><b><br \/>\nMeldeschluss <\/b><\/th>\n<td align=\"top\">Meldeschluss ist am <b>07.11.2017 um 24:00 Uhr<\/b>.Da nur maximal 10 Teilnehmer m\u00f6glich sind, gelten <b>bis zum 27.10.2017 die DWZ-F\u00fchrenden<\/b> der bis dahin Gemeldeten als spielberechtigt; \u00a0danach gilt ggf. die Reihenfolge der Anmeldung.<br \/>\nHaben meldende Spieler <b>keine DWZ<\/b>, wird diese durch den<br \/>\nTurnierleiter <b>gesch\u00e4tzt.\u00a0<\/b><\/p>\n<p>Wer durch die Beschr\u00e4nkung der Teilnehmer nicht zum Zuge kommt, hat f\u00fcr \u00e4hnliche Folgeveranstaltungen dann ein Vorrecht.<\/p>\n<p><b>Spielbeginn ist am 10.11.2017 um 20:00 Uhr<\/b>.<\/td>\n<\/tr>\n<tr>\n<th align=\"top\" width=\"120\"><b><br \/>\nPreise <\/b><\/th>\n<td align=\"top\">Die ersten 3 erhalten eine Urkunde direkt im Anschlu\u00df an das<br \/>\nTurnier. Punktgleiche belegen gemeinsam die entsprechend geteilten Pl\u00e4tze.<\/td>\n<\/tr>\n<tr>\n<th align=\"top\" width=\"120\"><b><br \/>\nStart-, Reuegeld <\/b><\/th>\n<td align=\"top\">Es wird kein Startgeld und kein Reuegeld erhoben.<\/td>\n<\/tr>\n<tr>\n<th align=\"top\" width=\"120\"><b><br \/>\nInfo-Dienst <\/b><\/th>\n<td align=\"top\">\u00dcber dieses Turnier wird aktuell im Internet und per Aushang berichtet.<br \/>\nAlle das Turnier betreffende Informationen werden ausschlie\u00dflich so ver\u00f6ffentlicht.<\/td>\n<\/tr>\n<tr>\n<th align=\"top\" width=\"120\"><b><br \/>\nVeranstalter <\/b><\/th>\n<td align=\"top\">Der <a href=\"http:\/\/www.schachklub-bad-homburg.de\">Schachklub Bad Homburg<\/a> ist der Veranstalter dieses Turniers.<\/td>\n<\/tr>\n<tr>\n<th align=\"top\" width=\"120\"><b><br \/>\nFragen? <\/b><\/th>\n<td align=\"top\">Eine E-Mail an den <a href=\"mailto:turnierleiter@schachklub-bad-homburg.de\">Organisator<\/a> wird kurzfristig beantwortet.<\/td>\n<\/tr>\n<\/tbody>\n<\/table>\n","protected":false},"excerpt":{"rendered":"<p>Ausschreibung \u00a0 Anmeldungen (alphabetisch) \u00a0 Anmeldungen (DWZ) \u00a0 Tabelle \u00a0 Historie Kurzinfo Turnier-Simultan f\u00fcr 10 Teilnehmer. Teilnehmer Ausschlie\u00dflich Vereinsmitglieder sind teilnahmeberechtigt. Turniermodus Bis zu 10 Teilnehmer spielen gleichzeitig gegeneinander an jeweils einem Brett mit separater Uhr. F\u00fcr einen Sieg erh\u00e4lt man 3 Punkte, f\u00fcr ein Unentschieden 1 Punkt und f\u00fcr eine Niederlage keinen Punkt. Das <a href=\"https:\/\/www.schachklub-bad-homburg.de\/?page_id=10040\" class=\"more-link\">...weiterlesen<span class=\"screen-reader-text\"> \"Turnier-Simultan 2017, Ausschreibung\"<\/span><\/a><\/p>\n","protected":false},"author":2,"featured_media":0,"parent":10038,"menu_order":2,"comment_status":"closed","ping_status":"closed","template":"","meta":{"footnotes":""},"class_list":["post-10040","page","type-page","status-publish","h-entry","hentry","h-as-page"],"_links":{"self":[{"href":"https:\/\/www.schachklub-bad-homburg.de\/index.php?rest_route=\/wp\/v2\/pages\/10040","targetHints":{"allow":["GET"]}}],"collection":[{"href":"https:\/\/www.schachklub-bad-homburg.de\/index.php?rest_route=\/wp\/v2\/pages"}],"about":[{"href":"https:\/\/www.schachklub-bad-homburg.de\/index.php?rest_route=\/wp\/v2\/types\/page"}],"author":[{"embeddable":true,"href":"https:\/\/www.schachklub-bad-homburg.de\/index.php?rest_route=\/wp\/v2\/users\/2"}],"replies":[{"embeddable":true,"href":"https:\/\/www.schachklub-bad-homburg.de\/index.php?rest_route=%2Fwp%2Fv2%2Fcomments&post=10040"}],"version-history":[{"count":7,"href":"https:\/\/www.schachklub-bad-homburg.de\/index.php?rest_route=\/wp\/v2\/pages\/10040\/revisions"}],"predecessor-version":[{"id":13334,"href":"https:\/\/www.schachklub-bad-homburg.de\/index.php?rest_route=\/wp\/v2\/pages\/10040\/revisions\/13334"}],"up":[{"embeddable":true,"href":"https:\/\/www.schachklub-bad-homburg.de\/index.php?rest_route=\/wp\/v2\/pages\/10038"}],"wp:attachment":[{"href":"https:\/\/www.schachklub-bad-homburg.de\/index.php?rest_route=%2Fwp%2Fv2%2Fmedia&parent=10040"}],"curies":[{"name":"wp","href":"https:\/\/api.w.org\/{rel}","templated":true}]}}